{"id":4429,"date":"2022-12-06T16:47:55","date_gmt":"2022-12-06T16:47:55","guid":{"rendered":"https:\/\/telefonulcopilului.md\/?page_id=4429"},"modified":"2023-01-17T11:08:05","modified_gmt":"2023-01-17T11:08:05","slug":"abuzul-sexual-online","status":"publish","type":"page","link":"https:\/\/telefonulcopilului.md\/ru\/altele\/abuzul-sexual-online\/","title":{"rendered":"\u0421\u0435\u043a\u0441\u0443\u0430\u043b\u044c\u043d\u043e\u0435 \u043d\u0430\u0441\u0438\u043b\u0438\u0435 \u0432 \u0438\u043d\u0442\u0435\u0440\u043d\u0435\u0442\u0435"},"content":{"rendered":"<div data-elementor-type=\"wp-post\" data-elementor-id=\"4429\" class=\"elementor elementor-4429\" data-elementor-post-type=\"page\">\n\t\t\t\t\t\t<section class=\"elementor-section elementor-top-section elementor-element elementor-element-9661d79 elementor-section-boxed elementor-section-height-default elementor-section-height-default\" data-id=\"9661d79\" data-element_type=\"section\">\n\t\t\t\t\t\t<div class=\"elementor-container elementor-column-gap-default\">\n\t\t\t\t\t<div class=\"elementor-column elementor-col-50 elementor-top-column elementor-element elementor-element-b313ec1\" data-id=\"b313ec1\" data-element_type=\"column\">\n\t\t\t<div class=\"elementor-widget-wrap elementor-element-populated\">\n\t\t\t\t\t\t<div class=\"elementor-element elementor-element-a8912b2 elementor-widget elementor-widget-text-editor\" data-id=\"a8912b2\" data-element_type=\"widget\" data-widget_type=\"text-editor.default\">\n\t\t\t\t<div class=\"elementor-widget-container\">\n\t\t\t\t\t\t\t<p>\u0421\u0435\u043a\u0441\u0443\u0430\u043b\u044c\u043d\u043e\u0435 \u043d\u0430\u0441\u0438\u043b\u0438\u0435 \u0432 \u0441\u0435\u0442\u0438 \u043f\u0440\u043e\u0438\u0441\u0445\u043e\u0434\u0438\u0442, \u043a\u043e\u0433\u0434\u0430: \u0440\u0435\u0431\u0435\u043d\u043e\u043a \u043f\u043e\u043b\u0443\u0447\u0430\u0435\u0442 \u0441\u043e\u043e\u0431\u0449\u0435\u043d\u0438\u044f \u0441 \u0441\u0435\u043a\u0441\u0443\u0430\u043b\u044c\u043d\u044b\u043c\u0438 \u043a\u043e\u043c\u043f\u043b\u0438\u043c\u0435\u043d\u0442\u0430\u043c\u0438 \u0438\u043b\u0438 \u043d\u0435\u043f\u0440\u0438\u0441\u0442\u043e\u0439\u043d\u044b\u043c\u0438 \u043f\u0440\u0435\u0434\u043b\u043e\u0436\u0435\u043d\u0438\u044f\u043c\u0438; \u0440\u0435\u0431\u0435\u043d\u043a\u0443 \u043f\u0440\u0435\u0434\u043b\u0430\u0433\u0430\u0435\u0442\u0441\u044f \u043f\u043e\u043e\u0431\u0449\u0430\u0442\u044c\u0441\u044f \u0432 \u0447\u0430\u0441\u0442\u043d\u043e\u043c \u043f\u043e\u0440\u044f\u0434\u043a\u0435; \u043f\u043e\u043b\u0443\u0447\u0430\u0435\u0442 \u0444\u043e\u0442\u043e\u0433\u0440\u0430\u0444\u0438\u0438 \u0438\u043b\u0438 \u0432\u0438\u0434\u0435\u043e, \u043d\u0430 \u043a\u043e\u0442\u043e\u0440\u044b\u0445 \u043a\u0442\u043e-\u0442\u043e \u043f\u043e\u044f\u0432\u043b\u044f\u0435\u0442\u0441\u044f \u0431\u0435\u0437 \u043e\u0434\u0435\u0436\u0434\u044b, \u0438\u043c\u0438\u0442\u0438\u0440\u0443\u0435\u0442 \u0441\u0435\u043a\u0441\u0443\u0430\u043b\u044c\u043d\u044b\u0435 \u0441\u0446\u0435\u043d\u044b \u0438\u043b\u0438 \u0443\u0447\u0430\u0441\u0442\u0432\u0443\u0435\u0442 \u0432 \u043d\u0438\u0445; \u0440\u0435\u043a\u043e\u043c\u0435\u043d\u0434\u0443\u0435\u0442\u0441\u044f \u0444\u043e\u0442\u043e\u0433\u0440\u0430\u0444\u0438\u0440\u043e\u0432\u0430\u0442\u044c \u0438\u043b\u0438 \u0441\u043d\u0438\u043c\u0430\u0442\u044c \u0441\u0435\u0431\u044f \u0432 \u043d\u0438\u0436\u043d\u0435\u043c \u0431\u0435\u043b\u044c\u0435 \u0438\u043b\u0438 \u043e\u0431\u043d\u0430\u0436\u0435\u043d\u043d\u044b\u043c; \u043f\u043e\u043b\u0443\u0447\u0430\u0435\u0442 \u043a\u0440\u0430\u0441\u0438\u0432\u044b\u0435 \u0438 \u0437\u0430\u043c\u0430\u043d\u0447\u0438\u0432\u044b\u0435 \u043f\u0440\u0435\u0434\u043b\u043e\u0436\u0435\u043d\u0438\u044f, \u0434\u043e\u0440\u043e\u0433\u0438\u0435 \u043f\u043e\u0434\u0430\u0440\u043a\u0438 \u0438\u043b\u0438 \u0434\u0435\u043d\u044c\u0433\u0438 \u0432 \u043e\u0431\u043c\u0435\u043d \u043d\u0430 \u0444\u043e\u0442\u043e \u0438\u043b\u0438 \u0432\u0438\u0434\u0435\u043e, \u043d\u0430 \u043a\u043e\u0442\u043e\u0440\u044b\u0445 \u043e\u043d\u0438 \u043f\u0440\u0435\u0434\u0441\u0442\u0430\u044e\u0442 \u0432 \u043d\u0438\u0436\u043d\u0435\u043c \u0431\u0435\u043b\u044c\u0435 \u0438\u043b\u0438 \u0440\u0430\u0437\u0434\u0435\u0432\u0430\u044e\u0442\u0441\u044f; \u043f\u043e\u043b\u0443\u0447\u0430\u0442\u044c \u043f\u0440\u0438\u0433\u043b\u0430\u0448\u0435\u043d\u0438\u044f \u0438 \u043f\u043e\u0434\u0430\u0440\u043a\u0438 \u0434\u043b\u044f \u0443\u0447\u0430\u0441\u0442\u0438\u044f \u0432 \u043e\u0444\u043b\u0430\u0439\u043d-\u0432\u0441\u0442\u0440\u0435\u0447\u0435.<\/p><p>\u0412\u044b \u043c\u043e\u0436\u0435\u0442\u0435 \u0437\u0430\u0449\u0438\u0442\u0438\u0442\u044c \u0441\u0435\u0431\u044f:<\/p><p>\u041d\u0415 \u043e\u0442\u0432\u0435\u0447\u0430\u0439\u0442\u0435 \u043d\u0430 \u0441\u043e\u043e\u0431\u0449\u0435\u043d\u0438\u044f \u043e\u0442 \u043b\u044e\u0434\u0435\u0439, \u043a\u043e\u0442\u043e\u0440\u044b\u0445 \u0432\u044b \u043d\u0435 \u0437\u043d\u0430\u0435\u0442\u0435 \u0432 \u0440\u0435\u0430\u043b\u044c\u043d\u043e\u0439 \u0436\u0438\u0437\u043d\u0438.<\/p><p>\u041d\u0415 \u0441\u043e\u0433\u043b\u0430\u0448\u0430\u0439\u0442\u0435\u0441\u044c \u043e\u0431\u0441\u0443\u0436\u0434\u0430\u0442\u044c \u043b\u0438\u0447\u043d\u044b\u0435 \u0434\u0435\u043b\u0430 \u043e\u043d\u043b\u0430\u0439\u043d.<\/p><p>\u041d\u0415 \u043f\u0435\u0440\u0435\u0445\u043e\u0434\u0438\u0442\u0435 \u043a \u0441\u0441\u044b\u043b\u043a\u0430\u043c, \u0444\u0430\u0439\u043b\u0430\u043c, \u0444\u043e\u0442\u043e\u0433\u0440\u0430\u0444\u0438\u044f\u043c \u0438\u043b\u0438 \u0432\u0438\u0434\u0435\u043e, \u043f\u043e\u043b\u0443\u0447\u0435\u043d\u043d\u044b\u043c \u0432 \u0418\u043d\u0442\u0435\u0440\u043d\u0435\u0442\u0435.<\/p><p>\u041d\u0415 \u0444\u043e\u0442\u043e\u0433\u0440\u0430\u0444\u0438\u0440\u0443\u0439\u0442\u0435\/\u0441\u043d\u0438\u043c\u0430\u0439\u0442\u0435 \u0441\u0435\u0431\u044f \u0432 \u043d\u0438\u0436\u043d\u0435\u043c \u0431\u0435\u043b\u044c\u0435 \u0438\u043b\u0438 \u0431\u0435\u0437 \u043e\u0434\u0435\u0436\u0434\u044b.<\/p><p>\u041d\u0415 \u043f\u0440\u0438\u043d\u0438\u043c\u0430\u0439\u0442\u0435 \u0437\u0430\u043c\u0430\u043d\u0447\u0438\u0432\u044b\u0445 \u043f\u0440\u0435\u0434\u043b\u043e\u0436\u0435\u043d\u0438\u0439 \u0438\u043b\u0438 \u0434\u043e\u0440\u043e\u0433\u0438\u0445 \u043f\u043e\u0434\u0430\u0440\u043a\u043e\u0432.<\/p><p>\u041d\u0415 \u0441\u043e\u0433\u043b\u0430\u0448\u0430\u0439\u0442\u0435\u0441\u044c \u0432\u0441\u0442\u0440\u0435\u0447\u0430\u0442\u044c\u0441\u044f \u0441 \u043b\u044e\u0434\u044c\u043c\u0438, \u043a\u043e\u0442\u043e\u0440\u044b\u0445 \u0432\u044b \u0437\u043d\u0430\u0435\u0442\u0435, \u043e\u043d\u043b\u0430\u0439\u043d \u043e\u0444\u043b\u0430\u0439\u043d.<\/p>\t\t\t\t\t\t<\/div>\n\t\t\t\t<\/div>\n\t\t\t\t\t<\/div>\n\t\t<\/div>\n\t\t\t\t<div class=\"elementor-column elementor-col-50 elementor-top-column elementor-element elementor-element-b3e3bb8\" data-id=\"b3e3bb8\" data-element_type=\"column\">\n\t\t\t<div class=\"elementor-widget-wrap elementor-element-populated\">\n\t\t\t\t\t\t<div class=\"elementor-element elementor-element-5dc62f6 elementor-widget elementor-widget-image\" data-id=\"5dc62f6\" data-element_type=\"widget\" data-widget_type=\"image.default\">\n\t\t\t\t<div class=\"elementor-widget-container\">\n\t\t\t\t\t\t\t\t\t\t\t\t\t<img fetchpriority=\"high\" decoding=\"async\" width=\"1000\" height=\"800\" src=\"https:\/\/telefonulcopilului.md\/wp-content\/uploads\/2022\/12\/internet-nasilie.png\" class=\"attachment-full size-full wp-image-4431\" alt=\"\" srcset=\"https:\/\/telefonulcopilului.md\/wp-content\/uploads\/2022\/12\/internet-nasilie.png 1000w, https:\/\/telefonulcopilului.md\/wp-content\/uploads\/2022\/12\/internet-nasilie-300x240.png 300w, https:\/\/telefonulcopilului.md\/wp-content\/uploads\/2022\/12\/internet-nasilie-768x614.png 768w\" sizes=\"(max-width: 1000px) 100vw, 1000px\" \/>\t\t\t\t\t\t\t\t\t\t\t\t\t<\/div>\n\t\t\t\t<\/div>\n\t\t\t\t\t<\/div>\n\t\t<\/div>\n\t\t\t\t\t<\/div>\n\t\t<\/section>\n\t\t\t\t<\/div>","protected":false},"excerpt":{"rendered":"<p>Abuzul sexual online se \u00eent\u00eempl\u0103 c\u00e2nd: un copil prime\u015fte mesaje cu complimente sexuale sau propuneri indecente; un copil este invitat sa discute \u00een privat; prime\u015fte fotografii sau video \u00een care cineva apare f\u0103r\u0103 haine, imit\u0103 sau particip\u0103 \u00een scene sexuale; este \u00eendemnat s\u0103 se fotografieze sau s\u0103 se filmeze \u00een lenjerie sau dezbr\u0103cat(\u0103); prime\u0219te propuneri [&hellip;]<\/p>","protected":false},"author":1,"featured_media":0,"parent":3769,"menu_order":0,"comment_status":"closed","ping_status":"closed","template":"","meta":{"inline_featured_image":false,"footnotes":""},"class_list":["post-4429","page","type-page","status-publish","hentry"],"yoast_head":"<!-- This site is optimized with the Yoast SEO Premium plugin v22.1 (Yoast SEO v22.4) - https:\/\/yoast.com\/wordpress\/plugins\/seo\/ -->\n<title>Abuzul sexual online - Telefonul Copilului<\/title>\n<meta name=\"robots\" content=\"index, follow, max-snippet:-1, max-image-preview:large, max-video-preview:-1\" \/>\n<link rel=\"canonical\" href=\"https:\/\/telefonulcopilului.md\/ru\/altele\/abuzul-sexual-online\/\" \/>\n<meta property=\"og:locale\" content=\"ru_RU\" \/>\n<meta property=\"og:type\" content=\"article\" \/>\n<meta property=\"og:title\" content=\"Abuzul sexual online\" \/>\n<meta property=\"og:description\" content=\"Abuzul sexual online se \u00eent\u00eempl\u0103 c\u00e2nd: un copil prime\u015fte mesaje cu complimente sexuale sau propuneri indecente; un copil este invitat sa discute \u00een privat; prime\u015fte fotografii sau video \u00een care cineva apare f\u0103r\u0103 haine, imit\u0103 sau particip\u0103 \u00een scene sexuale; este \u00eendemnat s\u0103 se fotografieze sau s\u0103 se filmeze \u00een lenjerie sau dezbr\u0103cat(\u0103); prime\u0219te propuneri [&hellip;]\" \/>\n<meta property=\"og:url\" content=\"https:\/\/telefonulcopilului.md\/ru\/altele\/abuzul-sexual-online\/\" \/>\n<meta property=\"og:site_name\" content=\"Telefonul Copilului\" \/>\n<meta property=\"article:modified_time\" content=\"2023-01-17T11:08:05+00:00\" \/>\n<meta property=\"og:image\" content=\"https:\/\/telefonulcopilului.md\/wp-content\/uploads\/2022\/12\/internet-nasilie.png\" \/>\n<meta name=\"twitter:card\" content=\"summary_large_image\" \/>\n<meta name=\"twitter:label1\" content=\"\u041f\u0440\u0438\u043c\u0435\u0440\u043d\u043e\u0435 \u0432\u0440\u0435\u043c\u044f \u0434\u043b\u044f \u0447\u0442\u0435\u043d\u0438\u044f\" \/>\n\t<meta name=\"twitter:data1\" content=\"2 \u043c\u0438\u043d\u0443\u0442\u044b\" \/>\n<script type=\"application\/ld+json\" class=\"yoast-schema-graph\">{\"@context\":\"https:\/\/schema.org\",\"@graph\":[{\"@type\":\"WebPage\",\"@id\":\"https:\/\/telefonulcopilului.md\/altele\/abuzul-sexual-online\/\",\"url\":\"https:\/\/telefonulcopilului.md\/altele\/abuzul-sexual-online\/\",\"name\":\"Abuzul sexual online - Telefonul Copilului\",\"isPartOf\":{\"@id\":\"https:\/\/telefonulcopilului.md\/#website\"},\"primaryImageOfPage\":{\"@id\":\"https:\/\/telefonulcopilului.md\/altele\/abuzul-sexual-online\/#primaryimage\"},\"image\":{\"@id\":\"https:\/\/telefonulcopilului.md\/altele\/abuzul-sexual-online\/#primaryimage\"},\"thumbnailUrl\":\"https:\/\/telefonulcopilului.md\/wp-content\/uploads\/2022\/12\/internet-nasilie.png\",\"datePublished\":\"2022-12-06T16:47:55+00:00\",\"dateModified\":\"2023-01-17T11:08:05+00:00\",\"breadcrumb\":{\"@id\":\"https:\/\/telefonulcopilului.md\/altele\/abuzul-sexual-online\/#breadcrumb\"},\"inLanguage\":\"ru-RU\",\"potentialAction\":[{\"@type\":\"ReadAction\",\"target\":[\"https:\/\/telefonulcopilului.md\/altele\/abuzul-sexual-online\/\"]}]},{\"@type\":\"ImageObject\",\"inLanguage\":\"ru-RU\",\"@id\":\"https:\/\/telefonulcopilului.md\/altele\/abuzul-sexual-online\/#primaryimage\",\"url\":\"https:\/\/telefonulcopilului.md\/wp-content\/uploads\/2022\/12\/internet-nasilie.png\",\"contentUrl\":\"https:\/\/telefonulcopilului.md\/wp-content\/uploads\/2022\/12\/internet-nasilie.png\"},{\"@type\":\"BreadcrumbList\",\"@id\":\"https:\/\/telefonulcopilului.md\/altele\/abuzul-sexual-online\/#breadcrumb\",\"itemListElement\":[{\"@type\":\"ListItem\",\"position\":1,\"name\":\"Home\",\"item\":\"https:\/\/telefonulcopilului.md\/\"},{\"@type\":\"ListItem\",\"position\":2,\"name\":\"Altele\",\"item\":\"https:\/\/telefonulcopilului.md\/altele\/\"},{\"@type\":\"ListItem\",\"position\":3,\"name\":\"Abuzul sexual online\"}]},{\"@type\":\"WebSite\",\"@id\":\"https:\/\/telefonulcopilului.md\/#website\",\"url\":\"https:\/\/telefonulcopilului.md\/\",\"name\":\"Telefonul Copilului\",\"description\":\"116 111\",\"potentialAction\":[{\"@type\":\"SearchAction\",\"target\":{\"@type\":\"EntryPoint\",\"urlTemplate\":\"https:\/\/telefonulcopilului.md\/?s={search_term_string}\"},\"query-input\":\"required name=search_term_string\"}],\"inLanguage\":\"ru-RU\"}]}<\/script>\n<!-- \/ Yoast SEO Premium plugin. -->","yoast_head_json":{"title":"Abuzul sexual online - Telefonul Copilului","robots":{"index":"index","follow":"follow","max-snippet":"max-snippet:-1","max-image-preview":"max-image-preview:large","max-video-preview":"max-video-preview:-1"},"canonical":"https:\/\/telefonulcopilului.md\/ru\/altele\/abuzul-sexual-online\/","og_locale":"ru_RU","og_type":"article","og_title":"Abuzul sexual online","og_description":"Abuzul sexual online se \u00eent\u00eempl\u0103 c\u00e2nd: un copil prime\u015fte mesaje cu complimente sexuale sau propuneri indecente; un copil este invitat sa discute \u00een privat; prime\u015fte fotografii sau video \u00een care cineva apare f\u0103r\u0103 haine, imit\u0103 sau particip\u0103 \u00een scene sexuale; este \u00eendemnat s\u0103 se fotografieze sau s\u0103 se filmeze \u00een lenjerie sau dezbr\u0103cat(\u0103); prime\u0219te propuneri [&hellip;]","og_url":"https:\/\/telefonulcopilului.md\/ru\/altele\/abuzul-sexual-online\/","og_site_name":"Telefonul Copilului","article_modified_time":"2023-01-17T11:08:05+00:00","og_image":[{"url":"https:\/\/telefonulcopilului.md\/wp-content\/uploads\/2022\/12\/internet-nasilie.png"}],"twitter_card":"summary_large_image","twitter_misc":{"\u041f\u0440\u0438\u043c\u0435\u0440\u043d\u043e\u0435 \u0432\u0440\u0435\u043c\u044f \u0434\u043b\u044f \u0447\u0442\u0435\u043d\u0438\u044f":"2 \u043c\u0438\u043d\u0443\u0442\u044b"},"schema":{"@context":"https:\/\/schema.org","@graph":[{"@type":"WebPage","@id":"https:\/\/telefonulcopilului.md\/altele\/abuzul-sexual-online\/","url":"https:\/\/telefonulcopilului.md\/altele\/abuzul-sexual-online\/","name":"Abuzul sexual online - Telefonul Copilului","isPartOf":{"@id":"https:\/\/telefonulcopilului.md\/#website"},"primaryImageOfPage":{"@id":"https:\/\/telefonulcopilului.md\/altele\/abuzul-sexual-online\/#primaryimage"},"image":{"@id":"https:\/\/telefonulcopilului.md\/altele\/abuzul-sexual-online\/#primaryimage"},"thumbnailUrl":"https:\/\/telefonulcopilului.md\/wp-content\/uploads\/2022\/12\/internet-nasilie.png","datePublished":"2022-12-06T16:47:55+00:00","dateModified":"2023-01-17T11:08:05+00:00","breadcrumb":{"@id":"https:\/\/telefonulcopilului.md\/altele\/abuzul-sexual-online\/#breadcrumb"},"inLanguage":"ru-RU","potentialAction":[{"@type":"ReadAction","target":["https:\/\/telefonulcopilului.md\/altele\/abuzul-sexual-online\/"]}]},{"@type":"ImageObject","inLanguage":"ru-RU","@id":"https:\/\/telefonulcopilului.md\/altele\/abuzul-sexual-online\/#primaryimage","url":"https:\/\/telefonulcopilului.md\/wp-content\/uploads\/2022\/12\/internet-nasilie.png","contentUrl":"https:\/\/telefonulcopilului.md\/wp-content\/uploads\/2022\/12\/internet-nasilie.png"},{"@type":"BreadcrumbList","@id":"https:\/\/telefonulcopilului.md\/altele\/abuzul-sexual-online\/#breadcrumb","itemListElement":[{"@type":"ListItem","position":1,"name":"Home","item":"https:\/\/telefonulcopilului.md\/"},{"@type":"ListItem","position":2,"name":"Altele","item":"https:\/\/telefonulcopilului.md\/altele\/"},{"@type":"ListItem","position":3,"name":"Abuzul sexual online"}]},{"@type":"WebSite","@id":"https:\/\/telefonulcopilului.md\/#website","url":"https:\/\/telefonulcopilului.md\/","name":"Telefonul Copilului","description":"116 111","potentialAction":[{"@type":"SearchAction","target":{"@type":"EntryPoint","urlTemplate":"https:\/\/telefonulcopilului.md\/?s={search_term_string}"},"query-input":"required name=search_term_string"}],"inLanguage":"ru-RU"}]}},"_links":{"self":[{"href":"https:\/\/telefonulcopilului.md\/ru\/wp-json\/wp\/v2\/pages\/4429","targetHints":{"allow":["GET"]}}],"collection":[{"href":"https:\/\/telefonulcopilului.md\/ru\/wp-json\/wp\/v2\/pages"}],"about":[{"href":"https:\/\/telefonulcopilului.md\/ru\/wp-json\/wp\/v2\/types\/page"}],"author":[{"embeddable":true,"href":"https:\/\/telefonulcopilului.md\/ru\/wp-json\/wp\/v2\/users\/1"}],"replies":[{"embeddable":true,"href":"https:\/\/telefonulcopilului.md\/ru\/wp-json\/wp\/v2\/comments?post=4429"}],"version-history":[{"count":0,"href":"https:\/\/telefonulcopilului.md\/ru\/wp-json\/wp\/v2\/pages\/4429\/revisions"}],"up":[{"embeddable":true,"href":"https:\/\/telefonulcopilului.md\/ru\/wp-json\/wp\/v2\/pages\/3769"}],"wp:attachment":[{"href":"https:\/\/telefonulcopilului.md\/ru\/wp-json\/wp\/v2\/media?parent=4429"}],"curies":[{"name":"wp","href":"https:\/\/api.w.org\/{rel}","templated":true}]}}