{"id":4423,"date":"2022-12-06T16:46:54","date_gmt":"2022-12-06T16:46:54","guid":{"rendered":"https:\/\/telefonulcopilului.md\/?page_id=4423"},"modified":"2023-01-17T11:06:37","modified_gmt":"2023-01-17T11:06:37","slug":"abuzul-sexual","status":"publish","type":"page","link":"https:\/\/telefonulcopilului.md\/ru\/altele\/abuzul-sexual\/","title":{"rendered":"\u0421\u0435\u043a\u0441\u0443\u0430\u043b\u044c\u043d\u043e\u0435 \u043d\u0430\u0441\u0438\u043b\u0438\u0435"},"content":{"rendered":"<div data-elementor-type=\"wp-post\" data-elementor-id=\"4423\" class=\"elementor elementor-4423\" data-elementor-post-type=\"page\">\n\t\t\t\t\t\t<section class=\"elementor-section elementor-top-section elementor-element elementor-element-9661d79 elementor-section-boxed elementor-section-height-default elementor-section-height-default\" data-id=\"9661d79\" data-element_type=\"section\">\n\t\t\t\t\t\t<div class=\"elementor-container elementor-column-gap-default\">\n\t\t\t\t\t<div class=\"elementor-column elementor-col-50 elementor-top-column elementor-element elementor-element-b313ec1\" data-id=\"b313ec1\" data-element_type=\"column\">\n\t\t\t<div class=\"elementor-widget-wrap elementor-element-populated\">\n\t\t\t\t\t\t<div class=\"elementor-element elementor-element-a8912b2 elementor-widget elementor-widget-text-editor\" data-id=\"a8912b2\" data-element_type=\"widget\" data-widget_type=\"text-editor.default\">\n\t\t\t\t<div class=\"elementor-widget-container\">\n\t\t\t\t\t\t\t<p>\u0421\u0435\u043a\u0441\u0443\u0430\u043b\u044c\u043d\u043e\u0435 \u043d\u0430\u0441\u0438\u043b\u0438\u0435 \u2014 \u044d\u0442\u043e \u043a\u043e\u0433\u0434\u0430 \u043a \u0434\u0435\u0442\u044f\u043c \u043f\u0440\u0438\u043a\u0430\u0441\u0430\u044e\u0442\u0441\u044f \u0442\u0430\u043a\u0438\u043c \u043e\u0431\u0440\u0430\u0437\u043e\u043c, \u0447\u0442\u043e \u044d\u0442\u043e \u0432\u044b\u0437\u044b\u0432\u0430\u0435\u0442 \u0443 \u043d\u0438\u0445 \u0434\u0438\u0441\u043a\u043e\u043c\u0444\u043e\u0440\u0442 \u0438 \u043e\u0442\u0432\u0440\u0430\u0449\u0435\u043d\u0438\u0435, \u043a\u043e\u0433\u0434\u0430 \u0438\u0445 \u043f\u0440\u0438\u043d\u0443\u0436\u0434\u0430\u044e\u0442 \u043a \u0441\u0435\u043a\u0441\u0443\u0430\u043b\u044c\u043d\u044b\u043c \u043e\u0442\u043d\u043e\u0448\u0435\u043d\u0438\u044f\u043c, \u043a \u043f\u0440\u043e\u0441\u043c\u043e\u0442\u0440\u0443 \u0438\u0437\u043e\u0431\u0440\u0430\u0436\u0435\u043d\u0438\u0439 \u0438\u043b\u0438 \u0444\u0438\u043b\u044c\u043c\u043e\u0432 \u0441\u0435\u043a\u0441\u0443\u0430\u043b\u044c\u043d\u043e\u0433\u043e \u0441\u043e\u0434\u0435\u0440\u0436\u0430\u043d\u0438\u044f \u0438\u043b\u0438 \u043a\u043e\u0433\u0434\u0430 \u0438\u0445 \u0437\u0430\u0441\u0442\u0430\u0432\u043b\u044f\u044e\u0442 \u0441\u043c\u043e\u0442\u0440\u0435\u0442\u044c, \u043a\u0430\u0441\u0430\u0442\u044c\u0441\u044f \u0434\u0440\u0443\u0433\u0438\u0445 \u043f\u043e\u043b\u043e\u0432\u044b\u0445 \u043e\u0440\u0433\u0430\u043d\u043e\u0432. \u0420\u0435\u0431\u0435\u043d\u043e\u043a, \u043f\u043e\u0434\u0432\u0435\u0440\u0433\u0448\u0438\u0439\u0441\u044f \u0441\u0435\u043a\u0441\u0443\u0430\u043b\u044c\u043d\u043e\u043c\u0443 \u043d\u0430\u0441\u0438\u043b\u0438\u044e, \u0431\u0443\u0434\u0435\u0442 \u0438\u0441\u043f\u044b\u0442\u044b\u0432\u0430\u0442\u044c \u0447\u0443\u0432\u0441\u0442\u0432\u0430: \u0432\u0438\u043d\u044b, \u0431\u0435\u0441\u043f\u043e\u043c\u043e\u0449\u043d\u043e\u0441\u0442\u0438, \u0441\u0438\u043b\u044c\u043d\u043e\u0439 (\u0432\u043d\u0443\u0442\u0440\u0435\u043d\u043d\u0435\u0439) \u0431\u043e\u043b\u0438, \u0441\u0442\u0440\u0430\u0445\u0430, \u0441\u0442\u044b\u0434\u0430, \u043f\u0440\u0435\u0434\u0430\u0442\u0435\u043b\u044c\u0441\u0442\u0432\u0430 \u0438 \u0434\u0440.<\/p>\t\t\t\t\t\t<\/div>\n\t\t\t\t<\/div>\n\t\t\t\t\t<\/div>\n\t\t<\/div>\n\t\t\t\t<div class=\"elementor-column elementor-col-50 elementor-top-column elementor-element elementor-element-b3e3bb8\" data-id=\"b3e3bb8\" data-element_type=\"column\">\n\t\t\t<div class=\"elementor-widget-wrap elementor-element-populated\">\n\t\t\t\t\t\t<div class=\"elementor-element elementor-element-5dc62f6 elementor-widget elementor-widget-image\" data-id=\"5dc62f6\" data-element_type=\"widget\" data-widget_type=\"image.default\">\n\t\t\t\t<div class=\"elementor-widget-container\">\n\t\t\t\t\t\t\t\t\t\t\t\t\t<img fetchpriority=\"high\" decoding=\"async\" width=\"1000\" height=\"800\" src=\"https:\/\/telefonulcopilului.md\/wp-content\/uploads\/2022\/12\/sexualinoe-nasilie-1.png\" class=\"attachment-full size-full wp-image-4425\" alt=\"\" srcset=\"https:\/\/telefonulcopilului.md\/wp-content\/uploads\/2022\/12\/sexualinoe-nasilie-1.png 1000w, https:\/\/telefonulcopilului.md\/wp-content\/uploads\/2022\/12\/sexualinoe-nasilie-1-300x240.png 300w, https:\/\/telefonulcopilului.md\/wp-content\/uploads\/2022\/12\/sexualinoe-nasilie-1-768x614.png 768w\" sizes=\"(max-width: 1000px) 100vw, 1000px\" \/>\t\t\t\t\t\t\t\t\t\t\t\t\t<\/div>\n\t\t\t\t<\/div>\n\t\t\t\t\t<\/div>\n\t\t<\/div>\n\t\t\t\t\t<\/div>\n\t\t<\/section>\n\t\t\t\t<\/div>","protected":false},"excerpt":{"rendered":"<p>Abuzul sexual este atunci c\u00e2nd copiii sunt atin\u0219i \u00eentr-un mod care le produce nepl\u0103cere \u0219i dezgust, c\u00e2nd sunt obliga\u021bi s\u0103 \u00eentre\u021bin\u0103 rela\u021bii sexuale, s\u0103 priveasc\u0103 imagini sau filme cu con\u021binut sexual sau c\u00e2nd sunt impu\u0219i s\u0103 priveasc\u0103, s\u0103 ating\u0103 alte p\u0103r\u021bi intime. Un copil supus abuzului sexual va tr\u0103i sentimente de: vinov\u0103\u021bie, neajutorare, durere puternic\u0103 [&hellip;]<\/p>","protected":false},"author":1,"featured_media":0,"parent":3769,"menu_order":0,"comment_status":"closed","ping_status":"closed","template":"","meta":{"inline_featured_image":false,"footnotes":""},"class_list":["post-4423","page","type-page","status-publish","hentry"],"yoast_head":"<!-- This site is optimized with the Yoast SEO Premium plugin v22.1 (Yoast SEO v22.4) - https:\/\/yoast.com\/wordpress\/plugins\/seo\/ -->\n<title>Abuzul sexual - Telefonul Copilului<\/title>\n<meta name=\"robots\" content=\"index, follow, max-snippet:-1, max-image-preview:large, max-video-preview:-1\" \/>\n<link rel=\"canonical\" href=\"https:\/\/telefonulcopilului.md\/ru\/altele\/abuzul-sexual\/\" \/>\n<meta property=\"og:locale\" content=\"ru_RU\" \/>\n<meta property=\"og:type\" content=\"article\" \/>\n<meta property=\"og:title\" content=\"Abuzul sexual\" \/>\n<meta property=\"og:description\" content=\"Abuzul sexual este atunci c\u00e2nd copiii sunt atin\u0219i \u00eentr-un mod care le produce nepl\u0103cere \u0219i dezgust, c\u00e2nd sunt obliga\u021bi s\u0103 \u00eentre\u021bin\u0103 rela\u021bii sexuale, s\u0103 priveasc\u0103 imagini sau filme cu con\u021binut sexual sau c\u00e2nd sunt impu\u0219i s\u0103 priveasc\u0103, s\u0103 ating\u0103 alte p\u0103r\u021bi intime. Un copil supus abuzului sexual va tr\u0103i sentimente de: vinov\u0103\u021bie, neajutorare, durere puternic\u0103 [&hellip;]\" \/>\n<meta property=\"og:url\" content=\"https:\/\/telefonulcopilului.md\/ru\/altele\/abuzul-sexual\/\" \/>\n<meta property=\"og:site_name\" content=\"Telefonul Copilului\" \/>\n<meta property=\"article:modified_time\" content=\"2023-01-17T11:06:37+00:00\" \/>\n<meta property=\"og:image\" content=\"https:\/\/telefonulcopilului.md\/wp-content\/uploads\/2022\/12\/sexualinoe-nasilie-1.png\" \/>\n<meta name=\"twitter:card\" content=\"summary_large_image\" \/>\n<meta name=\"twitter:label1\" content=\"\u041f\u0440\u0438\u043c\u0435\u0440\u043d\u043e\u0435 \u0432\u0440\u0435\u043c\u044f \u0434\u043b\u044f \u0447\u0442\u0435\u043d\u0438\u044f\" \/>\n\t<meta name=\"twitter:data1\" content=\"1 \u043c\u0438\u043d\u0443\u0442\u0430\" \/>\n<script type=\"application\/ld+json\" class=\"yoast-schema-graph\">{\"@context\":\"https:\/\/schema.org\",\"@graph\":[{\"@type\":\"WebPage\",\"@id\":\"https:\/\/telefonulcopilului.md\/altele\/abuzul-sexual\/\",\"url\":\"https:\/\/telefonulcopilului.md\/altele\/abuzul-sexual\/\",\"name\":\"Abuzul sexual - Telefonul Copilului\",\"isPartOf\":{\"@id\":\"https:\/\/telefonulcopilului.md\/#website\"},\"primaryImageOfPage\":{\"@id\":\"https:\/\/telefonulcopilului.md\/altele\/abuzul-sexual\/#primaryimage\"},\"image\":{\"@id\":\"https:\/\/telefonulcopilului.md\/altele\/abuzul-sexual\/#primaryimage\"},\"thumbnailUrl\":\"https:\/\/telefonulcopilului.md\/wp-content\/uploads\/2022\/12\/sexualinoe-nasilie-1.png\",\"datePublished\":\"2022-12-06T16:46:54+00:00\",\"dateModified\":\"2023-01-17T11:06:37+00:00\",\"breadcrumb\":{\"@id\":\"https:\/\/telefonulcopilului.md\/altele\/abuzul-sexual\/#breadcrumb\"},\"inLanguage\":\"ru-RU\",\"potentialAction\":[{\"@type\":\"ReadAction\",\"target\":[\"https:\/\/telefonulcopilului.md\/altele\/abuzul-sexual\/\"]}]},{\"@type\":\"ImageObject\",\"inLanguage\":\"ru-RU\",\"@id\":\"https:\/\/telefonulcopilului.md\/altele\/abuzul-sexual\/#primaryimage\",\"url\":\"https:\/\/telefonulcopilului.md\/wp-content\/uploads\/2022\/12\/sexualinoe-nasilie-1.png\",\"contentUrl\":\"https:\/\/telefonulcopilului.md\/wp-content\/uploads\/2022\/12\/sexualinoe-nasilie-1.png\"},{\"@type\":\"BreadcrumbList\",\"@id\":\"https:\/\/telefonulcopilului.md\/altele\/abuzul-sexual\/#breadcrumb\",\"itemListElement\":[{\"@type\":\"ListItem\",\"position\":1,\"name\":\"Home\",\"item\":\"https:\/\/telefonulcopilului.md\/\"},{\"@type\":\"ListItem\",\"position\":2,\"name\":\"Altele\",\"item\":\"https:\/\/telefonulcopilului.md\/altele\/\"},{\"@type\":\"ListItem\",\"position\":3,\"name\":\"Abuzul sexual\"}]},{\"@type\":\"WebSite\",\"@id\":\"https:\/\/telefonulcopilului.md\/#website\",\"url\":\"https:\/\/telefonulcopilului.md\/\",\"name\":\"Telefonul Copilului\",\"description\":\"116 111\",\"potentialAction\":[{\"@type\":\"SearchAction\",\"target\":{\"@type\":\"EntryPoint\",\"urlTemplate\":\"https:\/\/telefonulcopilului.md\/?s={search_term_string}\"},\"query-input\":\"required name=search_term_string\"}],\"inLanguage\":\"ru-RU\"}]}<\/script>\n<!-- \/ Yoast SEO Premium plugin. -->","yoast_head_json":{"title":"Abuzul sexual - Telefonul Copilului","robots":{"index":"index","follow":"follow","max-snippet":"max-snippet:-1","max-image-preview":"max-image-preview:large","max-video-preview":"max-video-preview:-1"},"canonical":"https:\/\/telefonulcopilului.md\/ru\/altele\/abuzul-sexual\/","og_locale":"ru_RU","og_type":"article","og_title":"Abuzul sexual","og_description":"Abuzul sexual este atunci c\u00e2nd copiii sunt atin\u0219i \u00eentr-un mod care le produce nepl\u0103cere \u0219i dezgust, c\u00e2nd sunt obliga\u021bi s\u0103 \u00eentre\u021bin\u0103 rela\u021bii sexuale, s\u0103 priveasc\u0103 imagini sau filme cu con\u021binut sexual sau c\u00e2nd sunt impu\u0219i s\u0103 priveasc\u0103, s\u0103 ating\u0103 alte p\u0103r\u021bi intime. Un copil supus abuzului sexual va tr\u0103i sentimente de: vinov\u0103\u021bie, neajutorare, durere puternic\u0103 [&hellip;]","og_url":"https:\/\/telefonulcopilului.md\/ru\/altele\/abuzul-sexual\/","og_site_name":"Telefonul Copilului","article_modified_time":"2023-01-17T11:06:37+00:00","og_image":[{"url":"https:\/\/telefonulcopilului.md\/wp-content\/uploads\/2022\/12\/sexualinoe-nasilie-1.png"}],"twitter_card":"summary_large_image","twitter_misc":{"\u041f\u0440\u0438\u043c\u0435\u0440\u043d\u043e\u0435 \u0432\u0440\u0435\u043c\u044f \u0434\u043b\u044f \u0447\u0442\u0435\u043d\u0438\u044f":"1 \u043c\u0438\u043d\u0443\u0442\u0430"},"schema":{"@context":"https:\/\/schema.org","@graph":[{"@type":"WebPage","@id":"https:\/\/telefonulcopilului.md\/altele\/abuzul-sexual\/","url":"https:\/\/telefonulcopilului.md\/altele\/abuzul-sexual\/","name":"Abuzul sexual - Telefonul Copilului","isPartOf":{"@id":"https:\/\/telefonulcopilului.md\/#website"},"primaryImageOfPage":{"@id":"https:\/\/telefonulcopilului.md\/altele\/abuzul-sexual\/#primaryimage"},"image":{"@id":"https:\/\/telefonulcopilului.md\/altele\/abuzul-sexual\/#primaryimage"},"thumbnailUrl":"https:\/\/telefonulcopilului.md\/wp-content\/uploads\/2022\/12\/sexualinoe-nasilie-1.png","datePublished":"2022-12-06T16:46:54+00:00","dateModified":"2023-01-17T11:06:37+00:00","breadcrumb":{"@id":"https:\/\/telefonulcopilului.md\/altele\/abuzul-sexual\/#breadcrumb"},"inLanguage":"ru-RU","potentialAction":[{"@type":"ReadAction","target":["https:\/\/telefonulcopilului.md\/altele\/abuzul-sexual\/"]}]},{"@type":"ImageObject","inLanguage":"ru-RU","@id":"https:\/\/telefonulcopilului.md\/altele\/abuzul-sexual\/#primaryimage","url":"https:\/\/telefonulcopilului.md\/wp-content\/uploads\/2022\/12\/sexualinoe-nasilie-1.png","contentUrl":"https:\/\/telefonulcopilului.md\/wp-content\/uploads\/2022\/12\/sexualinoe-nasilie-1.png"},{"@type":"BreadcrumbList","@id":"https:\/\/telefonulcopilului.md\/altele\/abuzul-sexual\/#breadcrumb","itemListElement":[{"@type":"ListItem","position":1,"name":"Home","item":"https:\/\/telefonulcopilului.md\/"},{"@type":"ListItem","position":2,"name":"Altele","item":"https:\/\/telefonulcopilului.md\/altele\/"},{"@type":"ListItem","position":3,"name":"Abuzul sexual"}]},{"@type":"WebSite","@id":"https:\/\/telefonulcopilului.md\/#website","url":"https:\/\/telefonulcopilului.md\/","name":"Telefonul Copilului","description":"116 111","potentialAction":[{"@type":"SearchAction","target":{"@type":"EntryPoint","urlTemplate":"https:\/\/telefonulcopilului.md\/?s={search_term_string}"},"query-input":"required name=search_term_string"}],"inLanguage":"ru-RU"}]}},"_links":{"self":[{"href":"https:\/\/telefonulcopilului.md\/ru\/wp-json\/wp\/v2\/pages\/4423","targetHints":{"allow":["GET"]}}],"collection":[{"href":"https:\/\/telefonulcopilului.md\/ru\/wp-json\/wp\/v2\/pages"}],"about":[{"href":"https:\/\/telefonulcopilului.md\/ru\/wp-json\/wp\/v2\/types\/page"}],"author":[{"embeddable":true,"href":"https:\/\/telefonulcopilului.md\/ru\/wp-json\/wp\/v2\/users\/1"}],"replies":[{"embeddable":true,"href":"https:\/\/telefonulcopilului.md\/ru\/wp-json\/wp\/v2\/comments?post=4423"}],"version-history":[{"count":0,"href":"https:\/\/telefonulcopilului.md\/ru\/wp-json\/wp\/v2\/pages\/4423\/revisions"}],"up":[{"embeddable":true,"href":"https:\/\/telefonulcopilului.md\/ru\/wp-json\/wp\/v2\/pages\/3769"}],"wp:attachment":[{"href":"https:\/\/telefonulcopilului.md\/ru\/wp-json\/wp\/v2\/media?parent=4423"}],"curies":[{"name":"wp","href":"https:\/\/api.w.org\/{rel}","templated":true}]}}