{"id":4417,"date":"2022-12-06T16:45:55","date_gmt":"2022-12-06T16:45:55","guid":{"rendered":"https:\/\/telefonulcopilului.md\/?page_id=4417"},"modified":"2023-01-17T11:05:43","modified_gmt":"2023-01-17T11:05:43","slug":"exploatare-prin-munca","status":"publish","type":"page","link":"https:\/\/telefonulcopilului.md\/ru\/altele\/exploatare-prin-munca\/","title":{"rendered":"\u042d\u043a\u0441\u043f\u043b\u0443\u0430\u0442\u0430\u0446\u0438\u044f \u0447\u0435\u0440\u0435\u0437 \u0440\u0430\u0431\u043e\u0442\u0443"},"content":{"rendered":"<div data-elementor-type=\"wp-post\" data-elementor-id=\"4417\" class=\"elementor elementor-4417\" data-elementor-post-type=\"page\">\n\t\t\t\t\t\t<section class=\"elementor-section elementor-top-section elementor-element elementor-element-9661d79 elementor-section-boxed elementor-section-height-default elementor-section-height-default\" data-id=\"9661d79\" data-element_type=\"section\">\n\t\t\t\t\t\t<div class=\"elementor-container elementor-column-gap-default\">\n\t\t\t\t\t<div class=\"elementor-column elementor-col-50 elementor-top-column elementor-element elementor-element-b313ec1\" data-id=\"b313ec1\" data-element_type=\"column\">\n\t\t\t<div class=\"elementor-widget-wrap elementor-element-populated\">\n\t\t\t\t\t\t<div class=\"elementor-element elementor-element-a8912b2 elementor-widget elementor-widget-text-editor\" data-id=\"a8912b2\" data-element_type=\"widget\" data-widget_type=\"text-editor.default\">\n\t\t\t\t<div class=\"elementor-widget-container\">\n\t\t\t\t\t\t\t<p>\u0414\u0435\u0442\u0441\u043a\u0438\u0439 \u0442\u0440\u0443\u0434 \u0432\u043a\u043b\u044e\u0447\u0430\u0435\u0442 \u0432 \u0441\u0435\u0431\u044f: \u043f\u043e\u0434\u0432\u0435\u0440\u0433\u0430\u043d\u0438\u0435 \u0440\u0435\u0431\u0435\u043d\u043a\u0430 \u0442\u044f\u0436\u0435\u043b\u044b\u043c \u0444\u043e\u0440\u043c\u0430\u043c \u043d\u0430\u043f\u0440\u044f\u0436\u0435\u043d\u043d\u043e\u0439 \u0444\u0438\u0437\u0438\u0447\u0435\u0441\u043a\u043e\u0439 \u0440\u0430\u0431\u043e\u0442\u044b; \u0438\u0441\u043f\u043e\u043b\u044c\u0437\u043e\u0432\u0430\u043d\u0438\u0435 \u0440\u0435\u0431\u0435\u043d\u043a\u0430 \u0432 \u0446\u0435\u043b\u044f\u0445 \u043f\u043e\u043b\u0443\u0447\u0435\u043d\u0438\u044f \u043c\u0430\u0442\u0435\u0440\u0438\u0430\u043b\u044c\u043d\u043e\u0439 \u0432\u044b\u0433\u043e\u0434\u044b; \u0438\u0441\u043f\u043e\u043b\u044c\u0437\u043e\u0432\u0430\u043d\u0438\u0435 \u0440\u0435\u0431\u0435\u043d\u043a\u0430 \u0432 \u043d\u0435\u0437\u0430\u043a\u043e\u043d\u043d\u044b\u0445 \u0434\u0435\u0439\u0441\u0442\u0432\u0438\u044f\u0445; \u0438\u0441\u043f\u043e\u043b\u044c\u0437\u043e\u0432\u0430\u043d\u0438\u0435 \u0440\u0435\u0431\u0435\u043d\u043a\u0430 \u0432 \u0434\u0435\u044f\u0442\u0435\u043b\u044c\u043d\u043e\u0441\u0442\u0438, \u0443\u0433\u0440\u043e\u0436\u0430\u044e\u0449\u0435\u0439 \u0435\u0433\u043e \u0436\u0438\u0437\u043d\u0438. \u041d\u0430\u0438\u0431\u043e\u043b\u0435\u0435 \u0440\u0430\u0441\u043f\u0440\u043e\u0441\u0442\u0440\u0430\u043d\u0435\u043d\u043d\u044b\u043c\u0438 \u0444\u043e\u0440\u043c\u0430\u043c\u0438 \u0442\u0440\u0443\u0434\u043e\u0432\u043e\u0439 \u044d\u043a\u0441\u043f\u043b\u0443\u0430\u0442\u0430\u0446\u0438\u0438 \u044f\u0432\u043b\u044f\u044e\u0442\u0441\u044f: \u043f\u043e\u043f\u0440\u043e\u0448\u0430\u0439\u043d\u0438\u0447\u0435\u0441\u0442\u0432\u043e, \u043c\u043e\u0439\u043a\u0430 \u0430\u0432\u0442\u043e\u043c\u043e\u0431\u0438\u043b\u0435\u0439, \u043f\u0440\u043e\u0434\u0430\u0436\u0430 \u0442\u043e\u0432\u0430\u0440\u043e\u0432, \u043f\u043e\u0433\u0440\u0443\u0437\u043a\u0430 \u0438 \u0440\u0430\u0437\u0433\u0440\u0443\u0437\u043a\u0430 \u0442\u043e\u0432\u0430\u0440\u043e\u0432, \u0441\u0431\u043e\u0440 \u0432\u0442\u043e\u0440\u0441\u044b\u0440\u044c\u044f, \u0434\u0435\u044f\u0442\u0435\u043b\u044c\u043d\u043e\u0441\u0442\u044c \u043d\u0430 \u0441\u0442\u0440\u043e\u0439\u043a\u0430\u0445 \u0438 \u0442. \u0434. \u041c\u044b \u043c\u043e\u0436\u0435\u043c \u0440\u0430\u0441\u043f\u043e\u0437\u043d\u0430\u0442\u044c \u0440\u0435\u0431\u0435\u043d\u043a\u0430, \u044d\u043a\u0441\u043f\u043b\u0443\u0430\u0442\u0438\u0440\u0443\u0435\u043c\u043e\u0433\u043e \u043d\u0430 \u0440\u0430\u0431\u043e\u0442\u0435, \u043d\u0430\u0431\u043b\u044e\u0434\u0430\u044f \u0442\u0430\u043a\u0438\u0435 \u043f\u0440\u0438\u0437\u043d\u0430\u043a\u0438, \u043a\u0430\u043a: \u043f\u0435\u0440\u0435\u043b\u043e\u043c\u044b, \u043f\u043e\u0440\u0435\u0437\u044b, \u043e\u0436\u043e\u0433\u0438, \u0446\u0430\u0440\u0430\u043f\u0438\u043d\u044b, \u0443\u0441\u0442\u0430\u043b\u043e\u0441\u0442\u044c, \u0433\u043e\u043b\u043e\u0434, \u0442\u0440\u0435\u043c\u043e\u0440, \u0433\u0440\u0443\u0441\u0442\u044c, \u0431\u0435\u0441\u043f\u043e\u043a\u043e\u0439\u0441\u0442\u0432\u043e, \u043d\u0435\u0440\u0432\u043e\u0437\u043d\u043e\u0441\u0442\u044c, \u0430\u0433\u0440\u0435\u0441\u0441\u0438\u044f, \u0437\u0430\u043c\u043a\u043d\u0443\u0442\u043e\u0441\u0442\u044c, \u043e\u0442\u0447\u0430\u044f\u043d\u0438\u0435, \u0441\u0442\u0440\u0430\u0445.<\/p>\t\t\t\t\t\t<\/div>\n\t\t\t\t<\/div>\n\t\t\t\t\t<\/div>\n\t\t<\/div>\n\t\t\t\t<div class=\"elementor-column elementor-col-50 elementor-top-column elementor-element elementor-element-b3e3bb8\" data-id=\"b3e3bb8\" data-element_type=\"column\">\n\t\t\t<div class=\"elementor-widget-wrap elementor-element-populated\">\n\t\t\t\t\t\t<div class=\"elementor-element elementor-element-5dc62f6 elementor-widget elementor-widget-image\" data-id=\"5dc62f6\" data-element_type=\"widget\" data-widget_type=\"image.default\">\n\t\t\t\t<div class=\"elementor-widget-container\">\n\t\t\t\t\t\t\t\t\t\t\t\t\t<img fetchpriority=\"high\" decoding=\"async\" width=\"1000\" height=\"800\" src=\"https:\/\/telefonulcopilului.md\/wp-content\/uploads\/2022\/12\/expluatatia-cerez-rabotu-nasilie.png\" class=\"attachment-full size-full wp-image-4419\" alt=\"\" srcset=\"https:\/\/telefonulcopilului.md\/wp-content\/uploads\/2022\/12\/expluatatia-cerez-rabotu-nasilie.png 1000w, https:\/\/telefonulcopilului.md\/wp-content\/uploads\/2022\/12\/expluatatia-cerez-rabotu-nasilie-300x240.png 300w, https:\/\/telefonulcopilului.md\/wp-content\/uploads\/2022\/12\/expluatatia-cerez-rabotu-nasilie-768x614.png 768w\" sizes=\"(max-width: 1000px) 100vw, 1000px\" \/>\t\t\t\t\t\t\t\t\t\t\t\t\t<\/div>\n\t\t\t\t<\/div>\n\t\t\t\t\t<\/div>\n\t\t<\/div>\n\t\t\t\t\t<\/div>\n\t\t<\/section>\n\t\t\t\t<\/div>","protected":false},"excerpt":{"rendered":"<p>Exploatare prin munc\u0103 a copilului presupune: expunerea copilului la forme grave de munc\u0103 fizic\u0103 extenuant\u0103; folosirea copilului \u00een scopul ob\u0163inerii unor beneficii materiale; folosirea copilului la activit\u0103\u0163i ilicite; folosirea copilului la activit\u0103\u0163i ce \u00eei pun via\u0163a \u00een pericol. Cele mai r\u0103sp\u00e2ndite forme de exploatare prin munc\u0103 sunt: cer\u015fetorie, sp\u0103lat de ma\u015fini, v\u00e2nzare de m\u0103rfuri, \u00eenc\u0103rcat [&hellip;]<\/p>","protected":false},"author":1,"featured_media":0,"parent":3769,"menu_order":0,"comment_status":"closed","ping_status":"closed","template":"","meta":{"inline_featured_image":false,"footnotes":""},"class_list":["post-4417","page","type-page","status-publish","hentry"],"yoast_head":"<!-- This site is optimized with the Yoast SEO Premium plugin v22.1 (Yoast SEO v22.4) - https:\/\/yoast.com\/wordpress\/plugins\/seo\/ -->\n<title>Exploatare prin munc\u0103 - Telefonul Copilului<\/title>\n<meta name=\"robots\" content=\"index, follow, max-snippet:-1, max-image-preview:large, max-video-preview:-1\" \/>\n<link rel=\"canonical\" href=\"https:\/\/telefonulcopilului.md\/ru\/altele\/exploatare-prin-munca\/\" \/>\n<meta property=\"og:locale\" content=\"ru_RU\" \/>\n<meta property=\"og:type\" content=\"article\" \/>\n<meta property=\"og:title\" content=\"Exploatare prin munc\u0103\" \/>\n<meta property=\"og:description\" content=\"Exploatare prin munc\u0103 a copilului presupune: expunerea copilului la forme grave de munc\u0103 fizic\u0103 extenuant\u0103; folosirea copilului \u00een scopul ob\u0163inerii unor beneficii materiale; folosirea copilului la activit\u0103\u0163i ilicite; folosirea copilului la activit\u0103\u0163i ce \u00eei pun via\u0163a \u00een pericol. Cele mai r\u0103sp\u00e2ndite forme de exploatare prin munc\u0103 sunt: cer\u015fetorie, sp\u0103lat de ma\u015fini, v\u00e2nzare de m\u0103rfuri, \u00eenc\u0103rcat [&hellip;]\" \/>\n<meta property=\"og:url\" content=\"https:\/\/telefonulcopilului.md\/ru\/altele\/exploatare-prin-munca\/\" \/>\n<meta property=\"og:site_name\" content=\"Telefonul Copilului\" \/>\n<meta property=\"article:modified_time\" content=\"2023-01-17T11:05:43+00:00\" \/>\n<meta property=\"og:image\" content=\"https:\/\/telefonulcopilului.md\/wp-content\/uploads\/2022\/12\/expluatatia-cerez-rabotu-nasilie.png\" \/>\n<meta name=\"twitter:card\" content=\"summary_large_image\" \/>\n<meta name=\"twitter:label1\" content=\"\u041f\u0440\u0438\u043c\u0435\u0440\u043d\u043e\u0435 \u0432\u0440\u0435\u043c\u044f \u0434\u043b\u044f \u0447\u0442\u0435\u043d\u0438\u044f\" \/>\n\t<meta name=\"twitter:data1\" content=\"1 \u043c\u0438\u043d\u0443\u0442\u0430\" \/>\n<script type=\"application\/ld+json\" class=\"yoast-schema-graph\">{\"@context\":\"https:\/\/schema.org\",\"@graph\":[{\"@type\":\"WebPage\",\"@id\":\"https:\/\/telefonulcopilului.md\/altele\/exploatare-prin-munca\/\",\"url\":\"https:\/\/telefonulcopilului.md\/altele\/exploatare-prin-munca\/\",\"name\":\"Exploatare prin munc\u0103 - Telefonul Copilului\",\"isPartOf\":{\"@id\":\"https:\/\/telefonulcopilului.md\/#website\"},\"primaryImageOfPage\":{\"@id\":\"https:\/\/telefonulcopilului.md\/altele\/exploatare-prin-munca\/#primaryimage\"},\"image\":{\"@id\":\"https:\/\/telefonulcopilului.md\/altele\/exploatare-prin-munca\/#primaryimage\"},\"thumbnailUrl\":\"https:\/\/telefonulcopilului.md\/wp-content\/uploads\/2022\/12\/expluatatia-cerez-rabotu-nasilie.png\",\"datePublished\":\"2022-12-06T16:45:55+00:00\",\"dateModified\":\"2023-01-17T11:05:43+00:00\",\"breadcrumb\":{\"@id\":\"https:\/\/telefonulcopilului.md\/altele\/exploatare-prin-munca\/#breadcrumb\"},\"inLanguage\":\"ru-RU\",\"potentialAction\":[{\"@type\":\"ReadAction\",\"target\":[\"https:\/\/telefonulcopilului.md\/altele\/exploatare-prin-munca\/\"]}]},{\"@type\":\"ImageObject\",\"inLanguage\":\"ru-RU\",\"@id\":\"https:\/\/telefonulcopilului.md\/altele\/exploatare-prin-munca\/#primaryimage\",\"url\":\"https:\/\/telefonulcopilului.md\/wp-content\/uploads\/2022\/12\/expluatatia-cerez-rabotu-nasilie.png\",\"contentUrl\":\"https:\/\/telefonulcopilului.md\/wp-content\/uploads\/2022\/12\/expluatatia-cerez-rabotu-nasilie.png\"},{\"@type\":\"BreadcrumbList\",\"@id\":\"https:\/\/telefonulcopilului.md\/altele\/exploatare-prin-munca\/#breadcrumb\",\"itemListElement\":[{\"@type\":\"ListItem\",\"position\":1,\"name\":\"Home\",\"item\":\"https:\/\/telefonulcopilului.md\/\"},{\"@type\":\"ListItem\",\"position\":2,\"name\":\"Altele\",\"item\":\"https:\/\/telefonulcopilului.md\/altele\/\"},{\"@type\":\"ListItem\",\"position\":3,\"name\":\"Exploatare prin munc\u0103\"}]},{\"@type\":\"WebSite\",\"@id\":\"https:\/\/telefonulcopilului.md\/#website\",\"url\":\"https:\/\/telefonulcopilului.md\/\",\"name\":\"Telefonul Copilului\",\"description\":\"116 111\",\"potentialAction\":[{\"@type\":\"SearchAction\",\"target\":{\"@type\":\"EntryPoint\",\"urlTemplate\":\"https:\/\/telefonulcopilului.md\/?s={search_term_string}\"},\"query-input\":\"required name=search_term_string\"}],\"inLanguage\":\"ru-RU\"}]}<\/script>\n<!-- \/ Yoast SEO Premium plugin. -->","yoast_head_json":{"title":"Exploatare prin munc\u0103 - Telefonul Copilului","robots":{"index":"index","follow":"follow","max-snippet":"max-snippet:-1","max-image-preview":"max-image-preview:large","max-video-preview":"max-video-preview:-1"},"canonical":"https:\/\/telefonulcopilului.md\/ru\/altele\/exploatare-prin-munca\/","og_locale":"ru_RU","og_type":"article","og_title":"Exploatare prin munc\u0103","og_description":"Exploatare prin munc\u0103 a copilului presupune: expunerea copilului la forme grave de munc\u0103 fizic\u0103 extenuant\u0103; folosirea copilului \u00een scopul ob\u0163inerii unor beneficii materiale; folosirea copilului la activit\u0103\u0163i ilicite; folosirea copilului la activit\u0103\u0163i ce \u00eei pun via\u0163a \u00een pericol. Cele mai r\u0103sp\u00e2ndite forme de exploatare prin munc\u0103 sunt: cer\u015fetorie, sp\u0103lat de ma\u015fini, v\u00e2nzare de m\u0103rfuri, \u00eenc\u0103rcat [&hellip;]","og_url":"https:\/\/telefonulcopilului.md\/ru\/altele\/exploatare-prin-munca\/","og_site_name":"Telefonul Copilului","article_modified_time":"2023-01-17T11:05:43+00:00","og_image":[{"url":"https:\/\/telefonulcopilului.md\/wp-content\/uploads\/2022\/12\/expluatatia-cerez-rabotu-nasilie.png"}],"twitter_card":"summary_large_image","twitter_misc":{"\u041f\u0440\u0438\u043c\u0435\u0440\u043d\u043e\u0435 \u0432\u0440\u0435\u043c\u044f \u0434\u043b\u044f \u0447\u0442\u0435\u043d\u0438\u044f":"1 \u043c\u0438\u043d\u0443\u0442\u0430"},"schema":{"@context":"https:\/\/schema.org","@graph":[{"@type":"WebPage","@id":"https:\/\/telefonulcopilului.md\/altele\/exploatare-prin-munca\/","url":"https:\/\/telefonulcopilului.md\/altele\/exploatare-prin-munca\/","name":"Exploatare prin munc\u0103 - Telefonul Copilului","isPartOf":{"@id":"https:\/\/telefonulcopilului.md\/#website"},"primaryImageOfPage":{"@id":"https:\/\/telefonulcopilului.md\/altele\/exploatare-prin-munca\/#primaryimage"},"image":{"@id":"https:\/\/telefonulcopilului.md\/altele\/exploatare-prin-munca\/#primaryimage"},"thumbnailUrl":"https:\/\/telefonulcopilului.md\/wp-content\/uploads\/2022\/12\/expluatatia-cerez-rabotu-nasilie.png","datePublished":"2022-12-06T16:45:55+00:00","dateModified":"2023-01-17T11:05:43+00:00","breadcrumb":{"@id":"https:\/\/telefonulcopilului.md\/altele\/exploatare-prin-munca\/#breadcrumb"},"inLanguage":"ru-RU","potentialAction":[{"@type":"ReadAction","target":["https:\/\/telefonulcopilului.md\/altele\/exploatare-prin-munca\/"]}]},{"@type":"ImageObject","inLanguage":"ru-RU","@id":"https:\/\/telefonulcopilului.md\/altele\/exploatare-prin-munca\/#primaryimage","url":"https:\/\/telefonulcopilului.md\/wp-content\/uploads\/2022\/12\/expluatatia-cerez-rabotu-nasilie.png","contentUrl":"https:\/\/telefonulcopilului.md\/wp-content\/uploads\/2022\/12\/expluatatia-cerez-rabotu-nasilie.png"},{"@type":"BreadcrumbList","@id":"https:\/\/telefonulcopilului.md\/altele\/exploatare-prin-munca\/#breadcrumb","itemListElement":[{"@type":"ListItem","position":1,"name":"Home","item":"https:\/\/telefonulcopilului.md\/"},{"@type":"ListItem","position":2,"name":"Altele","item":"https:\/\/telefonulcopilului.md\/altele\/"},{"@type":"ListItem","position":3,"name":"Exploatare prin munc\u0103"}]},{"@type":"WebSite","@id":"https:\/\/telefonulcopilului.md\/#website","url":"https:\/\/telefonulcopilului.md\/","name":"Telefonul Copilului","description":"116 111","potentialAction":[{"@type":"SearchAction","target":{"@type":"EntryPoint","urlTemplate":"https:\/\/telefonulcopilului.md\/?s={search_term_string}"},"query-input":"required name=search_term_string"}],"inLanguage":"ru-RU"}]}},"_links":{"self":[{"href":"https:\/\/telefonulcopilului.md\/ru\/wp-json\/wp\/v2\/pages\/4417","targetHints":{"allow":["GET"]}}],"collection":[{"href":"https:\/\/telefonulcopilului.md\/ru\/wp-json\/wp\/v2\/pages"}],"about":[{"href":"https:\/\/telefonulcopilului.md\/ru\/wp-json\/wp\/v2\/types\/page"}],"author":[{"embeddable":true,"href":"https:\/\/telefonulcopilului.md\/ru\/wp-json\/wp\/v2\/users\/1"}],"replies":[{"embeddable":true,"href":"https:\/\/telefonulcopilului.md\/ru\/wp-json\/wp\/v2\/comments?post=4417"}],"version-history":[{"count":0,"href":"https:\/\/telefonulcopilului.md\/ru\/wp-json\/wp\/v2\/pages\/4417\/revisions"}],"up":[{"embeddable":true,"href":"https:\/\/telefonulcopilului.md\/ru\/wp-json\/wp\/v2\/pages\/3769"}],"wp:attachment":[{"href":"https:\/\/telefonulcopilului.md\/ru\/wp-json\/wp\/v2\/media?parent=4417"}],"curies":[{"name":"wp","href":"https:\/\/api.w.org\/{rel}","templated":true}]}}