{"id":3764,"date":"2022-11-15T14:59:34","date_gmt":"2022-11-15T14:59:34","guid":{"rendered":"https:\/\/telefonulcopilului.md\/?page_id=3764"},"modified":"2023-01-09T09:40:04","modified_gmt":"2023-01-09T09:40:04","slug":"neglijare","status":"publish","type":"page","link":"https:\/\/telefonulcopilului.md\/ru\/podvergaetsya-prenebrezheniju\/","title":{"rendered":"\u041f\u0440\u0435\u043d\u0435\u0431\u0440\u0435\u0436\u0435\u043d\u0438\u0435"},"content":{"rendered":"<div data-elementor-type=\"wp-post\" data-elementor-id=\"3764\" class=\"elementor elementor-3764\" data-elementor-post-type=\"page\">\n\t\t\t\t\t\t<section class=\"elementor-section elementor-top-section elementor-element elementor-element-90cee67 elementor-section-boxed elementor-section-height-default elementor-section-height-default\" data-id=\"90cee67\" data-element_type=\"section\">\n\t\t\t\t\t\t<div class=\"elementor-container elementor-column-gap-default\">\n\t\t\t\t\t<div class=\"elementor-column elementor-col-50 elementor-top-column elementor-element elementor-element-be4354e\" data-id=\"be4354e\" data-element_type=\"column\">\n\t\t\t<div class=\"elementor-widget-wrap elementor-element-populated\">\n\t\t\t\t\t\t<div class=\"elementor-element elementor-element-3c896e2 elementor-widget elementor-widget-text-editor\" data-id=\"3c896e2\" data-element_type=\"widget\" data-widget_type=\"text-editor.default\">\n\t\t\t\t<div class=\"elementor-widget-container\">\n\t\t\t\t\t\t\t<p>\u041f\u0440\u0435\u043d\u0435\u0431\u0440\u0435\u0436\u0435\u043d\u0438\u0435 \u044f\u0432\u043b\u044f\u0435\u0442\u0441\u044f \u043d\u0435\u0444\u0438\u0437\u0438\u0447\u0435\u0441\u043a\u043e\u0439 \u0444\u043e\u0440\u043c\u043e\u0439 \u043d\u0430\u0441\u0438\u043b\u0438\u044f \u0438 \u043f\u0440\u0435\u0434\u0441\u0442\u0430\u0432\u043b\u044f\u0435\u0442 \u0441\u043e\u0431\u043e\u0439 \u043d\u0435\u0441\u043f\u043e\u0441\u043e\u0431\u043d\u043e\u0441\u0442\u044c \u0438\u043b\u0438 \u043e\u0442\u043a\u0430\u0437 \u0432\u0437\u0440\u043e\u0441\u043b\u043e\u0433\u043e \u043e\u0431\u0435\u0441\u043f\u0435\u0447\u0438\u0442\u044c \u0440\u0430\u0437\u0432\u0438\u0442\u0438\u0435 \u0440\u0435\u0431\u0435\u043d\u043a\u0430 \u0432\u043e \u0432\u0441\u0435\u0445 \u0430\u0441\u043f\u0435\u043a\u0442\u0430\u0445 \u0435\u0433\u043e \u0436\u0438\u0437\u043d\u0438. \u0411\u0435\u0437\u043d\u0430\u0434\u0437\u043e\u0440\u043d\u043e\u0441\u0442\u044c \u043d\u0435\u0433\u0430\u0442\u0438\u0432\u043d\u043e \u0441\u043a\u0430\u0437\u044b\u0432\u0430\u0435\u0442\u0441\u044f \u043a\u0430\u043a \u043d\u0430 \u0444\u0438\u0437\u0438\u0447\u0435\u0441\u043a\u043e\u043c, \u0442\u0430\u043a \u0438 \u043d\u0430 \u043f\u0441\u0438\u0445\u043e\u043b\u043e\u0433\u0438\u0447\u0435\u0441\u043a\u043e\u043c \u0440\u0430\u0437\u0432\u0438\u0442\u0438\u0438 \u0440\u0435\u0431\u0435\u043d\u043a\u0430, \u0430 \u0432 \u043a\u0440\u0430\u0439\u043d\u0438\u0445 \u0441\u043b\u0443\u0447\u0430\u044f\u0445 \u043c\u043e\u0436\u0435\u0442 \u043f\u0440\u0438\u0432\u0435\u0441\u0442\u0438 \u043a \u0433\u043e\u0441\u043f\u0438\u0442\u0430\u043b\u0438\u0437\u0430\u0446\u0438\u0438, \u0443\u0441\u0442\u0430\u043d\u043e\u0432\u043a\u0435 \u0438\u043d\u0432\u0430\u043b\u0438\u0434\u043d\u043e\u0441\u0442\u0438 \u0438\/\u0438\u043b\u0438 \u0441\u043c\u0435\u0440\u0442\u0438 \u0440\u0435\u0431\u0435\u043d\u043a\u0430.<\/p><p>\u0420\u0435\u0431\u0435\u043d\u043e\u043a \u043c\u043e\u0436\u0435\u0442 \u043f\u043e\u0434\u0432\u0435\u0440\u0433\u0430\u0442\u044c\u0441\u044f \u0441\u043b\u0435\u0434\u0443\u044e\u0449\u0438\u043c \u0444\u043e\u0440\u043c\u0430\u043c \u043f\u0440\u0435\u043d\u0435\u0431\u0440\u0435\u0436\u0435\u043d\u0438\u044f: \u043f\u0440\u0435\u043d\u0435\u0431\u0440\u0435\u0436\u0435\u043d\u0438\u0435 \u0435\u0434\u043e\u0439, \u043f\u0440\u0435\u043d\u0435\u0431\u0440\u0435\u0436\u0435\u043d\u0438\u0435 \u043e\u0434\u0435\u0436\u0434\u043e\u0439, \u043f\u0440\u0435\u043d\u0435\u0431\u0440\u0435\u0436\u0435\u043d\u0438\u0435 \u0433\u0438\u0433\u0438\u0435\u043d\u043e\u0439, \u043f\u0440\u0435\u043d\u0435\u0431\u0440\u0435\u0436\u0435\u043d\u0438\u0435 \u043c\u0435\u0434\u0438\u0446\u0438\u043d\u0441\u043a\u0438\u043c \u043e\u0431\u0441\u043b\u0443\u0436\u0438\u0432\u0430\u043d\u0438\u0435\u043c, \u043f\u0440\u0435\u043d\u0435\u0431\u0440\u0435\u0436\u0435\u043d\u0438\u0435 \u043e\u0431\u0440\u0430\u0437\u043e\u0432\u0430\u043d\u0438\u0435\u043c, \u044d\u043c\u043e\u0446\u0438\u043e\u043d\u0430\u043b\u044c\u043d\u043e\u0435 \u043f\u0440\u0435\u043d\u0435\u0431\u0440\u0435\u0436\u0435\u043d\u0438\u0435, \u043f\u0440\u0435\u043d\u0435\u0431\u0440\u0435\u0436\u0435\u043d\u0438\u0435 \u043f\u0440\u0438\u0441\u043c\u043e\u0442\u0440\u043e\u043c. \u0411\u0435\u0437\u043d\u0430\u0434\u0437\u043e\u0440\u043d\u044b\u0439 \u0440\u0435\u0431\u0435\u043d\u043e\u043a \u0431\u0443\u0434\u0435\u0442 \u0432\u044b\u0433\u043b\u044f\u0434\u0435\u0442\u044c: \u0433\u043e\u043b\u043e\u0434\u043d\u044b\u043c \u0438\u043b\u0438 \u043d\u0435\u043f\u0440\u0430\u0432\u0438\u043b\u044c\u043d\u043e \u043d\u0430\u043a\u043e\u0440\u043c\u043b\u0435\u043d\u043d\u044b\u043c, \u0431\u0443\u0434\u0435\u0442 \u043e\u0442\u0441\u0443\u0442\u0441\u0442\u0432\u043e\u0432\u0430\u0442\u044c \u0433\u0438\u0433\u0438\u0435\u043d\u0430 \u0442\u0435\u043b\u0430, \u043d\u0435\u0441\u043e\u043e\u0442\u0432\u0435\u0442\u0441\u0442\u0432\u0443\u044e\u0449\u0430\u044f \u043e\u0434\u0435\u0436\u0434\u0430, \u0434\u043e\u043b\u0433\u043e\u0435 \u0432\u0440\u0435\u043c\u044f \u043d\u0430\u0445\u043e\u0434\u0438\u0442\u0441\u044f \u0431\u0435\u0437 \u043f\u0440\u0438\u0441\u043c\u043e\u0442\u0440\u0430, \u0432\u0435\u0441 \u043d\u0435 \u0441\u043e\u043e\u0442\u0432\u0435\u0442\u0441\u0442\u0432\u0443\u0435\u0442 \u0432\u043e\u0437\u0440\u0430\u0441\u0442\u0443, \u0431\u043e\u043b\u0435\u0437\u043d\u0435\u043d\u043d\u044b\u0439, \u0444\u0438\u0437\u0438\u0447\u0435\u0441\u043a\u0438\u0435 \u043f\u0440\u043e\u0431\u043b\u0435\u043c\u044b, \u043d\u0438\u0437\u043a\u0430\u044f \u0443\u0441\u043f\u0435\u0432\u0430\u0435\u043c\u043e\u0441\u0442\u044c \u0432 \u0448\u043a\u043e\u043b\u0435, \u0442\u0440\u0443\u0434\u043d\u043e\u0441\u0442\u0438 \u0432 \u043e\u0431\u0449\u0435\u043d\u0438\u0438 \u0441\u043e \u0441\u0432\u0435\u0440\u0441\u0442\u043d\u0438\u043a\u0430\u043c\u0438.<\/p>\t\t\t\t\t\t<\/div>\n\t\t\t\t<\/div>\n\t\t\t\t\t<\/div>\n\t\t<\/div>\n\t\t\t\t<div class=\"elementor-column elementor-col-50 elementor-top-column elementor-element elementor-element-150df32\" data-id=\"150df32\" data-element_type=\"column\">\n\t\t\t<div class=\"elementor-widget-wrap elementor-element-populated\">\n\t\t\t\t\t\t<div class=\"elementor-element elementor-element-c0f647d elementor-widget elementor-widget-image\" data-id=\"c0f647d\" data-element_type=\"widget\" data-widget_type=\"image.default\">\n\t\t\t\t<div class=\"elementor-widget-container\">\n\t\t\t\t\t\t\t\t\t\t\t\t\t<img fetchpriority=\"high\" decoding=\"async\" width=\"1000\" height=\"800\" src=\"https:\/\/telefonulcopilului.md\/wp-content\/uploads\/2022\/12\/prenebregati-nasilie.png\" class=\"attachment-full size-full wp-image-4384\" alt=\"\" srcset=\"https:\/\/telefonulcopilului.md\/wp-content\/uploads\/2022\/12\/prenebregati-nasilie.png 1000w, https:\/\/telefonulcopilului.md\/wp-content\/uploads\/2022\/12\/prenebregati-nasilie-300x240.png 300w, https:\/\/telefonulcopilului.md\/wp-content\/uploads\/2022\/12\/prenebregati-nasilie-768x614.png 768w\" sizes=\"(max-width: 1000px) 100vw, 1000px\" \/>\t\t\t\t\t\t\t\t\t\t\t\t\t<\/div>\n\t\t\t\t<\/div>\n\t\t\t\t\t<\/div>\n\t\t<\/div>\n\t\t\t\t\t<\/div>\n\t\t<\/section>\n\t\t\t\t<\/div>","protected":false},"excerpt":{"rendered":"<p>Neglijarea este o form\u0103 nonfizic\u0103 a violen\u0163ei \u0219i reprezint\u0103 incapacitatea sau refuzul adultului de a asigura dezvoltarea copilului \u00een toate aspectele vie\u021bii sale. Neglijarea afecteaz\u0103 negativ at\u00e2t dezvoltarea fizic\u0103 a copilului, c\u00e2t \u0219i cea psihologic\u0103, iar \u00een cazurile extreme, poate conduce la spitalizarea, instalarea unei dizabilit\u0103\u0163i \u015fi\/sau decesul copilului. Copilul poate fi supus urm\u0103toarelor forme [&hellip;]<\/p>","protected":false},"author":1,"featured_media":0,"parent":0,"menu_order":0,"comment_status":"closed","ping_status":"closed","template":"","meta":{"inline_featured_image":false,"footnotes":""},"class_list":["post-3764","page","type-page","status-publish","hentry"],"yoast_head":"<!-- This site is optimized with the Yoast SEO Premium plugin v22.1 (Yoast SEO v22.4) - https:\/\/yoast.com\/wordpress\/plugins\/seo\/ -->\n<title>Neglijare - Telefonul Copilului<\/title>\n<meta name=\"robots\" content=\"index, follow, max-snippet:-1, max-image-preview:large, max-video-preview:-1\" \/>\n<link rel=\"canonical\" href=\"https:\/\/telefonulcopilului.md\/ru\/podvergaetsya-prenebrezheniju\/\" \/>\n<meta property=\"og:locale\" content=\"ru_RU\" \/>\n<meta property=\"og:type\" content=\"article\" \/>\n<meta property=\"og:title\" content=\"Neglijare\" \/>\n<meta property=\"og:description\" content=\"Neglijarea este o form\u0103 nonfizic\u0103 a violen\u0163ei \u0219i reprezint\u0103 incapacitatea sau refuzul adultului de a asigura dezvoltarea copilului \u00een toate aspectele vie\u021bii sale. Neglijarea afecteaz\u0103 negativ at\u00e2t dezvoltarea fizic\u0103 a copilului, c\u00e2t \u0219i cea psihologic\u0103, iar \u00een cazurile extreme, poate conduce la spitalizarea, instalarea unei dizabilit\u0103\u0163i \u015fi\/sau decesul copilului. Copilul poate fi supus urm\u0103toarelor forme [&hellip;]\" \/>\n<meta property=\"og:url\" content=\"https:\/\/telefonulcopilului.md\/ru\/podvergaetsya-prenebrezheniju\/\" \/>\n<meta property=\"og:site_name\" content=\"Telefonul Copilului\" \/>\n<meta property=\"article:modified_time\" content=\"2023-01-09T09:40:04+00:00\" \/>\n<meta property=\"og:image\" content=\"https:\/\/telefonulcopilului.md\/wp-content\/uploads\/2022\/12\/prenebregati-nasilie.png\" \/>\n<meta name=\"twitter:card\" content=\"summary_large_image\" \/>\n<meta name=\"twitter:label1\" content=\"\u041f\u0440\u0438\u043c\u0435\u0440\u043d\u043e\u0435 \u0432\u0440\u0435\u043c\u044f \u0434\u043b\u044f \u0447\u0442\u0435\u043d\u0438\u044f\" \/>\n\t<meta name=\"twitter:data1\" content=\"1 \u043c\u0438\u043d\u0443\u0442\u0430\" \/>\n<script type=\"application\/ld+json\" class=\"yoast-schema-graph\">{\"@context\":\"https:\/\/schema.org\",\"@graph\":[{\"@type\":\"WebPage\",\"@id\":\"https:\/\/telefonulcopilului.md\/neglijare\/\",\"url\":\"https:\/\/telefonulcopilului.md\/neglijare\/\",\"name\":\"Neglijare - Telefonul Copilului\",\"isPartOf\":{\"@id\":\"https:\/\/telefonulcopilului.md\/#website\"},\"primaryImageOfPage\":{\"@id\":\"https:\/\/telefonulcopilului.md\/neglijare\/#primaryimage\"},\"image\":{\"@id\":\"https:\/\/telefonulcopilului.md\/neglijare\/#primaryimage\"},\"thumbnailUrl\":\"https:\/\/telefonulcopilului.md\/wp-content\/uploads\/2022\/12\/prenebregati-nasilie.png\",\"datePublished\":\"2022-11-15T14:59:34+00:00\",\"dateModified\":\"2023-01-09T09:40:04+00:00\",\"breadcrumb\":{\"@id\":\"https:\/\/telefonulcopilului.md\/neglijare\/#breadcrumb\"},\"inLanguage\":\"ru-RU\",\"potentialAction\":[{\"@type\":\"ReadAction\",\"target\":[\"https:\/\/telefonulcopilului.md\/neglijare\/\"]}]},{\"@type\":\"ImageObject\",\"inLanguage\":\"ru-RU\",\"@id\":\"https:\/\/telefonulcopilului.md\/neglijare\/#primaryimage\",\"url\":\"https:\/\/telefonulcopilului.md\/wp-content\/uploads\/2022\/12\/prenebregati-nasilie.png\",\"contentUrl\":\"https:\/\/telefonulcopilului.md\/wp-content\/uploads\/2022\/12\/prenebregati-nasilie.png\"},{\"@type\":\"BreadcrumbList\",\"@id\":\"https:\/\/telefonulcopilului.md\/neglijare\/#breadcrumb\",\"itemListElement\":[{\"@type\":\"ListItem\",\"position\":1,\"name\":\"Home\",\"item\":\"https:\/\/telefonulcopilului.md\/\"},{\"@type\":\"ListItem\",\"position\":2,\"name\":\"Neglijare\"}]},{\"@type\":\"WebSite\",\"@id\":\"https:\/\/telefonulcopilului.md\/#website\",\"url\":\"https:\/\/telefonulcopilului.md\/\",\"name\":\"Telefonul Copilului\",\"description\":\"116 111\",\"potentialAction\":[{\"@type\":\"SearchAction\",\"target\":{\"@type\":\"EntryPoint\",\"urlTemplate\":\"https:\/\/telefonulcopilului.md\/?s={search_term_string}\"},\"query-input\":\"required name=search_term_string\"}],\"inLanguage\":\"ru-RU\"}]}<\/script>\n<!-- \/ Yoast SEO Premium plugin. -->","yoast_head_json":{"title":"Neglijare - Telefonul Copilului","robots":{"index":"index","follow":"follow","max-snippet":"max-snippet:-1","max-image-preview":"max-image-preview:large","max-video-preview":"max-video-preview:-1"},"canonical":"https:\/\/telefonulcopilului.md\/ru\/podvergaetsya-prenebrezheniju\/","og_locale":"ru_RU","og_type":"article","og_title":"Neglijare","og_description":"Neglijarea este o form\u0103 nonfizic\u0103 a violen\u0163ei \u0219i reprezint\u0103 incapacitatea sau refuzul adultului de a asigura dezvoltarea copilului \u00een toate aspectele vie\u021bii sale. Neglijarea afecteaz\u0103 negativ at\u00e2t dezvoltarea fizic\u0103 a copilului, c\u00e2t \u0219i cea psihologic\u0103, iar \u00een cazurile extreme, poate conduce la spitalizarea, instalarea unei dizabilit\u0103\u0163i \u015fi\/sau decesul copilului. Copilul poate fi supus urm\u0103toarelor forme [&hellip;]","og_url":"https:\/\/telefonulcopilului.md\/ru\/podvergaetsya-prenebrezheniju\/","og_site_name":"Telefonul Copilului","article_modified_time":"2023-01-09T09:40:04+00:00","og_image":[{"url":"https:\/\/telefonulcopilului.md\/wp-content\/uploads\/2022\/12\/prenebregati-nasilie.png"}],"twitter_card":"summary_large_image","twitter_misc":{"\u041f\u0440\u0438\u043c\u0435\u0440\u043d\u043e\u0435 \u0432\u0440\u0435\u043c\u044f \u0434\u043b\u044f \u0447\u0442\u0435\u043d\u0438\u044f":"1 \u043c\u0438\u043d\u0443\u0442\u0430"},"schema":{"@context":"https:\/\/schema.org","@graph":[{"@type":"WebPage","@id":"https:\/\/telefonulcopilului.md\/neglijare\/","url":"https:\/\/telefonulcopilului.md\/neglijare\/","name":"Neglijare - Telefonul Copilului","isPartOf":{"@id":"https:\/\/telefonulcopilului.md\/#website"},"primaryImageOfPage":{"@id":"https:\/\/telefonulcopilului.md\/neglijare\/#primaryimage"},"image":{"@id":"https:\/\/telefonulcopilului.md\/neglijare\/#primaryimage"},"thumbnailUrl":"https:\/\/telefonulcopilului.md\/wp-content\/uploads\/2022\/12\/prenebregati-nasilie.png","datePublished":"2022-11-15T14:59:34+00:00","dateModified":"2023-01-09T09:40:04+00:00","breadcrumb":{"@id":"https:\/\/telefonulcopilului.md\/neglijare\/#breadcrumb"},"inLanguage":"ru-RU","potentialAction":[{"@type":"ReadAction","target":["https:\/\/telefonulcopilului.md\/neglijare\/"]}]},{"@type":"ImageObject","inLanguage":"ru-RU","@id":"https:\/\/telefonulcopilului.md\/neglijare\/#primaryimage","url":"https:\/\/telefonulcopilului.md\/wp-content\/uploads\/2022\/12\/prenebregati-nasilie.png","contentUrl":"https:\/\/telefonulcopilului.md\/wp-content\/uploads\/2022\/12\/prenebregati-nasilie.png"},{"@type":"BreadcrumbList","@id":"https:\/\/telefonulcopilului.md\/neglijare\/#breadcrumb","itemListElement":[{"@type":"ListItem","position":1,"name":"Home","item":"https:\/\/telefonulcopilului.md\/"},{"@type":"ListItem","position":2,"name":"Neglijare"}]},{"@type":"WebSite","@id":"https:\/\/telefonulcopilului.md\/#website","url":"https:\/\/telefonulcopilului.md\/","name":"Telefonul Copilului","description":"116 111","potentialAction":[{"@type":"SearchAction","target":{"@type":"EntryPoint","urlTemplate":"https:\/\/telefonulcopilului.md\/?s={search_term_string}"},"query-input":"required name=search_term_string"}],"inLanguage":"ru-RU"}]}},"_links":{"self":[{"href":"https:\/\/telefonulcopilului.md\/ru\/wp-json\/wp\/v2\/pages\/3764","targetHints":{"allow":["GET"]}}],"collection":[{"href":"https:\/\/telefonulcopilului.md\/ru\/wp-json\/wp\/v2\/pages"}],"about":[{"href":"https:\/\/telefonulcopilului.md\/ru\/wp-json\/wp\/v2\/types\/page"}],"author":[{"embeddable":true,"href":"https:\/\/telefonulcopilului.md\/ru\/wp-json\/wp\/v2\/users\/1"}],"replies":[{"embeddable":true,"href":"https:\/\/telefonulcopilului.md\/ru\/wp-json\/wp\/v2\/comments?post=3764"}],"version-history":[{"count":0,"href":"https:\/\/telefonulcopilului.md\/ru\/wp-json\/wp\/v2\/pages\/3764\/revisions"}],"wp:attachment":[{"href":"https:\/\/telefonulcopilului.md\/ru\/wp-json\/wp\/v2\/media?parent=3764"}],"curies":[{"name":"wp","href":"https:\/\/api.w.org\/{rel}","templated":true}]}}