{"id":3759,"date":"2022-11-15T14:58:29","date_gmt":"2022-11-15T14:58:29","guid":{"rendered":"https:\/\/telefonulcopilului.md\/?page_id=3759"},"modified":"2023-01-09T09:38:57","modified_gmt":"2023-01-09T09:38:57","slug":"violenta-sexuala","status":"publish","type":"page","link":"https:\/\/telefonulcopilului.md\/ru\/violenta-sexuala\/","title":{"rendered":"\u0414\u043e\u043c\u043e\u0433\u0430\u0442\u0435\u043b\u044c\u0441\u0442\u0432\u043e \u0438 \u0441\u0435\u043a\u0441\u0443\u0430\u043b\u044c\u043d\u043e\u0435 \u043d\u0430\u0441\u0438\u043b\u0438\u0435"},"content":{"rendered":"<div data-elementor-type=\"wp-post\" data-elementor-id=\"3759\" class=\"elementor elementor-3759\" data-elementor-post-type=\"page\">\n\t\t\t\t\t\t<section class=\"elementor-section elementor-top-section elementor-element elementor-element-06e3c32 elementor-section-boxed elementor-section-height-default elementor-section-height-default\" data-id=\"06e3c32\" data-element_type=\"section\">\n\t\t\t\t\t\t<div class=\"elementor-container elementor-column-gap-default\">\n\t\t\t\t\t<div class=\"elementor-column elementor-col-50 elementor-top-column elementor-element elementor-element-792018e\" data-id=\"792018e\" data-element_type=\"column\">\n\t\t\t<div class=\"elementor-widget-wrap elementor-element-populated\">\n\t\t\t\t\t\t<div class=\"elementor-element elementor-element-9207dfd elementor-widget elementor-widget-text-editor\" data-id=\"9207dfd\" data-element_type=\"widget\" data-widget_type=\"text-editor.default\">\n\t\t\t\t<div class=\"elementor-widget-container\">\n\t\t\t\t\t\t\t<p>\u0421\u0435\u043a\u0441\u0443\u0430\u043b\u044c\u043d\u043e\u0435 \u043d\u0430\u0441\u0438\u043b\u0438\u0435 \u0432\u043a\u043b\u044e\u0447\u0430\u0435\u0442 \u0432 \u0441\u0435\u0431\u044f \u043b\u044e\u0431\u043e\u0435 \u043d\u0435\u0436\u0435\u043b\u0430\u0442\u0435\u043b\u044c\u043d\u043e\u0435 \u0441\u0435\u043a\u0441\u0443\u0430\u043b\u044c\u043d\u043e\u0435 \u043f\u043e\u0432\u0435\u0434\u0435\u043d\u0438\u0435, \u043d\u0430\u0432\u044f\u0437\u044b\u0432\u0430\u0435\u043c\u043e\u0435 \u043f\u0440\u0438\u043a\u043e\u0441\u043d\u043e\u0432\u0435\u043d\u0438\u044f\u043c\u0438, \u043b\u0430\u0441\u043a\u0430\u043c\u0438, \u043f\u043e\u0446\u0435\u043b\u0443\u044f\u043c\u0438, \u043a\u043e\u0442\u043e\u0440\u043e\u0435 \u043d\u0435 \u043e\u0431\u044f\u0437\u0430\u0442\u0435\u043b\u044c\u043d\u043e \u043f\u0440\u0438\u0447\u0438\u043d\u044f\u0435\u0442 \u0444\u0438\u0437\u0438\u0447\u0435\u0441\u043a\u0443\u044e \u0431\u043e\u043b\u044c, \u043d\u043e \u0432\u044b\u0437\u044b\u0432\u0430\u0435\u0442 \u0443 \u0440\u0435\u0431\u0435\u043d\u043a\u0430 \u0447\u0443\u0432\u0441\u0442\u0432\u043e \u0441\u0442\u044b\u0434\u0430, \u0441\u0442\u0440\u0430\u0445\u0430 \u0438 \u0432\u0438\u043d\u044b, \u0438\u043b\u0438 \u043f\u043e\u0431\u0443\u0436\u0434\u0430\u0435\u0442\/\u0437\u0430\u0441\u0442\u0430\u0432\u043b\u044f\u0435\u0442 \u0440\u0435\u0431\u0435\u043d\u043a\u0430 \u0444\u043e\u0442\u043e\u0433\u0440\u0430\u0444\u0438\u0440\u043e\u0432\u0430\u0442\u044c \u0438 \u0441\u043c\u043e\u0442\u0440\u0435\u0442\u044c \u0444\u0438\u043b\u044c\u043c\u044b, \u0438\u0437\u043e\u0431\u0440\u0430\u0436\u0435\u043d\u0438\u044f \u0441\u0435\u043a\u0441\u0443\u0430\u043b\u044c\u043d\u043e\u0433\u043e \u0445\u0430\u0440\u0430\u043a\u0442\u0435\u0440\u0430 \u0438\u043b\u0438 \u0441\u0446\u0435\u043d.<\/p>\t\t\t\t\t\t<\/div>\n\t\t\t\t<\/div>\n\t\t\t\t\t<\/div>\n\t\t<\/div>\n\t\t\t\t<div class=\"elementor-column elementor-col-50 elementor-top-column elementor-element elementor-element-efcf180\" data-id=\"efcf180\" data-element_type=\"column\">\n\t\t\t<div class=\"elementor-widget-wrap elementor-element-populated\">\n\t\t\t\t\t\t<div class=\"elementor-element elementor-element-75d8081 elementor-widget elementor-widget-image\" data-id=\"75d8081\" data-element_type=\"widget\" data-widget_type=\"image.default\">\n\t\t\t\t<div class=\"elementor-widget-container\">\n\t\t\t\t\t\t\t\t\t\t\t\t\t<img fetchpriority=\"high\" decoding=\"async\" width=\"1000\" height=\"800\" src=\"https:\/\/telefonulcopilului.md\/wp-content\/uploads\/2022\/12\/sexualinoe-nasilie.png\" class=\"attachment-full size-full wp-image-4374\" alt=\"\" srcset=\"https:\/\/telefonulcopilului.md\/wp-content\/uploads\/2022\/12\/sexualinoe-nasilie.png 1000w, https:\/\/telefonulcopilului.md\/wp-content\/uploads\/2022\/12\/sexualinoe-nasilie-300x240.png 300w, https:\/\/telefonulcopilului.md\/wp-content\/uploads\/2022\/12\/sexualinoe-nasilie-768x614.png 768w\" sizes=\"(max-width: 1000px) 100vw, 1000px\" \/>\t\t\t\t\t\t\t\t\t\t\t\t\t<\/div>\n\t\t\t\t<\/div>\n\t\t\t\t\t<\/div>\n\t\t<\/div>\n\t\t\t\t\t<\/div>\n\t\t<\/section>\n\t\t\t\t<\/div>","protected":false},"excerpt":{"rendered":"<p>\u0421\u0435\u043a\u0441\u0443\u0430\u043b\u044c\u043d\u043e\u0435 \u043d\u0430\u0441\u0438\u043b\u0438\u0435 \u0432\u043a\u043b\u044e\u0447\u0430\u0435\u0442 \u0432 \u0441\u0435\u0431\u044f \u043b\u044e\u0431\u043e\u0435 \u043d\u0435\u0436\u0435\u043b\u0430\u0442\u0435\u043b\u044c\u043d\u043e\u0435 \u0441\u0435\u043a\u0441\u0443\u0430\u043b\u044c\u043d\u043e\u0435 \u043f\u043e\u0432\u0435\u0434\u0435\u043d\u0438\u0435, \u043d\u0430\u0432\u044f\u0437\u044b\u0432\u0430\u0435\u043c\u043e\u0435 \u043f\u0440\u0438\u043a\u043e\u0441\u043d\u043e\u0432\u0435\u043d\u0438\u044f\u043c\u0438, \u043b\u0430\u0441\u043a\u0430\u043c\u0438, \u043f\u043e\u0446\u0435\u043b\u0443\u044f\u043c\u0438, \u043a\u043e\u0442\u043e\u0440\u043e\u0435 \u043d\u0435 \u043e\u0431\u044f\u0437\u0430\u0442\u0435\u043b\u044c\u043d\u043e \u043f\u0440\u0438\u0447\u0438\u043d\u044f\u0435\u0442 \u0444\u0438\u0437\u0438\u0447\u0435\u0441\u043a\u0443\u044e \u0431\u043e\u043b\u044c, \u043d\u043e \u0432\u044b\u0437\u044b\u0432\u0430\u0435\u0442 \u0443 \u0440\u0435\u0431\u0435\u043d\u043a\u0430 \u0447\u0443\u0432\u0441\u0442\u0432\u043e \u0441\u0442\u044b\u0434\u0430, \u0441\u0442\u0440\u0430\u0445\u0430 \u0438 \u0432\u0438\u043d\u044b, \u0438\u043b\u0438 \u043f\u043e\u0431\u0443\u0436\u0434\u0430\u0435\u0442\/\u0437\u0430\u0441\u0442\u0430\u0432\u043b\u044f\u0435\u0442 \u0440\u0435\u0431\u0435\u043d\u043a\u0430 \u0444\u043e\u0442\u043e\u0433\u0440\u0430\u0444\u0438\u0440\u043e\u0432\u0430\u0442\u044c \u0438 \u0441\u043c\u043e\u0442\u0440\u0435\u0442\u044c \u0444\u0438\u043b\u044c\u043c\u044b, \u0438\u0437\u043e\u0431\u0440\u0430\u0436\u0435\u043d\u0438\u044f \u0441\u0435\u043a\u0441\u0443\u0430\u043b\u044c\u043d\u043e\u0433\u043e \u0445\u0430\u0440\u0430\u043a\u0442\u0435\u0440\u0430 \u0438\u043b\u0438 \u0441\u0446\u0435\u043d.<\/p>","protected":false},"author":1,"featured_media":0,"parent":0,"menu_order":0,"comment_status":"closed","ping_status":"closed","template":"","meta":{"inline_featured_image":false,"footnotes":""},"class_list":["post-3759","page","type-page","status-publish","hentry"],"yoast_head":"<!-- This site is optimized with the Yoast SEO Premium plugin v22.1 (Yoast SEO v22.4) - https:\/\/yoast.com\/wordpress\/plugins\/seo\/ -->\n<title>Violen\u021ba sexual\u0103 - Telefonul Copilului<\/title>\n<meta name=\"robots\" content=\"index, follow, max-snippet:-1, max-image-preview:large, max-video-preview:-1\" \/>\n<link rel=\"canonical\" href=\"https:\/\/telefonulcopilului.md\/ru\/violenta-sexuala\/\" \/>\n<meta property=\"og:locale\" content=\"ru_RU\" \/>\n<meta property=\"og:type\" content=\"article\" \/>\n<meta property=\"og:title\" content=\"Violen\u021ba sexual\u0103\" \/>\n<meta property=\"og:description\" content=\"Violen\u021ba sexual\u0103 presupune orice comportament sexual nedorit, impus, prin atingeri, m\u00e2ng\u00e2iere, s\u0103rutare, care nu provoac\u0103 neap\u0103rat durere fizic\u0103, dar \u00eel fac pe copil s\u0103 se simt\u0103 ru\u0219inat, speriat \u0219i vinovat, sau \u00eendemnarea\/obligarea copilului s\u0103 fac\u0103 fotografii \u0219i s\u0103 priveasc\u0103 filme, imagini cu scene sexuale.\" \/>\n<meta property=\"og:url\" content=\"https:\/\/telefonulcopilului.md\/ru\/violenta-sexuala\/\" \/>\n<meta property=\"og:site_name\" content=\"Telefonul Copilului\" \/>\n<meta property=\"article:modified_time\" content=\"2023-01-09T09:38:57+00:00\" \/>\n<meta property=\"og:image\" content=\"https:\/\/telefonulcopilului.md\/wp-content\/uploads\/2022\/12\/sexualinoe-nasilie.png\" \/>\n<meta name=\"twitter:card\" content=\"summary_large_image\" \/>\n<meta name=\"twitter:label1\" content=\"\u041f\u0440\u0438\u043c\u0435\u0440\u043d\u043e\u0435 \u0432\u0440\u0435\u043c\u044f \u0434\u043b\u044f \u0447\u0442\u0435\u043d\u0438\u044f\" \/>\n\t<meta name=\"twitter:data1\" content=\"1 \u043c\u0438\u043d\u0443\u0442\u0430\" \/>\n<script type=\"application\/ld+json\" class=\"yoast-schema-graph\">{\"@context\":\"https:\/\/schema.org\",\"@graph\":[{\"@type\":\"WebPage\",\"@id\":\"https:\/\/telefonulcopilului.md\/violenta-sexuala\/\",\"url\":\"https:\/\/telefonulcopilului.md\/violenta-sexuala\/\",\"name\":\"Violen\u021ba sexual\u0103 - Telefonul Copilului\",\"isPartOf\":{\"@id\":\"https:\/\/telefonulcopilului.md\/#website\"},\"primaryImageOfPage\":{\"@id\":\"https:\/\/telefonulcopilului.md\/violenta-sexuala\/#primaryimage\"},\"image\":{\"@id\":\"https:\/\/telefonulcopilului.md\/violenta-sexuala\/#primaryimage\"},\"thumbnailUrl\":\"https:\/\/telefonulcopilului.md\/wp-content\/uploads\/2022\/12\/sexualinoe-nasilie.png\",\"datePublished\":\"2022-11-15T14:58:29+00:00\",\"dateModified\":\"2023-01-09T09:38:57+00:00\",\"breadcrumb\":{\"@id\":\"https:\/\/telefonulcopilului.md\/violenta-sexuala\/#breadcrumb\"},\"inLanguage\":\"ru-RU\",\"potentialAction\":[{\"@type\":\"ReadAction\",\"target\":[\"https:\/\/telefonulcopilului.md\/violenta-sexuala\/\"]}]},{\"@type\":\"ImageObject\",\"inLanguage\":\"ru-RU\",\"@id\":\"https:\/\/telefonulcopilului.md\/violenta-sexuala\/#primaryimage\",\"url\":\"https:\/\/telefonulcopilului.md\/wp-content\/uploads\/2022\/12\/sexualinoe-nasilie.png\",\"contentUrl\":\"https:\/\/telefonulcopilului.md\/wp-content\/uploads\/2022\/12\/sexualinoe-nasilie.png\"},{\"@type\":\"BreadcrumbList\",\"@id\":\"https:\/\/telefonulcopilului.md\/violenta-sexuala\/#breadcrumb\",\"itemListElement\":[{\"@type\":\"ListItem\",\"position\":1,\"name\":\"Home\",\"item\":\"https:\/\/telefonulcopilului.md\/\"},{\"@type\":\"ListItem\",\"position\":2,\"name\":\"Violen\u021ba sexual\u0103\"}]},{\"@type\":\"WebSite\",\"@id\":\"https:\/\/telefonulcopilului.md\/#website\",\"url\":\"https:\/\/telefonulcopilului.md\/\",\"name\":\"Telefonul Copilului\",\"description\":\"116 111\",\"potentialAction\":[{\"@type\":\"SearchAction\",\"target\":{\"@type\":\"EntryPoint\",\"urlTemplate\":\"https:\/\/telefonulcopilului.md\/?s={search_term_string}\"},\"query-input\":\"required name=search_term_string\"}],\"inLanguage\":\"ru-RU\"}]}<\/script>\n<!-- \/ Yoast SEO Premium plugin. -->","yoast_head_json":{"title":"Violen\u021ba sexual\u0103 - Telefonul Copilului","robots":{"index":"index","follow":"follow","max-snippet":"max-snippet:-1","max-image-preview":"max-image-preview:large","max-video-preview":"max-video-preview:-1"},"canonical":"https:\/\/telefonulcopilului.md\/ru\/violenta-sexuala\/","og_locale":"ru_RU","og_type":"article","og_title":"Violen\u021ba sexual\u0103","og_description":"Violen\u021ba sexual\u0103 presupune orice comportament sexual nedorit, impus, prin atingeri, m\u00e2ng\u00e2iere, s\u0103rutare, care nu provoac\u0103 neap\u0103rat durere fizic\u0103, dar \u00eel fac pe copil s\u0103 se simt\u0103 ru\u0219inat, speriat \u0219i vinovat, sau \u00eendemnarea\/obligarea copilului s\u0103 fac\u0103 fotografii \u0219i s\u0103 priveasc\u0103 filme, imagini cu scene sexuale.","og_url":"https:\/\/telefonulcopilului.md\/ru\/violenta-sexuala\/","og_site_name":"Telefonul Copilului","article_modified_time":"2023-01-09T09:38:57+00:00","og_image":[{"url":"https:\/\/telefonulcopilului.md\/wp-content\/uploads\/2022\/12\/sexualinoe-nasilie.png"}],"twitter_card":"summary_large_image","twitter_misc":{"\u041f\u0440\u0438\u043c\u0435\u0440\u043d\u043e\u0435 \u0432\u0440\u0435\u043c\u044f \u0434\u043b\u044f \u0447\u0442\u0435\u043d\u0438\u044f":"1 \u043c\u0438\u043d\u0443\u0442\u0430"},"schema":{"@context":"https:\/\/schema.org","@graph":[{"@type":"WebPage","@id":"https:\/\/telefonulcopilului.md\/violenta-sexuala\/","url":"https:\/\/telefonulcopilului.md\/violenta-sexuala\/","name":"Violen\u021ba sexual\u0103 - Telefonul Copilului","isPartOf":{"@id":"https:\/\/telefonulcopilului.md\/#website"},"primaryImageOfPage":{"@id":"https:\/\/telefonulcopilului.md\/violenta-sexuala\/#primaryimage"},"image":{"@id":"https:\/\/telefonulcopilului.md\/violenta-sexuala\/#primaryimage"},"thumbnailUrl":"https:\/\/telefonulcopilului.md\/wp-content\/uploads\/2022\/12\/sexualinoe-nasilie.png","datePublished":"2022-11-15T14:58:29+00:00","dateModified":"2023-01-09T09:38:57+00:00","breadcrumb":{"@id":"https:\/\/telefonulcopilului.md\/violenta-sexuala\/#breadcrumb"},"inLanguage":"ru-RU","potentialAction":[{"@type":"ReadAction","target":["https:\/\/telefonulcopilului.md\/violenta-sexuala\/"]}]},{"@type":"ImageObject","inLanguage":"ru-RU","@id":"https:\/\/telefonulcopilului.md\/violenta-sexuala\/#primaryimage","url":"https:\/\/telefonulcopilului.md\/wp-content\/uploads\/2022\/12\/sexualinoe-nasilie.png","contentUrl":"https:\/\/telefonulcopilului.md\/wp-content\/uploads\/2022\/12\/sexualinoe-nasilie.png"},{"@type":"BreadcrumbList","@id":"https:\/\/telefonulcopilului.md\/violenta-sexuala\/#breadcrumb","itemListElement":[{"@type":"ListItem","position":1,"name":"Home","item":"https:\/\/telefonulcopilului.md\/"},{"@type":"ListItem","position":2,"name":"Violen\u021ba sexual\u0103"}]},{"@type":"WebSite","@id":"https:\/\/telefonulcopilului.md\/#website","url":"https:\/\/telefonulcopilului.md\/","name":"Telefonul Copilului","description":"116 111","potentialAction":[{"@type":"SearchAction","target":{"@type":"EntryPoint","urlTemplate":"https:\/\/telefonulcopilului.md\/?s={search_term_string}"},"query-input":"required name=search_term_string"}],"inLanguage":"ru-RU"}]}},"_links":{"self":[{"href":"https:\/\/telefonulcopilului.md\/ru\/wp-json\/wp\/v2\/pages\/3759","targetHints":{"allow":["GET"]}}],"collection":[{"href":"https:\/\/telefonulcopilului.md\/ru\/wp-json\/wp\/v2\/pages"}],"about":[{"href":"https:\/\/telefonulcopilului.md\/ru\/wp-json\/wp\/v2\/types\/page"}],"author":[{"embeddable":true,"href":"https:\/\/telefonulcopilului.md\/ru\/wp-json\/wp\/v2\/users\/1"}],"replies":[{"embeddable":true,"href":"https:\/\/telefonulcopilului.md\/ru\/wp-json\/wp\/v2\/comments?post=3759"}],"version-history":[{"count":0,"href":"https:\/\/telefonulcopilului.md\/ru\/wp-json\/wp\/v2\/pages\/3759\/revisions"}],"wp:attachment":[{"href":"https:\/\/telefonulcopilului.md\/ru\/wp-json\/wp\/v2\/media?parent=3759"}],"curies":[{"name":"wp","href":"https:\/\/api.w.org\/{rel}","templated":true}]}}