{"id":3750,"date":"2022-11-15T14:56:59","date_gmt":"2022-11-15T14:56:59","guid":{"rendered":"https:\/\/telefonulcopilului.md\/?page_id=3750"},"modified":"2023-01-09T09:38:03","modified_gmt":"2023-01-09T09:38:03","slug":"violenta-psihologica","status":"publish","type":"page","link":"https:\/\/telefonulcopilului.md\/ru\/violenta-psihologica\/","title":{"rendered":"\u041f\u0441\u0438\u0445\u043e\u043b\u043e\u0433\u0438\u0447\u0435\u0441\u043a\u043e\u0435 \u043d\u0430\u0441\u0438\u043b\u0438\u0435"},"content":{"rendered":"<div data-elementor-type=\"wp-post\" data-elementor-id=\"3750\" class=\"elementor elementor-3750\" data-elementor-post-type=\"page\">\n\t\t\t\t\t\t<section class=\"elementor-section elementor-top-section elementor-element elementor-element-472698e elementor-section-boxed elementor-section-height-default elementor-section-height-default\" data-id=\"472698e\" data-element_type=\"section\">\n\t\t\t\t\t\t<div class=\"elementor-container elementor-column-gap-default\">\n\t\t\t\t\t<div class=\"elementor-column elementor-col-50 elementor-top-column elementor-element elementor-element-45eda5b\" data-id=\"45eda5b\" data-element_type=\"column\">\n\t\t\t<div class=\"elementor-widget-wrap elementor-element-populated\">\n\t\t\t\t\t\t<div class=\"elementor-element elementor-element-dbbcbdb elementor-widget elementor-widget-text-editor\" data-id=\"dbbcbdb\" data-element_type=\"widget\" data-widget_type=\"text-editor.default\">\n\t\t\t\t<div class=\"elementor-widget-container\">\n\t\t\t\t\t\t\t<p>\u041f\u0441\u0438\u0445\u043e\u043b\u043e\u0433\u0438\u0447\u0435\u0441\u043a\u043e\u0435 \u043d\u0430\u0441\u0438\u043b\u0438\u0435 \u2013 \u0438\u0441\u043f\u043e\u043b\u044c\u0437\u043e\u0432\u0430\u043d\u0438\u0435 \u0441\u043b\u043e\u0432, \u043f\u0440\u0438\u0447\u0438\u043d\u044f\u044e\u0449\u0435\u0435 \u044d\u043c\u043e\u0446\u0438\u043e\u043d\u0430\u043b\u044c\u043d\u043e\u0435 \u0441\u0442\u0440\u0430\u0434\u0430\u043d\u0438\u0435 \u0447\u0435\u043b\u043e\u0432\u0435\u043a\u0443 \u0438 \u043f\u0440\u043e\u044f\u0432\u043b\u044f\u044e\u0449\u0435\u0435\u0441\u044f: \u0438\u0437\u0434\u0435\u0432\u0430\u0442\u0435\u043b\u044c\u0441\u0442\u0432\u043e\u043c, \u043e\u0441\u043a\u043e\u0440\u0431\u043b\u0435\u043d\u0438\u044f\u043c\u0438, \u0441\u043f\u043b\u0435\u0442\u043d\u044f\u043c\u0438, \u043a\u043b\u0435\u0432\u0435\u0442\u043e\u0439, \u043e\u0441\u043a\u043e\u0440\u0431\u0438\u0442\u0435\u043b\u044c\u043d\u043e\u0439 \u043a\u0440\u0438\u0442\u0438\u043a\u043e\u0439, \u0443\u043d\u0438\u0436\u0435\u043d\u0438\u0435\u043c, \u0448\u0430\u043d\u0442\u0430\u0436\u043e\u043c, \u0438\u0437\u043e\u043b\u044f\u0446\u0438\u0435\u0439, \u043d\u0430\u0432\u0435\u0448\u0438\u0432\u0430\u043d\u0438\u0435\u043c \u043f\u0440\u043e\u0437\u0432\u0438\u0449 \u0438 \u0442.\u043f. \u0420\u0435\u0447\u044c \u0437\u0434\u0435\u0441\u044c \u0442\u0430\u043a\u0436\u0435 \u0438\u0434\u0435\u0442 \u043e \u0441\u043b\u043e\u0432\u0435\u0441\u043d\u043e\u043c \u043d\u0430\u0441\u0438\u043b\u0438\u0438, \u043f\u043e\u0434 \u043a\u043e\u0442\u043e\u0440\u044b\u043c \u043f\u043e\u0434\u0440\u0430\u0437\u0443\u043c\u0435\u0432\u0430\u0435\u0442\u0441\u044f \u043e\u0431\u0440\u0430\u0449\u0435\u043d\u0438\u0435 \u0447\u0435\u0440\u0435\u0437 \u043e\u0441\u043a\u043e\u0440\u0431\u0438\u0442\u0435\u043b\u044c\u043d\u044b\u0435, \u0433\u0440\u0443\u0431\u044b\u0435 \u0432\u044b\u0440\u0430\u0436\u0435\u043d\u0438\u044f, \u0443\u0433\u0440\u043e\u0437\u044b \u0438 \u043a\u0440\u0438\u043a\u0438.<\/p><p>\u041c\u044b \u0440\u0430\u0441\u043f\u043e\u0437\u043d\u0430\u0435\u043c \u0442\u0430\u043a\u0438\u0435 \u043f\u0441\u0438\u0445\u043e-\u043f\u043e\u0432\u0435\u0434\u0435\u043d\u0447\u0435\u0441\u043a\u0438\u0435 \u043f\u0440\u0438\u0437\u043d\u0430\u043a\u0438, \u043a\u0430\u043a \u043f\u043b\u0430\u0447, \u0430\u0433\u0440\u0435\u0441\u0441\u0438\u044f \u0438\u043b\u0438 \u043f\u0430\u0441\u0441\u0438\u0432\u043d\u043e\u0441\u0442\u044c, \u043d\u0430\u0441\u0438\u043b\u0438\u0435 \u043f\u043e \u043e\u0442\u043d\u043e\u0448\u0435\u043d\u0438\u044e \u043a \u0436\u0438\u0432\u043e\u0442\u043d\u044b\u043c, \u043e\u0442\u0441\u0443\u0442\u0441\u0442\u0432\u0438\u0435 \u0438\u043d\u0442\u0435\u0440\u0435\u0441\u0430 \u043a \u0438\u0433\u0440\u0430\u043c \u0438 \u0437\u0430\u043d\u044f\u0442\u0438\u044f\u043c, \u0441\u0442\u0440\u0430\u0445 \u043f\u0435\u0440\u0435\u0434 \u0432\u0437\u0440\u043e\u0441\u043b\u044b\u043c\u0438 \u0438\u043b\u0438 \u043e\u043f\u0440\u0435\u0434\u0435\u043b\u0435\u043d\u043d\u044b\u043c\u0438 \u043c\u0435\u0441\u0442\u0430\u043c\u0438 \u0432 \u0440\u0435\u0437\u0443\u043b\u044c\u0442\u0430\u0442\u0435 \u0442\u043e\u0433\u043e, \u0447\u0442\u043e \u0440\u0435\u0431\u0435\u043d\u043e\u043a \u043f\u043e\u0434\u0432\u0435\u0440\u0433\u0430\u0435\u0442\u0441\u044f \u043d\u0430\u0441\u0438\u043b\u0438\u044e.<\/p>\t\t\t\t\t\t<\/div>\n\t\t\t\t<\/div>\n\t\t\t\t\t<\/div>\n\t\t<\/div>\n\t\t\t\t<div class=\"elementor-column elementor-col-50 elementor-top-column elementor-element elementor-element-87d20c3\" data-id=\"87d20c3\" data-element_type=\"column\">\n\t\t\t<div class=\"elementor-widget-wrap elementor-element-populated\">\n\t\t\t\t\t\t<div class=\"elementor-element elementor-element-e213e17 elementor-widget elementor-widget-image\" data-id=\"e213e17\" data-element_type=\"widget\" data-widget_type=\"image.default\">\n\t\t\t\t<div class=\"elementor-widget-container\">\n\t\t\t\t\t\t\t\t\t\t\t\t\t<img fetchpriority=\"high\" decoding=\"async\" width=\"1000\" height=\"800\" src=\"https:\/\/telefonulcopilului.md\/wp-content\/uploads\/2022\/12\/psihologicheskoe-nasilie.png\" class=\"attachment-full size-full wp-image-4369\" alt=\"\" srcset=\"https:\/\/telefonulcopilului.md\/wp-content\/uploads\/2022\/12\/psihologicheskoe-nasilie.png 1000w, https:\/\/telefonulcopilului.md\/wp-content\/uploads\/2022\/12\/psihologicheskoe-nasilie-300x240.png 300w, https:\/\/telefonulcopilului.md\/wp-content\/uploads\/2022\/12\/psihologicheskoe-nasilie-768x614.png 768w\" sizes=\"(max-width: 1000px) 100vw, 1000px\" \/>\t\t\t\t\t\t\t\t\t\t\t\t\t<\/div>\n\t\t\t\t<\/div>\n\t\t\t\t\t<\/div>\n\t\t<\/div>\n\t\t\t\t\t<\/div>\n\t\t<\/section>\n\t\t\t\t<\/div>","protected":false},"excerpt":{"rendered":"<p>Violen\u021ba psihologic\u0103 \u2013 utilizarea unui limbaj care provoc\u0103 suferin\u021b\u0103 emo\u021bional\u0103 unei persoane \u0219i se manifest\u0103 prin: batjocor\u0103, jigniri, b\u00e2rfe,\u00a0 calomniere, critic\u0103 ofensatoare, umilire, \u0219antaj, izolare, etichetare, etc. Tot aici vorbim \u0219i despre violen\u021ba verbal\u0103, care \u00eenseamn\u0103 adresarea printr-un limbaj jignitor, brutal, utilizarea de insulte, amenin\u0163\u0103ri, \u021bipete, cuvinte \u015fi expresii umilitoare. Vom recunoa\u0219te semne psiho-comportamentale, precum: [&hellip;]<\/p>","protected":false},"author":1,"featured_media":0,"parent":0,"menu_order":0,"comment_status":"closed","ping_status":"closed","template":"","meta":{"inline_featured_image":false,"footnotes":""},"class_list":["post-3750","page","type-page","status-publish","hentry"],"yoast_head":"<!-- This site is optimized with the Yoast SEO Premium plugin v22.1 (Yoast SEO v22.4) - https:\/\/yoast.com\/wordpress\/plugins\/seo\/ -->\n<title>Violen\u021ba psihologic\u0103 - Telefonul Copilului<\/title>\n<meta name=\"robots\" content=\"index, follow, max-snippet:-1, max-image-preview:large, max-video-preview:-1\" \/>\n<link rel=\"canonical\" href=\"https:\/\/telefonulcopilului.md\/ru\/violenta-psihologica\/\" \/>\n<meta property=\"og:locale\" content=\"ru_RU\" \/>\n<meta property=\"og:type\" content=\"article\" \/>\n<meta property=\"og:title\" content=\"Violen\u021ba psihologic\u0103\" \/>\n<meta property=\"og:description\" content=\"Violen\u021ba psihologic\u0103 \u2013 utilizarea unui limbaj care provoc\u0103 suferin\u021b\u0103 emo\u021bional\u0103 unei persoane \u0219i se manifest\u0103 prin: batjocor\u0103, jigniri, b\u00e2rfe,\u00a0 calomniere, critic\u0103 ofensatoare, umilire, \u0219antaj, izolare, etichetare, etc. Tot aici vorbim \u0219i despre violen\u021ba verbal\u0103, care \u00eenseamn\u0103 adresarea printr-un limbaj jignitor, brutal, utilizarea de insulte, amenin\u0163\u0103ri, \u021bipete, cuvinte \u015fi expresii umilitoare. Vom recunoa\u0219te semne psiho-comportamentale, precum: [&hellip;]\" \/>\n<meta property=\"og:url\" content=\"https:\/\/telefonulcopilului.md\/ru\/violenta-psihologica\/\" \/>\n<meta property=\"og:site_name\" content=\"Telefonul Copilului\" \/>\n<meta property=\"article:modified_time\" content=\"2023-01-09T09:38:03+00:00\" \/>\n<meta property=\"og:image\" content=\"https:\/\/telefonulcopilului.md\/wp-content\/uploads\/2022\/12\/psihologicheskoe-nasilie.png\" \/>\n<meta name=\"twitter:card\" content=\"summary_large_image\" \/>\n<meta name=\"twitter:label1\" content=\"\u041f\u0440\u0438\u043c\u0435\u0440\u043d\u043e\u0435 \u0432\u0440\u0435\u043c\u044f \u0434\u043b\u044f \u0447\u0442\u0435\u043d\u0438\u044f\" \/>\n\t<meta name=\"twitter:data1\" content=\"1 \u043c\u0438\u043d\u0443\u0442\u0430\" \/>\n<script type=\"application\/ld+json\" class=\"yoast-schema-graph\">{\"@context\":\"https:\/\/schema.org\",\"@graph\":[{\"@type\":\"WebPage\",\"@id\":\"https:\/\/telefonulcopilului.md\/violenta-psihologica\/\",\"url\":\"https:\/\/telefonulcopilului.md\/violenta-psihologica\/\",\"name\":\"Violen\u021ba psihologic\u0103 - Telefonul Copilului\",\"isPartOf\":{\"@id\":\"https:\/\/telefonulcopilului.md\/#website\"},\"primaryImageOfPage\":{\"@id\":\"https:\/\/telefonulcopilului.md\/violenta-psihologica\/#primaryimage\"},\"image\":{\"@id\":\"https:\/\/telefonulcopilului.md\/violenta-psihologica\/#primaryimage\"},\"thumbnailUrl\":\"https:\/\/telefonulcopilului.md\/wp-content\/uploads\/2022\/12\/psihologicheskoe-nasilie.png\",\"datePublished\":\"2022-11-15T14:56:59+00:00\",\"dateModified\":\"2023-01-09T09:38:03+00:00\",\"breadcrumb\":{\"@id\":\"https:\/\/telefonulcopilului.md\/violenta-psihologica\/#breadcrumb\"},\"inLanguage\":\"ru-RU\",\"potentialAction\":[{\"@type\":\"ReadAction\",\"target\":[\"https:\/\/telefonulcopilului.md\/violenta-psihologica\/\"]}]},{\"@type\":\"ImageObject\",\"inLanguage\":\"ru-RU\",\"@id\":\"https:\/\/telefonulcopilului.md\/violenta-psihologica\/#primaryimage\",\"url\":\"https:\/\/telefonulcopilului.md\/wp-content\/uploads\/2022\/12\/psihologicheskoe-nasilie.png\",\"contentUrl\":\"https:\/\/telefonulcopilului.md\/wp-content\/uploads\/2022\/12\/psihologicheskoe-nasilie.png\"},{\"@type\":\"BreadcrumbList\",\"@id\":\"https:\/\/telefonulcopilului.md\/violenta-psihologica\/#breadcrumb\",\"itemListElement\":[{\"@type\":\"ListItem\",\"position\":1,\"name\":\"Home\",\"item\":\"https:\/\/telefonulcopilului.md\/\"},{\"@type\":\"ListItem\",\"position\":2,\"name\":\"Violen\u021ba psihologic\u0103\"}]},{\"@type\":\"WebSite\",\"@id\":\"https:\/\/telefonulcopilului.md\/#website\",\"url\":\"https:\/\/telefonulcopilului.md\/\",\"name\":\"Telefonul Copilului\",\"description\":\"116 111\",\"potentialAction\":[{\"@type\":\"SearchAction\",\"target\":{\"@type\":\"EntryPoint\",\"urlTemplate\":\"https:\/\/telefonulcopilului.md\/?s={search_term_string}\"},\"query-input\":\"required name=search_term_string\"}],\"inLanguage\":\"ru-RU\"}]}<\/script>\n<!-- \/ Yoast SEO Premium plugin. -->","yoast_head_json":{"title":"Violen\u021ba psihologic\u0103 - Telefonul Copilului","robots":{"index":"index","follow":"follow","max-snippet":"max-snippet:-1","max-image-preview":"max-image-preview:large","max-video-preview":"max-video-preview:-1"},"canonical":"https:\/\/telefonulcopilului.md\/ru\/violenta-psihologica\/","og_locale":"ru_RU","og_type":"article","og_title":"Violen\u021ba psihologic\u0103","og_description":"Violen\u021ba psihologic\u0103 \u2013 utilizarea unui limbaj care provoc\u0103 suferin\u021b\u0103 emo\u021bional\u0103 unei persoane \u0219i se manifest\u0103 prin: batjocor\u0103, jigniri, b\u00e2rfe,\u00a0 calomniere, critic\u0103 ofensatoare, umilire, \u0219antaj, izolare, etichetare, etc. Tot aici vorbim \u0219i despre violen\u021ba verbal\u0103, care \u00eenseamn\u0103 adresarea printr-un limbaj jignitor, brutal, utilizarea de insulte, amenin\u0163\u0103ri, \u021bipete, cuvinte \u015fi expresii umilitoare. Vom recunoa\u0219te semne psiho-comportamentale, precum: [&hellip;]","og_url":"https:\/\/telefonulcopilului.md\/ru\/violenta-psihologica\/","og_site_name":"Telefonul Copilului","article_modified_time":"2023-01-09T09:38:03+00:00","og_image":[{"url":"https:\/\/telefonulcopilului.md\/wp-content\/uploads\/2022\/12\/psihologicheskoe-nasilie.png"}],"twitter_card":"summary_large_image","twitter_misc":{"\u041f\u0440\u0438\u043c\u0435\u0440\u043d\u043e\u0435 \u0432\u0440\u0435\u043c\u044f \u0434\u043b\u044f \u0447\u0442\u0435\u043d\u0438\u044f":"1 \u043c\u0438\u043d\u0443\u0442\u0430"},"schema":{"@context":"https:\/\/schema.org","@graph":[{"@type":"WebPage","@id":"https:\/\/telefonulcopilului.md\/violenta-psihologica\/","url":"https:\/\/telefonulcopilului.md\/violenta-psihologica\/","name":"Violen\u021ba psihologic\u0103 - Telefonul Copilului","isPartOf":{"@id":"https:\/\/telefonulcopilului.md\/#website"},"primaryImageOfPage":{"@id":"https:\/\/telefonulcopilului.md\/violenta-psihologica\/#primaryimage"},"image":{"@id":"https:\/\/telefonulcopilului.md\/violenta-psihologica\/#primaryimage"},"thumbnailUrl":"https:\/\/telefonulcopilului.md\/wp-content\/uploads\/2022\/12\/psihologicheskoe-nasilie.png","datePublished":"2022-11-15T14:56:59+00:00","dateModified":"2023-01-09T09:38:03+00:00","breadcrumb":{"@id":"https:\/\/telefonulcopilului.md\/violenta-psihologica\/#breadcrumb"},"inLanguage":"ru-RU","potentialAction":[{"@type":"ReadAction","target":["https:\/\/telefonulcopilului.md\/violenta-psihologica\/"]}]},{"@type":"ImageObject","inLanguage":"ru-RU","@id":"https:\/\/telefonulcopilului.md\/violenta-psihologica\/#primaryimage","url":"https:\/\/telefonulcopilului.md\/wp-content\/uploads\/2022\/12\/psihologicheskoe-nasilie.png","contentUrl":"https:\/\/telefonulcopilului.md\/wp-content\/uploads\/2022\/12\/psihologicheskoe-nasilie.png"},{"@type":"BreadcrumbList","@id":"https:\/\/telefonulcopilului.md\/violenta-psihologica\/#breadcrumb","itemListElement":[{"@type":"ListItem","position":1,"name":"Home","item":"https:\/\/telefonulcopilului.md\/"},{"@type":"ListItem","position":2,"name":"Violen\u021ba psihologic\u0103"}]},{"@type":"WebSite","@id":"https:\/\/telefonulcopilului.md\/#website","url":"https:\/\/telefonulcopilului.md\/","name":"Telefonul Copilului","description":"116 111","potentialAction":[{"@type":"SearchAction","target":{"@type":"EntryPoint","urlTemplate":"https:\/\/telefonulcopilului.md\/?s={search_term_string}"},"query-input":"required name=search_term_string"}],"inLanguage":"ru-RU"}]}},"_links":{"self":[{"href":"https:\/\/telefonulcopilului.md\/ru\/wp-json\/wp\/v2\/pages\/3750","targetHints":{"allow":["GET"]}}],"collection":[{"href":"https:\/\/telefonulcopilului.md\/ru\/wp-json\/wp\/v2\/pages"}],"about":[{"href":"https:\/\/telefonulcopilului.md\/ru\/wp-json\/wp\/v2\/types\/page"}],"author":[{"embeddable":true,"href":"https:\/\/telefonulcopilului.md\/ru\/wp-json\/wp\/v2\/users\/1"}],"replies":[{"embeddable":true,"href":"https:\/\/telefonulcopilului.md\/ru\/wp-json\/wp\/v2\/comments?post=3750"}],"version-history":[{"count":0,"href":"https:\/\/telefonulcopilului.md\/ru\/wp-json\/wp\/v2\/pages\/3750\/revisions"}],"wp:attachment":[{"href":"https:\/\/telefonulcopilului.md\/ru\/wp-json\/wp\/v2\/media?parent=3750"}],"curies":[{"name":"wp","href":"https:\/\/api.w.org\/{rel}","templated":true}]}}