{"id":3730,"date":"2022-11-10T11:03:24","date_gmt":"2022-11-10T11:03:24","guid":{"rendered":"https:\/\/telefonulcopilului.md\/?page_id=3730"},"modified":"2023-01-09T09:35:11","modified_gmt":"2023-01-09T09:35:11","slug":"parinti","status":"publish","type":"page","link":"https:\/\/telefonulcopilului.md\/ru\/parinti\/","title":{"rendered":"\u0420\u043e\u0434\u0438\u0442\u0435\u043b\u044f\u043c"},"content":{"rendered":"<div data-elementor-type=\"wp-post\" data-elementor-id=\"3730\" class=\"elementor elementor-3730\" data-elementor-post-type=\"page\">\n\t\t\t\t\t\t<section class=\"elementor-section elementor-top-section elementor-element elementor-element-a70b6c4 elementor-section-boxed elementor-section-height-default elementor-section-height-default\" data-id=\"a70b6c4\" data-element_type=\"section\">\n\t\t\t\t\t\t<div class=\"elementor-container elementor-column-gap-default\">\n\t\t\t\t\t<div class=\"elementor-column elementor-col-50 elementor-top-column elementor-element elementor-element-4019559\" data-id=\"4019559\" data-element_type=\"column\">\n\t\t\t<div class=\"elementor-widget-wrap elementor-element-populated\">\n\t\t\t\t\t\t<div class=\"elementor-element elementor-element-2c5ecda elementor-widget elementor-widget-text-editor\" data-id=\"2c5ecda\" data-element_type=\"widget\" data-widget_type=\"text-editor.default\">\n\t\t\t\t<div class=\"elementor-widget-container\">\n\t\t\t\t\t\t\t<ul class=\"wgl-check tertiary-color\"><li>\u041e\u0446\u0435\u043d\u0438\u0432\u0430\u0435\u043c \u043d\u0430\u0441\u0443\u0449\u043d\u044b\u0435 \u043f\u043e\u0442\u0440\u0435\u0431\u043d\u043e\u0441\u0442\u0438 \u0440\u0435\u0431\u0435\u043d\u043a\u0430 \u0438 \u043f\u043e\u0442\u0435\u043d\u0446\u0438\u0430\u043b\u044c\u043d\u044b\u0439 \u0440\u0438\u0441\u043a \u043f\u043e\u0434\u0432\u0435\u0440\u0433\u043d\u0443\u0442\u044c\u0441\u044f \u043d\u0430\u0441\u0438\u043b\u0438\u044e, \u0431\u0435\u0437\u043d\u0430\u0434\u0437\u043e\u0440\u043d\u043e\u0441\u0442\u0438, \u0442\u043e\u0440\u0433\u043e\u0432\u043b\u0435 \u043b\u044e\u0434\u044c\u043c\u0438 \u0438\u043b\u0438 \u043d\u0430\u0440\u0443\u0448\u0435\u043d\u0438\u044e \u0435\u0433\u043e \u043f\u0440\u0430\u0432.<\/li><li>\u041f\u0440\u0435\u0434\u043e\u0441\u0442\u0430\u0432\u043b\u044f\u0435\u043c \u043a\u043e\u043d\u0441\u0443\u043b\u044c\u0442\u0430\u0446\u0438\u0438 \u043f\u043e \u043f\u0440\u0430\u0432\u0430\u043c \u0440\u0435\u0431\u0435\u043d\u043a\u0430 \u0438 \u0438\u043d\u0444\u043e\u0440\u043c\u0430\u0446\u0438\u044e \u043e \u0441\u0438\u0441\u0442\u0435\u043c\u0435 \u0437\u0430\u0449\u0438\u0442\u044b \u0440\u0435\u0431\u0435\u043d\u043a\u0430.<\/li><li>\u041e\u043a\u0430\u0437\u044b\u0432\u0430\u0435\u043c \u043f\u0441\u0438\u0445\u043e\u043b\u043e\u0433\u0438\u0447\u0435\u0441\u043a\u0443\u044e \u043f\u043e\u043c\u043e\u0449\u044c \u043f\u043e \u0442\u0435\u043b\u0435\u0444\u043e\u043d\u0443 \u0438 \u0432 \u0447\u0430\u0442\u0435 \u0440\u043e\u0434\u0438\u0442\u0435\u043b\u044f\u043c \u0438 \u0432\u0437\u0440\u043e\u0441\u043b\u044b\u043c, \u043d\u0430 \u043f\u043e\u043f\u0435\u0447\u0435\u043d\u0438\u0438 \u043a\u043e\u0442\u043e\u0440\u044b\u0445 \u043d\u0430\u0445\u043e\u0434\u044f\u0442\u0441\u044f \u043d\u0435\u0441\u043e\u0432\u0435\u0440\u0448\u0435\u043d\u043d\u043e\u043b\u0435\u0442\u043d\u0438\u0435 \u0438 \u043a\u043e\u0442\u043e\u0440\u044b\u0435 \u0441\u0442\u0430\u043b\u043a\u0438\u0432\u0430\u044e\u0442\u0441\u044f \u0441 \u0440\u0430\u0437\u043b\u0438\u0447\u043d\u044b\u043c\u0438 \u0442\u0440\u0443\u0434\u043d\u043e\u0441\u0442\u044f\u043c\u0438.<\/li><\/ul>\t\t\t\t\t\t<\/div>\n\t\t\t\t<\/div>\n\t\t\t\t\t<\/div>\n\t\t<\/div>\n\t\t\t\t<div class=\"elementor-column elementor-col-50 elementor-top-column elementor-element elementor-element-b724b87\" data-id=\"b724b87\" data-element_type=\"column\">\n\t\t\t<div class=\"elementor-widget-wrap elementor-element-populated\">\n\t\t\t\t\t\t<div class=\"elementor-element elementor-element-3adc76d elementor-widget elementor-widget-wgl-image-layers\" data-id=\"3adc76d\" data-element_type=\"widget\" data-widget_type=\"wgl-image-layers.default\">\n\t\t\t\t<div class=\"elementor-widget-container\">\n\t\t\t<div class=\"wgl-image-layers\"><div class=\"img-layer_image-wrapper slide_right\" style=\"z-index: 1\">\r\n                <div class=\"img-layer_item\" style=\"transform: translate(0%, 0%);\">\r\n                    <div class=\"img-layer_image\" style=\"transition: all 800ms; transition-delay: 600ms;\">\r\n                        <img decoding=\"async\" src=\"https:\/\/telefonulcopilului.md\/wp-content\/uploads\/2022\/12\/uslighi-roditeleam.png\" alt=\"uslighi-roditeleam\" \/>\r\n                    <\/div>\r\n                <\/div>\r\n            <\/div> <\/div>\t\t<\/div>\n\t\t\t\t<\/div>\n\t\t\t\t\t<\/div>\n\t\t<\/div>\n\t\t\t\t\t<\/div>\n\t\t<\/section>\n\t\t\t\t<\/div>","protected":false},"excerpt":{"rendered":"<p>Evalueaz\u0103 necesit\u0103\u021bile imediate \u0219i poten\u021bialul risc de expunere a copilului la violen\u021b\u0103, neglijare, trafic sau \u00eenc\u0103lcare a drepturilor lor. Acord\u0103 consultan\u021b\u0103 referitor la drepturile copilului \u0219i informare privind sistemul de protec\u021bie al acestuia. Ofer\u0103 consiliere psihologic\u0103 la telefon \u0219i \u00een chat p\u0103rin\u021bilor \u0219i adul\u021bilor care au \u00een grija sa minori \u0219i se confrunt\u0103 cu diverse [&hellip;]<\/p>","protected":false},"author":1,"featured_media":0,"parent":0,"menu_order":0,"comment_status":"closed","ping_status":"closed","template":"","meta":{"inline_featured_image":false,"footnotes":""},"class_list":["post-3730","page","type-page","status-publish","hentry"],"yoast_head":"<!-- This site is optimized with the Yoast SEO Premium plugin v22.1 (Yoast SEO v22.4) - https:\/\/yoast.com\/wordpress\/plugins\/seo\/ -->\n<title>P\u0103rin\u021bi - Telefonul Copilului<\/title>\n<meta name=\"robots\" content=\"index, follow, max-snippet:-1, max-image-preview:large, max-video-preview:-1\" \/>\n<link rel=\"canonical\" href=\"https:\/\/telefonulcopilului.md\/ru\/parinti\/\" \/>\n<meta property=\"og:locale\" content=\"ru_RU\" \/>\n<meta property=\"og:type\" content=\"article\" \/>\n<meta property=\"og:title\" content=\"P\u0103rin\u021bi\" \/>\n<meta property=\"og:description\" content=\"Evalueaz\u0103 necesit\u0103\u021bile imediate \u0219i poten\u021bialul risc de expunere a copilului la violen\u021b\u0103, neglijare, trafic sau \u00eenc\u0103lcare a drepturilor lor. Acord\u0103 consultan\u021b\u0103 referitor la drepturile copilului \u0219i informare privind sistemul de protec\u021bie al acestuia. Ofer\u0103 consiliere psihologic\u0103 la telefon \u0219i \u00een chat p\u0103rin\u021bilor \u0219i adul\u021bilor care au \u00een grija sa minori \u0219i se confrunt\u0103 cu diverse [&hellip;]\" \/>\n<meta property=\"og:url\" content=\"https:\/\/telefonulcopilului.md\/ru\/parinti\/\" \/>\n<meta property=\"og:site_name\" content=\"Telefonul Copilului\" \/>\n<meta property=\"article:modified_time\" content=\"2023-01-09T09:35:11+00:00\" \/>\n<meta property=\"og:image\" content=\"https:\/\/telefonulcopilului.md\/wp-content\/uploads\/2022\/12\/uslighi-roditeleam.png\" \/>\n<meta name=\"twitter:card\" content=\"summary_large_image\" \/>\n<meta name=\"twitter:label1\" content=\"\u041f\u0440\u0438\u043c\u0435\u0440\u043d\u043e\u0435 \u0432\u0440\u0435\u043c\u044f \u0434\u043b\u044f \u0447\u0442\u0435\u043d\u0438\u044f\" \/>\n\t<meta name=\"twitter:data1\" content=\"1 \u043c\u0438\u043d\u0443\u0442\u0430\" \/>\n<script type=\"application\/ld+json\" class=\"yoast-schema-graph\">{\"@context\":\"https:\/\/schema.org\",\"@graph\":[{\"@type\":\"WebPage\",\"@id\":\"https:\/\/telefonulcopilului.md\/parinti\/\",\"url\":\"https:\/\/telefonulcopilului.md\/parinti\/\",\"name\":\"P\u0103rin\u021bi - Telefonul Copilului\",\"isPartOf\":{\"@id\":\"https:\/\/telefonulcopilului.md\/#website\"},\"primaryImageOfPage\":{\"@id\":\"https:\/\/telefonulcopilului.md\/parinti\/#primaryimage\"},\"image\":{\"@id\":\"https:\/\/telefonulcopilului.md\/parinti\/#primaryimage\"},\"thumbnailUrl\":\"https:\/\/telefonulcopilului.md\/wp-content\/uploads\/2022\/12\/uslighi-roditeleam.png\",\"datePublished\":\"2022-11-10T11:03:24+00:00\",\"dateModified\":\"2023-01-09T09:35:11+00:00\",\"breadcrumb\":{\"@id\":\"https:\/\/telefonulcopilului.md\/parinti\/#breadcrumb\"},\"inLanguage\":\"ru-RU\",\"potentialAction\":[{\"@type\":\"ReadAction\",\"target\":[\"https:\/\/telefonulcopilului.md\/parinti\/\"]}]},{\"@type\":\"ImageObject\",\"inLanguage\":\"ru-RU\",\"@id\":\"https:\/\/telefonulcopilului.md\/parinti\/#primaryimage\",\"url\":\"https:\/\/telefonulcopilului.md\/wp-content\/uploads\/2022\/12\/uslighi-roditeleam.png\",\"contentUrl\":\"https:\/\/telefonulcopilului.md\/wp-content\/uploads\/2022\/12\/uslighi-roditeleam.png\"},{\"@type\":\"BreadcrumbList\",\"@id\":\"https:\/\/telefonulcopilului.md\/parinti\/#breadcrumb\",\"itemListElement\":[{\"@type\":\"ListItem\",\"position\":1,\"name\":\"Home\",\"item\":\"https:\/\/telefonulcopilului.md\/\"},{\"@type\":\"ListItem\",\"position\":2,\"name\":\"P\u0103rin\u021bi\"}]},{\"@type\":\"WebSite\",\"@id\":\"https:\/\/telefonulcopilului.md\/#website\",\"url\":\"https:\/\/telefonulcopilului.md\/\",\"name\":\"Telefonul Copilului\",\"description\":\"116 111\",\"potentialAction\":[{\"@type\":\"SearchAction\",\"target\":{\"@type\":\"EntryPoint\",\"urlTemplate\":\"https:\/\/telefonulcopilului.md\/?s={search_term_string}\"},\"query-input\":\"required name=search_term_string\"}],\"inLanguage\":\"ru-RU\"}]}<\/script>\n<!-- \/ Yoast SEO Premium plugin. -->","yoast_head_json":{"title":"P\u0103rin\u021bi - Telefonul Copilului","robots":{"index":"index","follow":"follow","max-snippet":"max-snippet:-1","max-image-preview":"max-image-preview:large","max-video-preview":"max-video-preview:-1"},"canonical":"https:\/\/telefonulcopilului.md\/ru\/parinti\/","og_locale":"ru_RU","og_type":"article","og_title":"P\u0103rin\u021bi","og_description":"Evalueaz\u0103 necesit\u0103\u021bile imediate \u0219i poten\u021bialul risc de expunere a copilului la violen\u021b\u0103, neglijare, trafic sau \u00eenc\u0103lcare a drepturilor lor. Acord\u0103 consultan\u021b\u0103 referitor la drepturile copilului \u0219i informare privind sistemul de protec\u021bie al acestuia. Ofer\u0103 consiliere psihologic\u0103 la telefon \u0219i \u00een chat p\u0103rin\u021bilor \u0219i adul\u021bilor care au \u00een grija sa minori \u0219i se confrunt\u0103 cu diverse [&hellip;]","og_url":"https:\/\/telefonulcopilului.md\/ru\/parinti\/","og_site_name":"Telefonul Copilului","article_modified_time":"2023-01-09T09:35:11+00:00","og_image":[{"url":"https:\/\/telefonulcopilului.md\/wp-content\/uploads\/2022\/12\/uslighi-roditeleam.png"}],"twitter_card":"summary_large_image","twitter_misc":{"\u041f\u0440\u0438\u043c\u0435\u0440\u043d\u043e\u0435 \u0432\u0440\u0435\u043c\u044f \u0434\u043b\u044f \u0447\u0442\u0435\u043d\u0438\u044f":"1 \u043c\u0438\u043d\u0443\u0442\u0430"},"schema":{"@context":"https:\/\/schema.org","@graph":[{"@type":"WebPage","@id":"https:\/\/telefonulcopilului.md\/parinti\/","url":"https:\/\/telefonulcopilului.md\/parinti\/","name":"P\u0103rin\u021bi - Telefonul Copilului","isPartOf":{"@id":"https:\/\/telefonulcopilului.md\/#website"},"primaryImageOfPage":{"@id":"https:\/\/telefonulcopilului.md\/parinti\/#primaryimage"},"image":{"@id":"https:\/\/telefonulcopilului.md\/parinti\/#primaryimage"},"thumbnailUrl":"https:\/\/telefonulcopilului.md\/wp-content\/uploads\/2022\/12\/uslighi-roditeleam.png","datePublished":"2022-11-10T11:03:24+00:00","dateModified":"2023-01-09T09:35:11+00:00","breadcrumb":{"@id":"https:\/\/telefonulcopilului.md\/parinti\/#breadcrumb"},"inLanguage":"ru-RU","potentialAction":[{"@type":"ReadAction","target":["https:\/\/telefonulcopilului.md\/parinti\/"]}]},{"@type":"ImageObject","inLanguage":"ru-RU","@id":"https:\/\/telefonulcopilului.md\/parinti\/#primaryimage","url":"https:\/\/telefonulcopilului.md\/wp-content\/uploads\/2022\/12\/uslighi-roditeleam.png","contentUrl":"https:\/\/telefonulcopilului.md\/wp-content\/uploads\/2022\/12\/uslighi-roditeleam.png"},{"@type":"BreadcrumbList","@id":"https:\/\/telefonulcopilului.md\/parinti\/#breadcrumb","itemListElement":[{"@type":"ListItem","position":1,"name":"Home","item":"https:\/\/telefonulcopilului.md\/"},{"@type":"ListItem","position":2,"name":"P\u0103rin\u021bi"}]},{"@type":"WebSite","@id":"https:\/\/telefonulcopilului.md\/#website","url":"https:\/\/telefonulcopilului.md\/","name":"Telefonul Copilului","description":"116 111","potentialAction":[{"@type":"SearchAction","target":{"@type":"EntryPoint","urlTemplate":"https:\/\/telefonulcopilului.md\/?s={search_term_string}"},"query-input":"required name=search_term_string"}],"inLanguage":"ru-RU"}]}},"_links":{"self":[{"href":"https:\/\/telefonulcopilului.md\/ru\/wp-json\/wp\/v2\/pages\/3730","targetHints":{"allow":["GET"]}}],"collection":[{"href":"https:\/\/telefonulcopilului.md\/ru\/wp-json\/wp\/v2\/pages"}],"about":[{"href":"https:\/\/telefonulcopilului.md\/ru\/wp-json\/wp\/v2\/types\/page"}],"author":[{"embeddable":true,"href":"https:\/\/telefonulcopilului.md\/ru\/wp-json\/wp\/v2\/users\/1"}],"replies":[{"embeddable":true,"href":"https:\/\/telefonulcopilului.md\/ru\/wp-json\/wp\/v2\/comments?post=3730"}],"version-history":[{"count":0,"href":"https:\/\/telefonulcopilului.md\/ru\/wp-json\/wp\/v2\/pages\/3730\/revisions"}],"wp:attachment":[{"href":"https:\/\/telefonulcopilului.md\/ru\/wp-json\/wp\/v2\/media?parent=3730"}],"curies":[{"name":"wp","href":"https:\/\/api.w.org\/{rel}","templated":true}]}}