{"id":3722,"date":"2022-11-10T11:01:15","date_gmt":"2022-11-10T11:01:15","guid":{"rendered":"https:\/\/telefonulcopilului.md\/?page_id=3722"},"modified":"2023-01-09T09:34:02","modified_gmt":"2023-01-09T09:34:02","slug":"copii","status":"publish","type":"page","link":"https:\/\/telefonulcopilului.md\/ru\/copii\/","title":{"rendered":"\u0414\u0435\u0442\u044f\u043c"},"content":{"rendered":"<div data-elementor-type=\"wp-post\" data-elementor-id=\"3722\" class=\"elementor elementor-3722\" data-elementor-post-type=\"page\">\n\t\t\t\t\t\t<section class=\"elementor-section elementor-top-section elementor-element elementor-element-a70b6c4 elementor-section-boxed elementor-section-height-default elementor-section-height-default\" data-id=\"a70b6c4\" data-element_type=\"section\">\n\t\t\t\t\t\t<div class=\"elementor-container elementor-column-gap-default\">\n\t\t\t\t\t<div class=\"elementor-column elementor-col-50 elementor-top-column elementor-element elementor-element-ac89599\" data-id=\"ac89599\" data-element_type=\"column\">\n\t\t\t<div class=\"elementor-widget-wrap elementor-element-populated\">\n\t\t\t\t\t\t<div class=\"elementor-element elementor-element-7cd4aea elementor-widget elementor-widget-text-editor\" data-id=\"7cd4aea\" data-element_type=\"widget\" data-widget_type=\"text-editor.default\">\n\t\t\t\t<div class=\"elementor-widget-container\">\n\t\t\t\t\t\t\t<ul class=\"wgl-check tertiary-color\"><li>\u041c\u044b \u0441\u043b\u0443\u0448\u0430\u0435\u043c \u0432\u0430\u0441, \u043c\u044b \u043d\u0430\u043f\u0440\u0430\u0432\u043b\u044f\u0435\u043c \u0432\u0430\u0441, \u043c\u044b \u043d\u0435 \u043e\u0441\u0443\u0436\u0434\u0430\u0435\u043c \u0432\u0430\u0441;<\/li><li>\u041c\u044b \u043f\u043e\u043c\u043e\u0433\u0430\u0435\u043c \u0432\u0430\u043c \u0443\u0437\u043d\u0430\u0442\u044c \u0432\u0430\u0448\u0438 \u043f\u0440\u0430\u0432\u0430 \u0438 \u043e\u0431\u044f\u0437\u0430\u043d\u043d\u043e\u0441\u0442\u0438;<\/li><li>\u0412\u043c\u0435\u0441\u0442\u0435 \u043c\u044b \u043d\u0430\u0445\u043e\u0434\u0438\u043c \u0440\u0435\u0448\u0435\u043d\u0438\u044f, \u0447\u0442\u043e\u0431\u044b \u0432\u044b \u0447\u0443\u0432\u0441\u0442\u0432\u043e\u0432\u0430\u043b\u0438 \u0441\u0435\u0431\u044f \u0432 \u0431\u0435\u0437\u043e\u043f\u0430\u0441\u043d\u043e\u0441\u0442\u0438;<\/li><li>\u041c\u044b \u043f\u0440\u0435\u0434\u043b\u0430\u0433\u0430\u0435\u043c \u0432\u0430\u043c \u043f\u043e\u0434\u0434\u0435\u0440\u0436\u043a\u0443 \u0438 \u043f\u043e\u043c\u043e\u0449\u044c \u0432 \u0442\u0440\u0443\u0434\u043d\u044b\u0445 \u0441\u0438\u0442\u0443\u0430\u0446\u0438\u044f\u0445, \u0447\u0435\u0440\u0435\u0437 \u043a\u043e\u0442\u043e\u0440\u044b\u0435 \u043f\u0440\u043e\u0445\u043e\u0434\u0438\u0442\u0435 \u0432\u044b \u0438\u043b\u0438 \u0432\u0430\u0448\u0438 \u0434\u0440\u0443\u0437\u044c\u044f.<\/li><\/ul>\t\t\t\t\t\t<\/div>\n\t\t\t\t<\/div>\n\t\t\t\t\t<\/div>\n\t\t<\/div>\n\t\t\t\t<div class=\"elementor-column elementor-col-50 elementor-top-column elementor-element elementor-element-08d6ad9\" data-id=\"08d6ad9\" data-element_type=\"column\">\n\t\t\t<div class=\"elementor-widget-wrap elementor-element-populated\">\n\t\t\t\t\t\t<div class=\"elementor-element elementor-element-4f53b7c elementor-widget elementor-widget-wgl-image-layers\" data-id=\"4f53b7c\" data-element_type=\"widget\" data-widget_type=\"wgl-image-layers.default\">\n\t\t\t\t<div class=\"elementor-widget-container\">\n\t\t\t<div class=\"wgl-image-layers\"><div class=\"img-layer_image-wrapper slide_right\" style=\"z-index: 1\">\r\n                <div class=\"img-layer_item\" style=\"transform: translate(0%, 0%);\">\r\n                    <div class=\"img-layer_image\" style=\"transition: all 800ms; transition-delay: 600ms;\">\r\n                        <img decoding=\"async\" src=\"https:\/\/telefonulcopilului.md\/wp-content\/uploads\/2022\/12\/uslighi-deteam.png\" alt=\"uslighi-deteam\" \/>\r\n                    <\/div>\r\n                <\/div>\r\n            <\/div> <\/div>\t\t<\/div>\n\t\t\t\t<\/div>\n\t\t\t\t\t<\/div>\n\t\t<\/div>\n\t\t\t\t\t<\/div>\n\t\t<\/section>\n\t\t\t\t<\/div>","protected":false},"excerpt":{"rendered":"<p>Te ascult\u0103m, te \u00eendrum\u0103m, nu te judec\u0103m; Te ajut\u0103m s\u0103-\u021bi cuno\u0219ti drepturile \u0219i obliga\u021biile; \u00cempreun\u0103 g\u0103sim solu\u021bii pentru ca s\u0103 te sim\u021bi \u00een siguran\u021b\u0103; \u00ce\u021bi oferim sprijin \u0219i te ghid\u0103m \u00een situa\u021biile dificile prin care treci tu sau prietenii t\u0103i.<\/p>","protected":false},"author":1,"featured_media":0,"parent":0,"menu_order":0,"comment_status":"closed","ping_status":"closed","template":"","meta":{"inline_featured_image":false,"footnotes":""},"class_list":["post-3722","page","type-page","status-publish","hentry"],"yoast_head":"<!-- This site is optimized with the Yoast SEO Premium plugin v22.1 (Yoast SEO v22.4) - https:\/\/yoast.com\/wordpress\/plugins\/seo\/ -->\n<title>Copii - Telefonul Copilului<\/title>\n<meta name=\"robots\" content=\"index, follow, max-snippet:-1, max-image-preview:large, max-video-preview:-1\" \/>\n<link rel=\"canonical\" href=\"https:\/\/telefonulcopilului.md\/ru\/copii\/\" \/>\n<meta property=\"og:locale\" content=\"ru_RU\" \/>\n<meta property=\"og:type\" content=\"article\" \/>\n<meta property=\"og:title\" content=\"Copii\" \/>\n<meta property=\"og:description\" content=\"Te ascult\u0103m, te \u00eendrum\u0103m, nu te judec\u0103m; Te ajut\u0103m s\u0103-\u021bi cuno\u0219ti drepturile \u0219i obliga\u021biile; \u00cempreun\u0103 g\u0103sim solu\u021bii pentru ca s\u0103 te sim\u021bi \u00een siguran\u021b\u0103; \u00ce\u021bi oferim sprijin \u0219i te ghid\u0103m \u00een situa\u021biile dificile prin care treci tu sau prietenii t\u0103i.\" \/>\n<meta property=\"og:url\" content=\"https:\/\/telefonulcopilului.md\/ru\/copii\/\" \/>\n<meta property=\"og:site_name\" content=\"Telefonul Copilului\" \/>\n<meta property=\"article:modified_time\" content=\"2023-01-09T09:34:02+00:00\" \/>\n<meta property=\"og:image\" content=\"https:\/\/telefonulcopilului.md\/wp-content\/uploads\/2022\/12\/uslighi-deteam.png\" \/>\n<meta name=\"twitter:card\" content=\"summary_large_image\" \/>\n<meta name=\"twitter:label1\" content=\"\u041f\u0440\u0438\u043c\u0435\u0440\u043d\u043e\u0435 \u0432\u0440\u0435\u043c\u044f \u0434\u043b\u044f \u0447\u0442\u0435\u043d\u0438\u044f\" \/>\n\t<meta name=\"twitter:data1\" content=\"1 \u043c\u0438\u043d\u0443\u0442\u0430\" \/>\n<script type=\"application\/ld+json\" class=\"yoast-schema-graph\">{\"@context\":\"https:\/\/schema.org\",\"@graph\":[{\"@type\":\"WebPage\",\"@id\":\"https:\/\/telefonulcopilului.md\/copii\/\",\"url\":\"https:\/\/telefonulcopilului.md\/copii\/\",\"name\":\"Copii - Telefonul Copilului\",\"isPartOf\":{\"@id\":\"https:\/\/telefonulcopilului.md\/#website\"},\"primaryImageOfPage\":{\"@id\":\"https:\/\/telefonulcopilului.md\/copii\/#primaryimage\"},\"image\":{\"@id\":\"https:\/\/telefonulcopilului.md\/copii\/#primaryimage\"},\"thumbnailUrl\":\"https:\/\/telefonulcopilului.md\/wp-content\/uploads\/2022\/12\/uslighi-deteam.png\",\"datePublished\":\"2022-11-10T11:01:15+00:00\",\"dateModified\":\"2023-01-09T09:34:02+00:00\",\"breadcrumb\":{\"@id\":\"https:\/\/telefonulcopilului.md\/copii\/#breadcrumb\"},\"inLanguage\":\"ru-RU\",\"potentialAction\":[{\"@type\":\"ReadAction\",\"target\":[\"https:\/\/telefonulcopilului.md\/copii\/\"]}]},{\"@type\":\"ImageObject\",\"inLanguage\":\"ru-RU\",\"@id\":\"https:\/\/telefonulcopilului.md\/copii\/#primaryimage\",\"url\":\"https:\/\/telefonulcopilului.md\/wp-content\/uploads\/2022\/12\/uslighi-deteam.png\",\"contentUrl\":\"https:\/\/telefonulcopilului.md\/wp-content\/uploads\/2022\/12\/uslighi-deteam.png\"},{\"@type\":\"BreadcrumbList\",\"@id\":\"https:\/\/telefonulcopilului.md\/copii\/#breadcrumb\",\"itemListElement\":[{\"@type\":\"ListItem\",\"position\":1,\"name\":\"Home\",\"item\":\"https:\/\/telefonulcopilului.md\/\"},{\"@type\":\"ListItem\",\"position\":2,\"name\":\"Copii\"}]},{\"@type\":\"WebSite\",\"@id\":\"https:\/\/telefonulcopilului.md\/#website\",\"url\":\"https:\/\/telefonulcopilului.md\/\",\"name\":\"Telefonul Copilului\",\"description\":\"116 111\",\"potentialAction\":[{\"@type\":\"SearchAction\",\"target\":{\"@type\":\"EntryPoint\",\"urlTemplate\":\"https:\/\/telefonulcopilului.md\/?s={search_term_string}\"},\"query-input\":\"required name=search_term_string\"}],\"inLanguage\":\"ru-RU\"}]}<\/script>\n<!-- \/ Yoast SEO Premium plugin. -->","yoast_head_json":{"title":"Copii - Telefonul Copilului","robots":{"index":"index","follow":"follow","max-snippet":"max-snippet:-1","max-image-preview":"max-image-preview:large","max-video-preview":"max-video-preview:-1"},"canonical":"https:\/\/telefonulcopilului.md\/ru\/copii\/","og_locale":"ru_RU","og_type":"article","og_title":"Copii","og_description":"Te ascult\u0103m, te \u00eendrum\u0103m, nu te judec\u0103m; Te ajut\u0103m s\u0103-\u021bi cuno\u0219ti drepturile \u0219i obliga\u021biile; \u00cempreun\u0103 g\u0103sim solu\u021bii pentru ca s\u0103 te sim\u021bi \u00een siguran\u021b\u0103; \u00ce\u021bi oferim sprijin \u0219i te ghid\u0103m \u00een situa\u021biile dificile prin care treci tu sau prietenii t\u0103i.","og_url":"https:\/\/telefonulcopilului.md\/ru\/copii\/","og_site_name":"Telefonul Copilului","article_modified_time":"2023-01-09T09:34:02+00:00","og_image":[{"url":"https:\/\/telefonulcopilului.md\/wp-content\/uploads\/2022\/12\/uslighi-deteam.png"}],"twitter_card":"summary_large_image","twitter_misc":{"\u041f\u0440\u0438\u043c\u0435\u0440\u043d\u043e\u0435 \u0432\u0440\u0435\u043c\u044f \u0434\u043b\u044f \u0447\u0442\u0435\u043d\u0438\u044f":"1 \u043c\u0438\u043d\u0443\u0442\u0430"},"schema":{"@context":"https:\/\/schema.org","@graph":[{"@type":"WebPage","@id":"https:\/\/telefonulcopilului.md\/copii\/","url":"https:\/\/telefonulcopilului.md\/copii\/","name":"Copii - Telefonul Copilului","isPartOf":{"@id":"https:\/\/telefonulcopilului.md\/#website"},"primaryImageOfPage":{"@id":"https:\/\/telefonulcopilului.md\/copii\/#primaryimage"},"image":{"@id":"https:\/\/telefonulcopilului.md\/copii\/#primaryimage"},"thumbnailUrl":"https:\/\/telefonulcopilului.md\/wp-content\/uploads\/2022\/12\/uslighi-deteam.png","datePublished":"2022-11-10T11:01:15+00:00","dateModified":"2023-01-09T09:34:02+00:00","breadcrumb":{"@id":"https:\/\/telefonulcopilului.md\/copii\/#breadcrumb"},"inLanguage":"ru-RU","potentialAction":[{"@type":"ReadAction","target":["https:\/\/telefonulcopilului.md\/copii\/"]}]},{"@type":"ImageObject","inLanguage":"ru-RU","@id":"https:\/\/telefonulcopilului.md\/copii\/#primaryimage","url":"https:\/\/telefonulcopilului.md\/wp-content\/uploads\/2022\/12\/uslighi-deteam.png","contentUrl":"https:\/\/telefonulcopilului.md\/wp-content\/uploads\/2022\/12\/uslighi-deteam.png"},{"@type":"BreadcrumbList","@id":"https:\/\/telefonulcopilului.md\/copii\/#breadcrumb","itemListElement":[{"@type":"ListItem","position":1,"name":"Home","item":"https:\/\/telefonulcopilului.md\/"},{"@type":"ListItem","position":2,"name":"Copii"}]},{"@type":"WebSite","@id":"https:\/\/telefonulcopilului.md\/#website","url":"https:\/\/telefonulcopilului.md\/","name":"Telefonul Copilului","description":"116 111","potentialAction":[{"@type":"SearchAction","target":{"@type":"EntryPoint","urlTemplate":"https:\/\/telefonulcopilului.md\/?s={search_term_string}"},"query-input":"required name=search_term_string"}],"inLanguage":"ru-RU"}]}},"_links":{"self":[{"href":"https:\/\/telefonulcopilului.md\/ru\/wp-json\/wp\/v2\/pages\/3722","targetHints":{"allow":["GET"]}}],"collection":[{"href":"https:\/\/telefonulcopilului.md\/ru\/wp-json\/wp\/v2\/pages"}],"about":[{"href":"https:\/\/telefonulcopilului.md\/ru\/wp-json\/wp\/v2\/types\/page"}],"author":[{"embeddable":true,"href":"https:\/\/telefonulcopilului.md\/ru\/wp-json\/wp\/v2\/users\/1"}],"replies":[{"embeddable":true,"href":"https:\/\/telefonulcopilului.md\/ru\/wp-json\/wp\/v2\/comments?post=3722"}],"version-history":[{"count":0,"href":"https:\/\/telefonulcopilului.md\/ru\/wp-json\/wp\/v2\/pages\/3722\/revisions"}],"wp:attachment":[{"href":"https:\/\/telefonulcopilului.md\/ru\/wp-json\/wp\/v2\/media?parent=3722"}],"curies":[{"name":"wp","href":"https:\/\/api.w.org\/{rel}","templated":true}]}}