{"id":3695,"date":"2022-11-10T10:37:49","date_gmt":"2022-11-10T10:37:49","guid":{"rendered":"https:\/\/telefonulcopilului.md\/?page_id=3695"},"modified":"2023-01-09T09:32:32","modified_gmt":"2023-01-09T09:32:32","slug":"beneficiarii","status":"publish","type":"page","link":"https:\/\/telefonulcopilului.md\/ru\/despre-noi\/beneficiarii\/","title":{"rendered":"\u0411\u0435\u043d\u0435\u0444\u0438\u0446\u0438\u0430\u0440\u044b"},"content":{"rendered":"<div data-elementor-type=\"wp-post\" data-elementor-id=\"3695\" class=\"elementor elementor-3695\" data-elementor-post-type=\"page\">\n\t\t\t\t\t\t<section class=\"elementor-section elementor-top-section elementor-element elementor-element-a70b6c4 elementor-section-boxed elementor-section-height-default elementor-section-height-default\" data-id=\"a70b6c4\" data-element_type=\"section\">\n\t\t\t\t\t\t<div class=\"elementor-container elementor-column-gap-default\">\n\t\t\t\t\t<div class=\"elementor-column elementor-col-100 elementor-top-column elementor-element elementor-element-3fea3d1\" data-id=\"3fea3d1\" data-element_type=\"column\">\n\t\t\t<div class=\"elementor-widget-wrap elementor-element-populated\">\n\t\t\t\t\t\t<div class=\"elementor-element elementor-element-519563e elementor-widget elementor-widget-text-editor\" data-id=\"519563e\" data-element_type=\"widget\" data-widget_type=\"text-editor.default\">\n\t\t\t\t<div class=\"elementor-widget-container\">\n\t\t\t\t\t\t\t<ul class=\"wgl-check tertiary-color\"><li>\u0414\u0435\u0442\u0438 \u0432\u0441\u0435\u0445 \u0432\u043e\u0437\u0440\u0430\u0441\u0442\u043e\u0432, \u043d\u0443\u0436\u0434\u0430\u044e\u0449\u0438\u0435\u0441\u044f \u0432 \u0441\u043e\u0432\u0435\u0442\u0435 \u0438 \u0438\u043d\u0444\u043e\u0440\u043c\u0430\u0446\u0438\u0438 \u043e \u043f\u0440\u0430\u0432\u0430\u0445 \u0434\u0435\u0442\u0435\u0439.<\/li><li>\u0420\u043e\u0434\u0438\u0442\u0435\u043b\u0438 \u0438\u043b\u0438 \u043e\u043f\u0435\u043a\u0443\u043d\u044b \u0434\u0435\u0442\u0435\u0439, \u043e\u0431\u0440\u0430\u0449\u0430\u044e\u0449\u0438\u0435\u0441\u044f \u0437\u0430 \u0441\u043e\u0432\u0435\u0442\u043e\u043c, \u0438\u043d\u0444\u043e\u0440\u043c\u0430\u0446\u0438\u0435\u0439 \u0438 \u043a\u043e\u043d\u0441\u0443\u043b\u044c\u0442\u0430\u0446\u0438\u0435\u0439.<\/li><li>\u041b\u044e\u0434\u0438, \u043a\u043e\u0442\u043e\u0440\u044b\u0435 \u0445\u043e\u0442\u044f\u0442 \u0440\u0430\u0441\u0441\u043a\u0430\u0437\u0430\u0442\u044c \u043e \u0441\u043b\u0443\u0447\u0430\u044f\u0445 \u043d\u0430\u0441\u0438\u043b\u0438\u044f, \u0431\u0435\u0437\u043d\u0430\u0434\u0437\u043e\u0440\u043d\u043e\u0441\u0442\u0438, \u0440\u0430\u0437\u043b\u0438\u0447\u043d\u044b\u0445 \u0432\u0438\u0434\u043e\u0432 \u0436\u0435\u0441\u0442\u043e\u043a\u043e\u0433\u043e \u043e\u0431\u0440\u0430\u0449\u0435\u043d\u0438\u044f \u0432 \u043e\u0442\u043d\u043e\u0448\u0435\u043d\u0438\u0438 \u043e\u0434\u043d\u043e\u0433\u043e \u0438\u043b\u0438 \u043d\u0435\u0441\u043a\u043e\u043b\u044c\u043a\u0438\u0445 \u0434\u0435\u0442\u0435\u0439.<\/li><\/ul>\t\t\t\t\t\t<\/div>\n\t\t\t\t<\/div>\n\t\t\t\t\t<\/div>\n\t\t<\/div>\n\t\t\t\t\t<\/div>\n\t\t<\/section>\n\t\t\t\t<\/div>","protected":false},"excerpt":{"rendered":"<p>Copii de toate v\u00e2rstele, care au nevoie de consiliere \u0219i informare privind drepturile copiilor. P\u0103rin\u0163ii sau \u00eengrijitorii copiilor, care apeleaz\u0103 \u00een scop de consiliere, informare \u0219i consultan\u021b\u0103. Persoane care doresc s\u0103 vorbeasc\u0103 despre cazuri de violen\u021b\u0103, neglijare, diverse tipuri de abuzuri \u00eempotriva unuia sau a mai multor copii.<\/p>","protected":false},"author":1,"featured_media":0,"parent":3660,"menu_order":0,"comment_status":"closed","ping_status":"closed","template":"","meta":{"inline_featured_image":false,"footnotes":""},"class_list":["post-3695","page","type-page","status-publish","hentry"],"yoast_head":"<!-- This site is optimized with the Yoast SEO Premium plugin v22.1 (Yoast SEO v22.4) - https:\/\/yoast.com\/wordpress\/plugins\/seo\/ -->\n<title>Beneficiarii - Telefonul Copilului<\/title>\n<meta name=\"robots\" content=\"index, follow, max-snippet:-1, max-image-preview:large, max-video-preview:-1\" \/>\n<link rel=\"canonical\" href=\"https:\/\/telefonulcopilului.md\/ru\/despre-noi\/beneficiarii\/\" \/>\n<meta property=\"og:locale\" content=\"ru_RU\" \/>\n<meta property=\"og:type\" content=\"article\" \/>\n<meta property=\"og:title\" content=\"Beneficiarii\" \/>\n<meta property=\"og:description\" content=\"Copii de toate v\u00e2rstele, care au nevoie de consiliere \u0219i informare privind drepturile copiilor. P\u0103rin\u0163ii sau \u00eengrijitorii copiilor, care apeleaz\u0103 \u00een scop de consiliere, informare \u0219i consultan\u021b\u0103. Persoane care doresc s\u0103 vorbeasc\u0103 despre cazuri de violen\u021b\u0103, neglijare, diverse tipuri de abuzuri \u00eempotriva unuia sau a mai multor copii.\" \/>\n<meta property=\"og:url\" content=\"https:\/\/telefonulcopilului.md\/ru\/despre-noi\/beneficiarii\/\" \/>\n<meta property=\"og:site_name\" content=\"Telefonul Copilului\" \/>\n<meta property=\"article:modified_time\" content=\"2023-01-09T09:32:32+00:00\" \/>\n<meta name=\"twitter:card\" content=\"summary_large_image\" \/>\n<meta name=\"twitter:label1\" content=\"\u041f\u0440\u0438\u043c\u0435\u0440\u043d\u043e\u0435 \u0432\u0440\u0435\u043c\u044f \u0434\u043b\u044f \u0447\u0442\u0435\u043d\u0438\u044f\" \/>\n\t<meta name=\"twitter:data1\" content=\"1 \u043c\u0438\u043d\u0443\u0442\u0430\" \/>\n<script type=\"application\/ld+json\" class=\"yoast-schema-graph\">{\"@context\":\"https:\/\/schema.org\",\"@graph\":[{\"@type\":\"WebPage\",\"@id\":\"https:\/\/telefonulcopilului.md\/despre-noi\/beneficiarii\/\",\"url\":\"https:\/\/telefonulcopilului.md\/despre-noi\/beneficiarii\/\",\"name\":\"Beneficiarii - Telefonul Copilului\",\"isPartOf\":{\"@id\":\"https:\/\/telefonulcopilului.md\/#website\"},\"datePublished\":\"2022-11-10T10:37:49+00:00\",\"dateModified\":\"2023-01-09T09:32:32+00:00\",\"breadcrumb\":{\"@id\":\"https:\/\/telefonulcopilului.md\/despre-noi\/beneficiarii\/#breadcrumb\"},\"inLanguage\":\"ru-RU\",\"potentialAction\":[{\"@type\":\"ReadAction\",\"target\":[\"https:\/\/telefonulcopilului.md\/despre-noi\/beneficiarii\/\"]}]},{\"@type\":\"BreadcrumbList\",\"@id\":\"https:\/\/telefonulcopilului.md\/despre-noi\/beneficiarii\/#breadcrumb\",\"itemListElement\":[{\"@type\":\"ListItem\",\"position\":1,\"name\":\"Home\",\"item\":\"https:\/\/telefonulcopilului.md\/\"},{\"@type\":\"ListItem\",\"position\":2,\"name\":\"Despre noi\",\"item\":\"https:\/\/telefonulcopilului.md\/despre-noi\/\"},{\"@type\":\"ListItem\",\"position\":3,\"name\":\"Beneficiarii\"}]},{\"@type\":\"WebSite\",\"@id\":\"https:\/\/telefonulcopilului.md\/#website\",\"url\":\"https:\/\/telefonulcopilului.md\/\",\"name\":\"Telefonul Copilului\",\"description\":\"116 111\",\"potentialAction\":[{\"@type\":\"SearchAction\",\"target\":{\"@type\":\"EntryPoint\",\"urlTemplate\":\"https:\/\/telefonulcopilului.md\/?s={search_term_string}\"},\"query-input\":\"required name=search_term_string\"}],\"inLanguage\":\"ru-RU\"}]}<\/script>\n<!-- \/ Yoast SEO Premium plugin. -->","yoast_head_json":{"title":"Beneficiarii - Telefonul Copilului","robots":{"index":"index","follow":"follow","max-snippet":"max-snippet:-1","max-image-preview":"max-image-preview:large","max-video-preview":"max-video-preview:-1"},"canonical":"https:\/\/telefonulcopilului.md\/ru\/despre-noi\/beneficiarii\/","og_locale":"ru_RU","og_type":"article","og_title":"Beneficiarii","og_description":"Copii de toate v\u00e2rstele, care au nevoie de consiliere \u0219i informare privind drepturile copiilor. P\u0103rin\u0163ii sau \u00eengrijitorii copiilor, care apeleaz\u0103 \u00een scop de consiliere, informare \u0219i consultan\u021b\u0103. Persoane care doresc s\u0103 vorbeasc\u0103 despre cazuri de violen\u021b\u0103, neglijare, diverse tipuri de abuzuri \u00eempotriva unuia sau a mai multor copii.","og_url":"https:\/\/telefonulcopilului.md\/ru\/despre-noi\/beneficiarii\/","og_site_name":"Telefonul Copilului","article_modified_time":"2023-01-09T09:32:32+00:00","twitter_card":"summary_large_image","twitter_misc":{"\u041f\u0440\u0438\u043c\u0435\u0440\u043d\u043e\u0435 \u0432\u0440\u0435\u043c\u044f \u0434\u043b\u044f \u0447\u0442\u0435\u043d\u0438\u044f":"1 \u043c\u0438\u043d\u0443\u0442\u0430"},"schema":{"@context":"https:\/\/schema.org","@graph":[{"@type":"WebPage","@id":"https:\/\/telefonulcopilului.md\/despre-noi\/beneficiarii\/","url":"https:\/\/telefonulcopilului.md\/despre-noi\/beneficiarii\/","name":"Beneficiarii - Telefonul Copilului","isPartOf":{"@id":"https:\/\/telefonulcopilului.md\/#website"},"datePublished":"2022-11-10T10:37:49+00:00","dateModified":"2023-01-09T09:32:32+00:00","breadcrumb":{"@id":"https:\/\/telefonulcopilului.md\/despre-noi\/beneficiarii\/#breadcrumb"},"inLanguage":"ru-RU","potentialAction":[{"@type":"ReadAction","target":["https:\/\/telefonulcopilului.md\/despre-noi\/beneficiarii\/"]}]},{"@type":"BreadcrumbList","@id":"https:\/\/telefonulcopilului.md\/despre-noi\/beneficiarii\/#breadcrumb","itemListElement":[{"@type":"ListItem","position":1,"name":"Home","item":"https:\/\/telefonulcopilului.md\/"},{"@type":"ListItem","position":2,"name":"Despre noi","item":"https:\/\/telefonulcopilului.md\/despre-noi\/"},{"@type":"ListItem","position":3,"name":"Beneficiarii"}]},{"@type":"WebSite","@id":"https:\/\/telefonulcopilului.md\/#website","url":"https:\/\/telefonulcopilului.md\/","name":"Telefonul Copilului","description":"116 111","potentialAction":[{"@type":"SearchAction","target":{"@type":"EntryPoint","urlTemplate":"https:\/\/telefonulcopilului.md\/?s={search_term_string}"},"query-input":"required name=search_term_string"}],"inLanguage":"ru-RU"}]}},"_links":{"self":[{"href":"https:\/\/telefonulcopilului.md\/ru\/wp-json\/wp\/v2\/pages\/3695","targetHints":{"allow":["GET"]}}],"collection":[{"href":"https:\/\/telefonulcopilului.md\/ru\/wp-json\/wp\/v2\/pages"}],"about":[{"href":"https:\/\/telefonulcopilului.md\/ru\/wp-json\/wp\/v2\/types\/page"}],"author":[{"embeddable":true,"href":"https:\/\/telefonulcopilului.md\/ru\/wp-json\/wp\/v2\/users\/1"}],"replies":[{"embeddable":true,"href":"https:\/\/telefonulcopilului.md\/ru\/wp-json\/wp\/v2\/comments?post=3695"}],"version-history":[{"count":0,"href":"https:\/\/telefonulcopilului.md\/ru\/wp-json\/wp\/v2\/pages\/3695\/revisions"}],"up":[{"embeddable":true,"href":"https:\/\/telefonulcopilului.md\/ru\/wp-json\/wp\/v2\/pages\/3660"}],"wp:attachment":[{"href":"https:\/\/telefonulcopilului.md\/ru\/wp-json\/wp\/v2\/media?parent=3695"}],"curies":[{"name":"wp","href":"https:\/\/api.w.org\/{rel}","templated":true}]}}