{"id":3686,"date":"2022-11-10T10:31:03","date_gmt":"2022-11-10T10:31:03","guid":{"rendered":"https:\/\/telefonulcopilului.md\/?page_id=3686"},"modified":"2023-01-09T09:30:03","modified_gmt":"2023-01-09T09:30:03","slug":"principii-de-activitate","status":"publish","type":"page","link":"https:\/\/telefonulcopilului.md\/ru\/despre-noi\/principii-de-activitate\/","title":{"rendered":"\u041f\u0440\u0438\u043d\u0446\u0438\u043f\u044b \u0440\u0430\u0431\u043e\u0442\u044b"},"content":{"rendered":"<div data-elementor-type=\"wp-post\" data-elementor-id=\"3686\" class=\"elementor elementor-3686\" data-elementor-post-type=\"page\">\n\t\t\t\t\t\t<section class=\"elementor-section elementor-top-section elementor-element elementor-element-a70b6c4 elementor-section-boxed elementor-section-height-default elementor-section-height-default\" data-id=\"a70b6c4\" data-element_type=\"section\">\n\t\t\t\t\t\t<div class=\"elementor-container elementor-column-gap-default\">\n\t\t\t\t\t<div class=\"elementor-column elementor-col-50 elementor-top-column elementor-element elementor-element-3fea3d1\" data-id=\"3fea3d1\" data-element_type=\"column\">\n\t\t\t<div class=\"elementor-widget-wrap elementor-element-populated\">\n\t\t\t\t\t\t<div class=\"elementor-element elementor-element-519563e elementor-widget elementor-widget-text-editor\" data-id=\"519563e\" data-element_type=\"widget\" data-widget_type=\"text-editor.default\">\n\t\t\t\t<div class=\"elementor-widget-container\">\n\t\t\t\t\t\t\t<ul class=\"wgl-check tertiary-color\"><li>\u0443\u0432\u0430\u0436\u0430\u0435\u0442 \u043f\u0440\u0430\u0432\u0430 \u0432\u0441\u0435\u0445 \u0434\u0435\u0442\u0435\u0439;<\/li><li>\u043f\u043e\u0434\u0445\u043e\u0434\u0438\u0442 \u043a \u043a\u0430\u0436\u0434\u043e\u043c\u0443 \u0440\u0435\u0431\u0435\u043d\u043a\u0443 \u0438\u043d\u0434\u0438\u0432\u0438\u0434\u0443\u0430\u043b\u044c\u043d\u043e;<\/li><li>\u043e\u0431\u0435\u0441\u043f\u0435\u0447\u0438\u0432\u0430\u0435\u0442 \u0437\u0430\u0449\u0438\u0442\u0443 \u0434\u0435\u0442\u0435\u0439 \u043e\u0442 \u043d\u0430\u0441\u0438\u043b\u0438\u044f;<\/li><li>\u043e\u043a\u0430\u0437\u044b\u0432\u0430\u0435\u0442 \u043f\u043e\u043c\u043e\u0449\u044c \u0434\u0435\u0442\u044f\u043c \u043f\u043e-\u0434\u0440\u0443\u0436\u0435\u0441\u043a\u0438;<\/li><li>\u0441\u043e\u0442\u0440\u0443\u0434\u043d\u0438\u0447\u0430\u0435\u0442 \u0441\u043e \u0441\u043b\u0443\u0436\u0431\u0430\u043c\u0438 \u0437\u0430\u0449\u0438\u0442\u044b \u0434\u0435\u0442\u0435\u0439;<\/li><li>\u043e\u0431\u0435\u0441\u043f\u0435\u0447\u0438\u0432\u0430\u0435\u0442 \u0443\u0447\u0430\u0441\u0442\u0438\u0435 \u0438 \u0443\u0432\u0430\u0436\u0435\u043d\u0438\u0435 \u043c\u043d\u0435\u043d\u0438\u044f \u0434\u0435\u0442\u0435\u0439;<\/li><li>\u0432\u043c\u0435\u0448\u0438\u0432\u0430\u0435\u0442\u0441\u044f \u0432 \u0441\u0438\u0442\u0443\u0430\u0446\u0438\u0438 \u043d\u0430\u0440\u0443\u0448\u0435\u043d\u0438\u044f \u043f\u0440\u0430\u0432 \u0434\u0435\u0442\u0435\u0439;<\/li><li>\u043d\u0435 \u0440\u0430\u0437\u043b\u0438\u0447\u0430\u0435\u0442;<\/li><li>\u043e\u0431\u0435\u0441\u043f\u0435\u0447\u0438\u0432\u0430\u0435\u0442 \u043a\u043e\u043d\u0444\u0438\u0434\u0435\u043d\u0446\u0438\u0430\u043b\u044c\u043d\u043e\u0441\u0442\u044c \u0438 \u0430\u043d\u043e\u043d\u0438\u043c\u043d\u043e\u0441\u0442\u044c.<\/li><\/ul>\t\t\t\t\t\t<\/div>\n\t\t\t\t<\/div>\n\t\t\t\t\t<\/div>\n\t\t<\/div>\n\t\t\t\t<div class=\"elementor-column elementor-col-50 elementor-top-column elementor-element elementor-element-3ef7125\" data-id=\"3ef7125\" data-element_type=\"column\">\n\t\t\t<div class=\"elementor-widget-wrap elementor-element-populated\">\n\t\t\t\t\t\t<div class=\"elementor-element elementor-element-ae71b0c elementor-widget elementor-widget-image\" data-id=\"ae71b0c\" data-element_type=\"widget\" data-widget_type=\"image.default\">\n\t\t\t\t<div class=\"elementor-widget-container\">\n\t\t\t\t\t\t\t\t\t\t\t\t\t<img fetchpriority=\"high\" decoding=\"async\" width=\"1000\" height=\"663\" src=\"https:\/\/telefonulcopilului.md\/wp-content\/uploads\/2022\/12\/printip-raboti.png\" class=\"attachment-full size-full wp-image-4693\" alt=\"\" srcset=\"https:\/\/telefonulcopilului.md\/wp-content\/uploads\/2022\/12\/printip-raboti.png 1000w, https:\/\/telefonulcopilului.md\/wp-content\/uploads\/2022\/12\/printip-raboti-300x199.png 300w, https:\/\/telefonulcopilului.md\/wp-content\/uploads\/2022\/12\/printip-raboti-768x509.png 768w\" sizes=\"(max-width: 1000px) 100vw, 1000px\" \/>\t\t\t\t\t\t\t\t\t\t\t\t\t<\/div>\n\t\t\t\t<\/div>\n\t\t\t\t\t<\/div>\n\t\t<\/div>\n\t\t\t\t\t<\/div>\n\t\t<\/section>\n\t\t\t\t<\/div>","protected":false},"excerpt":{"rendered":"<p>respect\u0103 drepturile tuturor copiilor; abordeaz\u0103 individual fiecare copil; ofer\u0103 protec\u0163ie copiilor \u00eempotriva violen\u021bei; acord\u0103 asisten\u0163\u0103 copiilor \u00eentr-un mod prietenos; colaboreaz\u0103 cu servicii de protec\u021bie a copilului; asigur\u0103 participarea \u015fi respectarea opiniei copiilor; intervine \u00een situa\u021bii de \u00eenc\u0103lcare a drepturilor copiilor; nu descrimineaz\u0103; asigur\u0103 confiden\u0163ialitate \u0219i anonimat.<\/p>","protected":false},"author":1,"featured_media":0,"parent":3660,"menu_order":0,"comment_status":"closed","ping_status":"closed","template":"","meta":{"inline_featured_image":false,"footnotes":""},"class_list":["post-3686","page","type-page","status-publish","hentry"],"yoast_head":"<!-- This site is optimized with the Yoast SEO Premium plugin v22.1 (Yoast SEO v22.4) - https:\/\/yoast.com\/wordpress\/plugins\/seo\/ -->\n<title>Principii de activitate - Telefonul Copilului<\/title>\n<meta name=\"robots\" content=\"index, follow, max-snippet:-1, max-image-preview:large, max-video-preview:-1\" \/>\n<link rel=\"canonical\" href=\"https:\/\/telefonulcopilului.md\/ru\/despre-noi\/principii-de-activitate\/\" \/>\n<meta property=\"og:locale\" content=\"ru_RU\" \/>\n<meta property=\"og:type\" content=\"article\" \/>\n<meta property=\"og:title\" content=\"Principii de activitate\" \/>\n<meta property=\"og:description\" content=\"respect\u0103 drepturile tuturor copiilor; abordeaz\u0103 individual fiecare copil; ofer\u0103 protec\u0163ie copiilor \u00eempotriva violen\u021bei; acord\u0103 asisten\u0163\u0103 copiilor \u00eentr-un mod prietenos; colaboreaz\u0103 cu servicii de protec\u021bie a copilului; asigur\u0103 participarea \u015fi respectarea opiniei copiilor; intervine \u00een situa\u021bii de \u00eenc\u0103lcare a drepturilor copiilor; nu descrimineaz\u0103; asigur\u0103 confiden\u0163ialitate \u0219i anonimat.\" \/>\n<meta property=\"og:url\" content=\"https:\/\/telefonulcopilului.md\/ru\/despre-noi\/principii-de-activitate\/\" \/>\n<meta property=\"og:site_name\" content=\"Telefonul Copilului\" \/>\n<meta property=\"article:modified_time\" content=\"2023-01-09T09:30:03+00:00\" \/>\n<meta property=\"og:image\" content=\"https:\/\/telefonulcopilului.md\/wp-content\/uploads\/2022\/12\/printip-raboti.png\" \/>\n<meta name=\"twitter:card\" content=\"summary_large_image\" \/>\n<meta name=\"twitter:label1\" content=\"\u041f\u0440\u0438\u043c\u0435\u0440\u043d\u043e\u0435 \u0432\u0440\u0435\u043c\u044f \u0434\u043b\u044f \u0447\u0442\u0435\u043d\u0438\u044f\" \/>\n\t<meta name=\"twitter:data1\" content=\"1 \u043c\u0438\u043d\u0443\u0442\u0430\" \/>\n<script type=\"application\/ld+json\" class=\"yoast-schema-graph\">{\"@context\":\"https:\/\/schema.org\",\"@graph\":[{\"@type\":\"WebPage\",\"@id\":\"https:\/\/telefonulcopilului.md\/despre-noi\/principii-de-activitate\/\",\"url\":\"https:\/\/telefonulcopilului.md\/despre-noi\/principii-de-activitate\/\",\"name\":\"Principii de activitate - Telefonul Copilului\",\"isPartOf\":{\"@id\":\"https:\/\/telefonulcopilului.md\/#website\"},\"primaryImageOfPage\":{\"@id\":\"https:\/\/telefonulcopilului.md\/despre-noi\/principii-de-activitate\/#primaryimage\"},\"image\":{\"@id\":\"https:\/\/telefonulcopilului.md\/despre-noi\/principii-de-activitate\/#primaryimage\"},\"thumbnailUrl\":\"https:\/\/telefonulcopilului.md\/wp-content\/uploads\/2022\/12\/printip-raboti.png\",\"datePublished\":\"2022-11-10T10:31:03+00:00\",\"dateModified\":\"2023-01-09T09:30:03+00:00\",\"breadcrumb\":{\"@id\":\"https:\/\/telefonulcopilului.md\/despre-noi\/principii-de-activitate\/#breadcrumb\"},\"inLanguage\":\"ru-RU\",\"potentialAction\":[{\"@type\":\"ReadAction\",\"target\":[\"https:\/\/telefonulcopilului.md\/despre-noi\/principii-de-activitate\/\"]}]},{\"@type\":\"ImageObject\",\"inLanguage\":\"ru-RU\",\"@id\":\"https:\/\/telefonulcopilului.md\/despre-noi\/principii-de-activitate\/#primaryimage\",\"url\":\"https:\/\/telefonulcopilului.md\/wp-content\/uploads\/2022\/12\/printip-raboti.png\",\"contentUrl\":\"https:\/\/telefonulcopilului.md\/wp-content\/uploads\/2022\/12\/printip-raboti.png\"},{\"@type\":\"BreadcrumbList\",\"@id\":\"https:\/\/telefonulcopilului.md\/despre-noi\/principii-de-activitate\/#breadcrumb\",\"itemListElement\":[{\"@type\":\"ListItem\",\"position\":1,\"name\":\"Home\",\"item\":\"https:\/\/telefonulcopilului.md\/\"},{\"@type\":\"ListItem\",\"position\":2,\"name\":\"Despre noi\",\"item\":\"https:\/\/telefonulcopilului.md\/despre-noi\/\"},{\"@type\":\"ListItem\",\"position\":3,\"name\":\"Principii de activitate\"}]},{\"@type\":\"WebSite\",\"@id\":\"https:\/\/telefonulcopilului.md\/#website\",\"url\":\"https:\/\/telefonulcopilului.md\/\",\"name\":\"Telefonul Copilului\",\"description\":\"116 111\",\"potentialAction\":[{\"@type\":\"SearchAction\",\"target\":{\"@type\":\"EntryPoint\",\"urlTemplate\":\"https:\/\/telefonulcopilului.md\/?s={search_term_string}\"},\"query-input\":\"required name=search_term_string\"}],\"inLanguage\":\"ru-RU\"}]}<\/script>\n<!-- \/ Yoast SEO Premium plugin. -->","yoast_head_json":{"title":"Principii de activitate - Telefonul Copilului","robots":{"index":"index","follow":"follow","max-snippet":"max-snippet:-1","max-image-preview":"max-image-preview:large","max-video-preview":"max-video-preview:-1"},"canonical":"https:\/\/telefonulcopilului.md\/ru\/despre-noi\/principii-de-activitate\/","og_locale":"ru_RU","og_type":"article","og_title":"Principii de activitate","og_description":"respect\u0103 drepturile tuturor copiilor; abordeaz\u0103 individual fiecare copil; ofer\u0103 protec\u0163ie copiilor \u00eempotriva violen\u021bei; acord\u0103 asisten\u0163\u0103 copiilor \u00eentr-un mod prietenos; colaboreaz\u0103 cu servicii de protec\u021bie a copilului; asigur\u0103 participarea \u015fi respectarea opiniei copiilor; intervine \u00een situa\u021bii de \u00eenc\u0103lcare a drepturilor copiilor; nu descrimineaz\u0103; asigur\u0103 confiden\u0163ialitate \u0219i anonimat.","og_url":"https:\/\/telefonulcopilului.md\/ru\/despre-noi\/principii-de-activitate\/","og_site_name":"Telefonul Copilului","article_modified_time":"2023-01-09T09:30:03+00:00","og_image":[{"url":"https:\/\/telefonulcopilului.md\/wp-content\/uploads\/2022\/12\/printip-raboti.png"}],"twitter_card":"summary_large_image","twitter_misc":{"\u041f\u0440\u0438\u043c\u0435\u0440\u043d\u043e\u0435 \u0432\u0440\u0435\u043c\u044f \u0434\u043b\u044f \u0447\u0442\u0435\u043d\u0438\u044f":"1 \u043c\u0438\u043d\u0443\u0442\u0430"},"schema":{"@context":"https:\/\/schema.org","@graph":[{"@type":"WebPage","@id":"https:\/\/telefonulcopilului.md\/despre-noi\/principii-de-activitate\/","url":"https:\/\/telefonulcopilului.md\/despre-noi\/principii-de-activitate\/","name":"Principii de activitate - Telefonul Copilului","isPartOf":{"@id":"https:\/\/telefonulcopilului.md\/#website"},"primaryImageOfPage":{"@id":"https:\/\/telefonulcopilului.md\/despre-noi\/principii-de-activitate\/#primaryimage"},"image":{"@id":"https:\/\/telefonulcopilului.md\/despre-noi\/principii-de-activitate\/#primaryimage"},"thumbnailUrl":"https:\/\/telefonulcopilului.md\/wp-content\/uploads\/2022\/12\/printip-raboti.png","datePublished":"2022-11-10T10:31:03+00:00","dateModified":"2023-01-09T09:30:03+00:00","breadcrumb":{"@id":"https:\/\/telefonulcopilului.md\/despre-noi\/principii-de-activitate\/#breadcrumb"},"inLanguage":"ru-RU","potentialAction":[{"@type":"ReadAction","target":["https:\/\/telefonulcopilului.md\/despre-noi\/principii-de-activitate\/"]}]},{"@type":"ImageObject","inLanguage":"ru-RU","@id":"https:\/\/telefonulcopilului.md\/despre-noi\/principii-de-activitate\/#primaryimage","url":"https:\/\/telefonulcopilului.md\/wp-content\/uploads\/2022\/12\/printip-raboti.png","contentUrl":"https:\/\/telefonulcopilului.md\/wp-content\/uploads\/2022\/12\/printip-raboti.png"},{"@type":"BreadcrumbList","@id":"https:\/\/telefonulcopilului.md\/despre-noi\/principii-de-activitate\/#breadcrumb","itemListElement":[{"@type":"ListItem","position":1,"name":"Home","item":"https:\/\/telefonulcopilului.md\/"},{"@type":"ListItem","position":2,"name":"Despre noi","item":"https:\/\/telefonulcopilului.md\/despre-noi\/"},{"@type":"ListItem","position":3,"name":"Principii de activitate"}]},{"@type":"WebSite","@id":"https:\/\/telefonulcopilului.md\/#website","url":"https:\/\/telefonulcopilului.md\/","name":"Telefonul Copilului","description":"116 111","potentialAction":[{"@type":"SearchAction","target":{"@type":"EntryPoint","urlTemplate":"https:\/\/telefonulcopilului.md\/?s={search_term_string}"},"query-input":"required name=search_term_string"}],"inLanguage":"ru-RU"}]}},"_links":{"self":[{"href":"https:\/\/telefonulcopilului.md\/ru\/wp-json\/wp\/v2\/pages\/3686","targetHints":{"allow":["GET"]}}],"collection":[{"href":"https:\/\/telefonulcopilului.md\/ru\/wp-json\/wp\/v2\/pages"}],"about":[{"href":"https:\/\/telefonulcopilului.md\/ru\/wp-json\/wp\/v2\/types\/page"}],"author":[{"embeddable":true,"href":"https:\/\/telefonulcopilului.md\/ru\/wp-json\/wp\/v2\/users\/1"}],"replies":[{"embeddable":true,"href":"https:\/\/telefonulcopilului.md\/ru\/wp-json\/wp\/v2\/comments?post=3686"}],"version-history":[{"count":0,"href":"https:\/\/telefonulcopilului.md\/ru\/wp-json\/wp\/v2\/pages\/3686\/revisions"}],"up":[{"embeddable":true,"href":"https:\/\/telefonulcopilului.md\/ru\/wp-json\/wp\/v2\/pages\/3660"}],"wp:attachment":[{"href":"https:\/\/telefonulcopilului.md\/ru\/wp-json\/wp\/v2\/media?parent=3686"}],"curies":[{"name":"wp","href":"https:\/\/api.w.org\/{rel}","templated":true}]}}