{"id":3677,"date":"2022-11-10T10:28:56","date_gmt":"2022-11-10T10:28:56","guid":{"rendered":"https:\/\/telefonulcopilului.md\/?page_id=3677"},"modified":"2023-03-02T14:50:49","modified_gmt":"2023-03-02T14:50:49","slug":"misiune-si-viziune","status":"publish","type":"page","link":"https:\/\/telefonulcopilului.md\/ru\/despre-noi\/misiune-si-viziune\/","title":{"rendered":"\u041c\u0438\u0441\u0441\u0438\u044f \u0438 \u0432\u0438\u0434\u0435\u043d\u0438\u0435"},"content":{"rendered":"<div data-elementor-type=\"wp-post\" data-elementor-id=\"3677\" class=\"elementor elementor-3677\" data-elementor-post-type=\"page\">\n\t\t\t\t\t\t<section class=\"elementor-section elementor-top-section elementor-element elementor-element-a70b6c4 elementor-section-boxed elementor-section-height-default elementor-section-height-default\" data-id=\"a70b6c4\" data-element_type=\"section\">\n\t\t\t\t\t\t<div class=\"elementor-container elementor-column-gap-default\">\n\t\t\t\t\t<div class=\"elementor-column elementor-col-100 elementor-top-column elementor-element elementor-element-3fea3d1\" data-id=\"3fea3d1\" data-element_type=\"column\">\n\t\t\t<div class=\"elementor-widget-wrap elementor-element-populated\">\n\t\t\t\t\t\t<div class=\"elementor-element elementor-element-519563e elementor-widget elementor-widget-text-editor\" data-id=\"519563e\" data-element_type=\"widget\" data-widget_type=\"text-editor.default\">\n\t\t\t\t<div class=\"elementor-widget-container\">\n\t\t\t\t\t\t\t<p>\u0420\u0435\u0430\u0433\u0438\u0440\u043e\u0432\u0430\u0442\u044c \u043d\u0430 \u0434\u0435\u0442\u0435\u0439, \u043d\u0443\u0436\u0434\u0430\u044e\u0449\u0438\u0445\u0441\u044f \u0432 \u0437\u0430\u0431\u043e\u0442\u0435 \u0438 \u0437\u0430\u0449\u0438\u0442\u0435, \u043e\u043a\u0430\u0437\u044b\u0432\u0430\u044f \u0440\u0435\u0430\u043b\u044c\u043d\u0443\u044e \u0438 \u043d\u0435\u043c\u0435\u0434\u043b\u0435\u043d\u043d\u0443\u044e \u043f\u043e\u0434\u0434\u0435\u0440\u0436\u043a\u0443, \u043f\u0440\u0435\u0434\u043b\u0430\u0433\u0430\u044f \u0438\u043c \u0431\u0435\u0441\u043f\u043b\u0430\u0442\u043d\u0443\u044e \u043f\u043e\u043c\u043e\u0449\u044c \u0447\u0435\u0440\u0435\u0437 \u0441\u043b\u0443\u0436\u0431\u0443 \u00ab\u0422\u0435\u043b\u0435\u0444\u043e\u043d \u0414\u043e\u0432\u0435\u0440\u0438\u044f \u0420\u0435\u0431\u0435\u043d\u043a\u0430\u00bb 116 111.<\/p><p>\u0412\u0441\u0435 \u0434\u0435\u0442\u0438 \u0437\u0430\u0441\u043b\u0443\u0436\u0438\u0432\u0430\u044e\u0442 \u0431\u0435\u0437\u043e\u043f\u0430\u0441\u043d\u043e\u0441\u0442\u0438 \u0438 \u0437\u0430\u0449\u0438\u0442\u044b, \u043e\u0441\u043e\u0431\u0435\u043d\u043d\u043e \u0432 \u0442\u0430\u043a\u043e\u043c \u0442\u0435\u0445\u043d\u043e\u043b\u043e\u0433\u0438\u0447\u0435\u0441\u043a\u0438 \u0440\u0430\u0437\u0432\u0438\u0442\u043e\u043c \u043c\u0438\u0440\u0435. \u0412 \u043d\u0430\u0441\u0442\u043e\u044f\u0449\u0435\u0435 \u0432\u0440\u0435\u043c\u044f \u0441\u0443\u0449\u0435\u0441\u0442\u0432\u0443\u044e\u0442 \u0440\u0430\u0437\u043b\u0438\u0447\u043d\u044b\u0435 \u0441\u043f\u043e\u0441\u043e\u0431\u044b \u043e\u0431\u0449\u0435\u043d\u0438\u044f\u2026 \u041c\u044b \u0431\u043b\u0438\u0436\u0435 \u043a \u0434\u0435\u0442\u044f\u043c \u0438 \u0438\u0445 \u043e\u043f\u0435\u043a\u0443\u043d\u0430\u043c: \u043f\u043e \u0442\u0435\u043b\u0435\u0444\u043e\u043d\u0443, \u0432 \u0447\u0430\u0442\u0435 \u0438\u043b\u0438 \u043f\u043e \u044d\u043b\u0435\u043a\u0442\u0440\u043e\u043d\u043d\u043e\u0439 \u043f\u043e\u0447\u0442\u0435.<\/p>\t\t\t\t\t\t<\/div>\n\t\t\t\t<\/div>\n\t\t\t\t<div class=\"elementor-element elementor-element-779b373 elementor-widget elementor-widget-image\" data-id=\"779b373\" data-element_type=\"widget\" data-widget_type=\"image.default\">\n\t\t\t\t<div class=\"elementor-widget-container\">\n\t\t\t\t\t\t\t\t\t\t\t\t\t<img fetchpriority=\"high\" decoding=\"async\" width=\"699\" height=\"123\" src=\"https:\/\/telefonulcopilului.md\/wp-content\/uploads\/2022\/12\/logo-footer-ru.svg\" class=\"attachment-full size-full wp-image-4568\" alt=\"\" sizes=\"(max-width: 699px) 100vw, 699px\" \/>\t\t\t\t\t\t\t\t\t\t\t\t\t<\/div>\n\t\t\t\t<\/div>\n\t\t\t\t\t<\/div>\n\t\t<\/div>\n\t\t\t\t\t<\/div>\n\t\t<\/section>\n\t\t\t\t<\/div>","protected":false},"excerpt":{"rendered":"<p>A r\u0103spunde copiilor care au nevoie de \u00eengrijire \u015fi protec\u0163ie prin acordarea unui sprijin real \u015fi imediat, oferindu-le\u00a0gratis asisten\u021b\u0103\u00a0prin intermediul serviciului Telefonul Copilului 116 111. To\u021bi copii merit\u0103 s\u0103 se bucure de siguran\u021b\u0103 \u0219i protec\u021bie, mai ales \u00eentr-o lume at\u00e2t de evoluat\u0103 tehnologic. Actualmente exist\u0103 diverse c\u0103i de comunicare&#8230; Suntem mai aproape de copiii \u0219i [&hellip;]<\/p>","protected":false},"author":1,"featured_media":0,"parent":3660,"menu_order":0,"comment_status":"closed","ping_status":"closed","template":"","meta":{"inline_featured_image":false,"footnotes":""},"class_list":["post-3677","page","type-page","status-publish","hentry"],"yoast_head":"<!-- This site is optimized with the Yoast SEO Premium plugin v22.1 (Yoast SEO v22.4) - https:\/\/yoast.com\/wordpress\/plugins\/seo\/ -->\n<title>Misiune si viziune - Telefonul Copilului<\/title>\n<meta name=\"robots\" content=\"index, follow, max-snippet:-1, max-image-preview:large, max-video-preview:-1\" \/>\n<link rel=\"canonical\" href=\"https:\/\/telefonulcopilului.md\/ru\/despre-noi\/misiune-si-viziune\/\" \/>\n<meta property=\"og:locale\" content=\"ru_RU\" \/>\n<meta property=\"og:type\" content=\"article\" \/>\n<meta property=\"og:title\" content=\"Misiune si viziune\" \/>\n<meta property=\"og:description\" content=\"A r\u0103spunde copiilor care au nevoie de \u00eengrijire \u015fi protec\u0163ie prin acordarea unui sprijin real \u015fi imediat, oferindu-le\u00a0gratis asisten\u021b\u0103\u00a0prin intermediul serviciului Telefonul Copilului 116 111. To\u021bi copii merit\u0103 s\u0103 se bucure de siguran\u021b\u0103 \u0219i protec\u021bie, mai ales \u00eentr-o lume at\u00e2t de evoluat\u0103 tehnologic. Actualmente exist\u0103 diverse c\u0103i de comunicare&#8230; Suntem mai aproape de copiii \u0219i [&hellip;]\" \/>\n<meta property=\"og:url\" content=\"https:\/\/telefonulcopilului.md\/ru\/despre-noi\/misiune-si-viziune\/\" \/>\n<meta property=\"og:site_name\" content=\"Telefonul Copilului\" \/>\n<meta property=\"article:modified_time\" content=\"2023-03-02T14:50:49+00:00\" \/>\n<meta property=\"og:image\" content=\"https:\/\/telefonulcopilului.md\/wp-content\/uploads\/2019\/08\/logo-footer-e1677768626773.png\" \/>\n<meta name=\"twitter:card\" content=\"summary_large_image\" \/>\n<meta name=\"twitter:label1\" content=\"\u041f\u0440\u0438\u043c\u0435\u0440\u043d\u043e\u0435 \u0432\u0440\u0435\u043c\u044f \u0434\u043b\u044f \u0447\u0442\u0435\u043d\u0438\u044f\" \/>\n\t<meta name=\"twitter:data1\" content=\"1 \u043c\u0438\u043d\u0443\u0442\u0430\" \/>\n<script type=\"application\/ld+json\" class=\"yoast-schema-graph\">{\"@context\":\"https:\/\/schema.org\",\"@graph\":[{\"@type\":\"WebPage\",\"@id\":\"https:\/\/telefonulcopilului.md\/despre-noi\/misiune-si-viziune\/\",\"url\":\"https:\/\/telefonulcopilului.md\/despre-noi\/misiune-si-viziune\/\",\"name\":\"Misiune si viziune - Telefonul Copilului\",\"isPartOf\":{\"@id\":\"https:\/\/telefonulcopilului.md\/#website\"},\"primaryImageOfPage\":{\"@id\":\"https:\/\/telefonulcopilului.md\/despre-noi\/misiune-si-viziune\/#primaryimage\"},\"image\":{\"@id\":\"https:\/\/telefonulcopilului.md\/despre-noi\/misiune-si-viziune\/#primaryimage\"},\"thumbnailUrl\":\"https:\/\/telefonulcopilului.md\/wp-content\/uploads\/2019\/08\/logo-footer-e1677768626773.png\",\"datePublished\":\"2022-11-10T10:28:56+00:00\",\"dateModified\":\"2023-03-02T14:50:49+00:00\",\"breadcrumb\":{\"@id\":\"https:\/\/telefonulcopilului.md\/despre-noi\/misiune-si-viziune\/#breadcrumb\"},\"inLanguage\":\"ru-RU\",\"potentialAction\":[{\"@type\":\"ReadAction\",\"target\":[\"https:\/\/telefonulcopilului.md\/despre-noi\/misiune-si-viziune\/\"]}]},{\"@type\":\"ImageObject\",\"inLanguage\":\"ru-RU\",\"@id\":\"https:\/\/telefonulcopilului.md\/despre-noi\/misiune-si-viziune\/#primaryimage\",\"url\":\"https:\/\/telefonulcopilului.md\/wp-content\/uploads\/2019\/08\/logo-footer-e1677768626773.png\",\"contentUrl\":\"https:\/\/telefonulcopilului.md\/wp-content\/uploads\/2019\/08\/logo-footer-e1677768626773.png\"},{\"@type\":\"BreadcrumbList\",\"@id\":\"https:\/\/telefonulcopilului.md\/despre-noi\/misiune-si-viziune\/#breadcrumb\",\"itemListElement\":[{\"@type\":\"ListItem\",\"position\":1,\"name\":\"Home\",\"item\":\"https:\/\/telefonulcopilului.md\/\"},{\"@type\":\"ListItem\",\"position\":2,\"name\":\"Despre noi\",\"item\":\"https:\/\/telefonulcopilului.md\/despre-noi\/\"},{\"@type\":\"ListItem\",\"position\":3,\"name\":\"Misiune si viziune\"}]},{\"@type\":\"WebSite\",\"@id\":\"https:\/\/telefonulcopilului.md\/#website\",\"url\":\"https:\/\/telefonulcopilului.md\/\",\"name\":\"Telefonul Copilului\",\"description\":\"116 111\",\"potentialAction\":[{\"@type\":\"SearchAction\",\"target\":{\"@type\":\"EntryPoint\",\"urlTemplate\":\"https:\/\/telefonulcopilului.md\/?s={search_term_string}\"},\"query-input\":\"required name=search_term_string\"}],\"inLanguage\":\"ru-RU\"}]}<\/script>\n<!-- \/ Yoast SEO Premium plugin. -->","yoast_head_json":{"title":"Misiune si viziune - Telefonul Copilului","robots":{"index":"index","follow":"follow","max-snippet":"max-snippet:-1","max-image-preview":"max-image-preview:large","max-video-preview":"max-video-preview:-1"},"canonical":"https:\/\/telefonulcopilului.md\/ru\/despre-noi\/misiune-si-viziune\/","og_locale":"ru_RU","og_type":"article","og_title":"Misiune si viziune","og_description":"A r\u0103spunde copiilor care au nevoie de \u00eengrijire \u015fi protec\u0163ie prin acordarea unui sprijin real \u015fi imediat, oferindu-le\u00a0gratis asisten\u021b\u0103\u00a0prin intermediul serviciului Telefonul Copilului 116 111. To\u021bi copii merit\u0103 s\u0103 se bucure de siguran\u021b\u0103 \u0219i protec\u021bie, mai ales \u00eentr-o lume at\u00e2t de evoluat\u0103 tehnologic. Actualmente exist\u0103 diverse c\u0103i de comunicare&#8230; Suntem mai aproape de copiii \u0219i [&hellip;]","og_url":"https:\/\/telefonulcopilului.md\/ru\/despre-noi\/misiune-si-viziune\/","og_site_name":"Telefonul Copilului","article_modified_time":"2023-03-02T14:50:49+00:00","og_image":[{"url":"https:\/\/telefonulcopilului.md\/wp-content\/uploads\/2019\/08\/logo-footer-e1677768626773.png"}],"twitter_card":"summary_large_image","twitter_misc":{"\u041f\u0440\u0438\u043c\u0435\u0440\u043d\u043e\u0435 \u0432\u0440\u0435\u043c\u044f \u0434\u043b\u044f \u0447\u0442\u0435\u043d\u0438\u044f":"1 \u043c\u0438\u043d\u0443\u0442\u0430"},"schema":{"@context":"https:\/\/schema.org","@graph":[{"@type":"WebPage","@id":"https:\/\/telefonulcopilului.md\/despre-noi\/misiune-si-viziune\/","url":"https:\/\/telefonulcopilului.md\/despre-noi\/misiune-si-viziune\/","name":"Misiune si viziune - Telefonul Copilului","isPartOf":{"@id":"https:\/\/telefonulcopilului.md\/#website"},"primaryImageOfPage":{"@id":"https:\/\/telefonulcopilului.md\/despre-noi\/misiune-si-viziune\/#primaryimage"},"image":{"@id":"https:\/\/telefonulcopilului.md\/despre-noi\/misiune-si-viziune\/#primaryimage"},"thumbnailUrl":"https:\/\/telefonulcopilului.md\/wp-content\/uploads\/2019\/08\/logo-footer-e1677768626773.png","datePublished":"2022-11-10T10:28:56+00:00","dateModified":"2023-03-02T14:50:49+00:00","breadcrumb":{"@id":"https:\/\/telefonulcopilului.md\/despre-noi\/misiune-si-viziune\/#breadcrumb"},"inLanguage":"ru-RU","potentialAction":[{"@type":"ReadAction","target":["https:\/\/telefonulcopilului.md\/despre-noi\/misiune-si-viziune\/"]}]},{"@type":"ImageObject","inLanguage":"ru-RU","@id":"https:\/\/telefonulcopilului.md\/despre-noi\/misiune-si-viziune\/#primaryimage","url":"https:\/\/telefonulcopilului.md\/wp-content\/uploads\/2019\/08\/logo-footer-e1677768626773.png","contentUrl":"https:\/\/telefonulcopilului.md\/wp-content\/uploads\/2019\/08\/logo-footer-e1677768626773.png"},{"@type":"BreadcrumbList","@id":"https:\/\/telefonulcopilului.md\/despre-noi\/misiune-si-viziune\/#breadcrumb","itemListElement":[{"@type":"ListItem","position":1,"name":"Home","item":"https:\/\/telefonulcopilului.md\/"},{"@type":"ListItem","position":2,"name":"Despre noi","item":"https:\/\/telefonulcopilului.md\/despre-noi\/"},{"@type":"ListItem","position":3,"name":"Misiune si viziune"}]},{"@type":"WebSite","@id":"https:\/\/telefonulcopilului.md\/#website","url":"https:\/\/telefonulcopilului.md\/","name":"Telefonul Copilului","description":"116 111","potentialAction":[{"@type":"SearchAction","target":{"@type":"EntryPoint","urlTemplate":"https:\/\/telefonulcopilului.md\/?s={search_term_string}"},"query-input":"required name=search_term_string"}],"inLanguage":"ru-RU"}]}},"_links":{"self":[{"href":"https:\/\/telefonulcopilului.md\/ru\/wp-json\/wp\/v2\/pages\/3677","targetHints":{"allow":["GET"]}}],"collection":[{"href":"https:\/\/telefonulcopilului.md\/ru\/wp-json\/wp\/v2\/pages"}],"about":[{"href":"https:\/\/telefonulcopilului.md\/ru\/wp-json\/wp\/v2\/types\/page"}],"author":[{"embeddable":true,"href":"https:\/\/telefonulcopilului.md\/ru\/wp-json\/wp\/v2\/users\/1"}],"replies":[{"embeddable":true,"href":"https:\/\/telefonulcopilului.md\/ru\/wp-json\/wp\/v2\/comments?post=3677"}],"version-history":[{"count":0,"href":"https:\/\/telefonulcopilului.md\/ru\/wp-json\/wp\/v2\/pages\/3677\/revisions"}],"up":[{"embeddable":true,"href":"https:\/\/telefonulcopilului.md\/ru\/wp-json\/wp\/v2\/pages\/3660"}],"wp:attachment":[{"href":"https:\/\/telefonulcopilului.md\/ru\/wp-json\/wp\/v2\/media?parent=3677"}],"curies":[{"name":"wp","href":"https:\/\/api.w.org\/{rel}","templated":true}]}}