{"id":3660,"date":"2022-11-10T10:22:50","date_gmt":"2022-11-10T10:22:50","guid":{"rendered":"https:\/\/telefonulcopilului.md\/?page_id=3660"},"modified":"2023-03-14T10:02:45","modified_gmt":"2023-03-14T10:02:45","slug":"despre-noi","status":"publish","type":"page","link":"https:\/\/telefonulcopilului.md\/ru\/despre-noi\/","title":{"rendered":"\u041e \u043d\u0430\u0441"},"content":{"rendered":"<div data-elementor-type=\"wp-post\" data-elementor-id=\"3660\" class=\"elementor elementor-3660\" data-elementor-post-type=\"page\">\n\t\t\t\t\t\t<section class=\"elementor-section elementor-top-section elementor-element elementor-element-a70b6c4 elementor-section-boxed elementor-section-height-default elementor-section-height-default\" data-id=\"a70b6c4\" data-element_type=\"section\">\n\t\t\t\t\t\t<div class=\"elementor-container elementor-column-gap-default\">\n\t\t\t\t\t<div class=\"elementor-column elementor-col-100 elementor-top-column elementor-element elementor-element-3fea3d1\" data-id=\"3fea3d1\" data-element_type=\"column\">\n\t\t\t<div class=\"elementor-widget-wrap elementor-element-populated\">\n\t\t\t\t\t\t<div class=\"elementor-element elementor-element-519563e elementor-widget elementor-widget-text-editor\" data-id=\"519563e\" data-element_type=\"widget\" data-widget_type=\"text-editor.default\">\n\t\t\t\t<div class=\"elementor-widget-container\">\n\t\t\t\t\t\t\t<p>\u0421 4 \u0438\u044e\u043d\u044f 2014 \u0433\u043e\u0434\u0430 \u0434\u0435\u0442\u0438 \u0432 \u043d\u0430\u0448\u0435\u0439 \u0441\u0442\u0440\u0430\u043d\u0435 \u043c\u043e\u0433\u0443\u0442 \u043f\u043e\u043b\u044c\u0437\u043e\u0432\u0430\u0442\u044c\u0441\u044f \u0442\u0435\u043b\u0435\u0444\u043e\u043d\u043d\u043e\u0439 \u0443\u0441\u043b\u0443\u0433\u043e\u0439 \u2013 \u0422\u0435\u043b\u0435\u0444\u043e\u043d \u0414\u043e\u0432\u0435\u0440\u0438\u044f \u0420\u0435\u0431\u0435\u043d\u043a\u0430. \u042d\u0442\u0430 \u0431\u0435\u0441\u043f\u043b\u0430\u0442\u043d\u0430\u044f \u0442\u0435\u043b\u0435\u0444\u043e\u043d\u043d\u0430\u044f \u0441\u043b\u0443\u0436\u0431\u0430 \u043f\u043e\u043c\u043e\u0449\u0438 \u0434\u0435\u0442\u044f\u043c \u043f\u0440\u0435\u0434\u0441\u0442\u0430\u0432\u043b\u044f\u0435\u0442 \u0441\u043e\u0431\u043e\u0439 \u0442\u0435\u043b\u0435\u0444\u043e\u043d\u043d\u0443\u044e \u043b\u0438\u043d\u0438\u044e, \u0446\u0435\u043b\u044c\u044e \u043a\u043e\u0442\u043e\u0440\u043e\u0439 \u044f\u0432\u043b\u044f\u0435\u0442\u0441\u044f \u043e\u043a\u0430\u0437\u0430\u043d\u0438\u0435 \u043f\u043e\u0434\u0434\u0435\u0440\u0436\u043a\u0438 \u0432 \u043a\u0440\u0438\u0437\u0438\u0441\u043d\u044b\u0445 \u0441\u0438\u0442\u0443\u0430\u0446\u0438\u044f\u0445 \u0438 \u043e\u043a\u0430\u0437\u0430\u043d\u0438\u0435 \u043d\u0435\u043e\u0431\u0445\u043e\u0434\u0438\u043c\u043e\u0439 \u043f\u043e\u043c\u043e\u0449\u0438 \u0434\u0435\u0442\u044f\u043c \u0432 \u0441\u043b\u0443\u0447\u0430\u044f\u0445 \u043d\u0430\u0440\u0443\u0448\u0435\u043d\u0438\u044f \u0438\u0445 \u043f\u0440\u0430\u0432.<\/p><p>\u0422\u0435\u043b\u0435\u0444\u043e\u043d \u0414\u043e\u0432\u0435\u0440\u0438\u044f \u0420\u0435\u0431\u0435\u043d\u043a\u0430 \u043d\u0430\u0445\u043e\u0434\u0438\u0442\u0441\u044f \u0432 \u0432\u0435\u0434\u0435\u043d\u0438\u0438 \u041c\u0438\u043d\u0438\u0441\u0442\u0435\u0440\u0441\u0442\u0432\u0430 \u0422\u0440\u0443\u0434\u0430 \u0438 \u0421\u043e\u0446\u0438\u0430\u043b\u044c\u043d\u043e\u0439 \u0417\u0430\u0449\u0438\u0442\u044b \u041d\u0430\u0441\u0435\u043b\u0435\u043d\u0438\u044f \u0438 \u0440\u0435\u0430\u043b\u0438\u0437\u0443\u0435\u0442\u0441\u044f \u0410.\u041e. \u041d\u0430\u0446\u0438\u043e\u043d\u0430\u043b\u044c\u043d\u044b\u0439 \u0426\u0435\u043d\u0442\u0440 \u041a\u043e\u043d\u0441\u0443\u043b\u044c\u0442\u0430\u0442\u0438\u0432\u043d\u043e\u0433\u043e \u041e\u0431\u0440\u0430\u0437\u043e\u0432\u0430\u043d\u0438\u044f \u041c\u043e\u043b\u0434\u043e\u0432\u044b \u201dCNFACEM\u201d.<\/p><p>\u0423\u0441\u043b\u0443\u0433\u0438 \u043f\u0440\u0435\u0434\u043e\u0441\u0442\u0430\u0432\u043b\u044f\u044e\u0442\u0441\u044f \u0431\u0435\u0441\u043f\u043b\u0430\u0442\u043d\u043e \u043f\u043e \u0443\u043d\u0438\u043a\u0430\u043b\u044c\u043d\u043e\u043c\u0443 \u043d\u0430\u0446\u0438\u043e\u043d\u0430\u043b\u044c\u043d\u043e\u043c\u0443 \u043d\u043e\u043c\u0435\u0440\u0443 116 111, \u043f\u0440\u0438\u0441\u0432\u043e\u0435\u043d\u043d\u043e\u043c\u0443 \u041d\u0430\u0446\u0438\u043e\u043d\u0430\u043b\u044c\u043d\u044b\u043c \u0430\u0433\u0435\u043d\u0442\u0441\u0442\u0432\u043e\u043c \u043f\u043e \u0440\u0435\u0433\u0443\u043b\u0438\u0440\u043e\u0432\u0430\u043d\u0438\u044e \u044d\u043b\u0435\u043a\u0442\u0440\u043e\u043d\u043d\u044b\u0445 \u043a\u043e\u043c\u043c\u0443\u043d\u0438\u043a\u0430\u0446\u0438\u0439 \u0438 \u0438\u043d\u0444\u043e\u0440\u043c\u0430\u0446\u0438\u043e\u043d\u043d\u044b\u0445 \u0442\u0435\u0445\u043d\u043e\u043b\u043e\u0433\u0438\u0439 \u0420\u0435\u0441\u043f\u0443\u0431\u043b\u0438\u043a\u0438 \u041c\u043e\u043b\u0434\u043e\u0432\u0430.<\/p><p>\u041c\u0435\u0436\u0434\u0443\u043d\u0430\u0440\u043e\u0434\u043d\u044b\u0439 \u0434\u0435\u043d\u044c \u043f\u043e\u043c\u043e\u0449\u0438 \u0434\u0435\u0442\u044f\u043c \u043e\u0442\u043c\u0435\u0447\u0430\u0435\u0442\u0441\u044f \u0435\u0436\u0435\u0433\u043e\u0434\u043d\u043e 17 \u043c\u0430\u044f. <br \/>\u0412 2003 \u0433\u043e\u0434\u0443 49 \u0442\u0435\u043b\u0435\u0444\u043e\u043d\u043d\u044b\u0445 \u043b\u0438\u043d\u0438\u0439 \u0434\u043b\u044f \u0434\u0435\u0442\u0435\u0439 \u043e\u0431\u044a\u0435\u0434\u0438\u043d\u0438\u043b\u0438\u0441\u044c \u0432 \u00ab\u041c\u0435\u0436\u0434\u0443\u043d\u0430\u0440\u043e\u0434\u043d\u0443\u044e \u043b\u0438\u043d\u0438\u044e \u043f\u043e\u043c\u043e\u0449\u0438 \u0434\u0435\u0442\u044f\u043c\u00bb, \u043a\u043e\u0442\u043e\u0440\u0430\u044f \u043d\u0430 \u0434\u0430\u043d\u043d\u044b\u0439 \u043c\u043e\u043c\u0435\u043d\u0442 \u043f\u0440\u0435\u0434\u0441\u0442\u0430\u0432\u043b\u044f\u0435\u0442 \u0441\u043e\u0431\u043e\u0439 \u043e\u0440\u0433\u0430\u043d\u0438\u0437\u0430\u0446\u0438\u044e, \u0441\u043e\u0441\u0442\u043e\u044f\u0449\u0443\u044e \u0438\u0437 173 \u0447\u043b\u0435\u043d\u043e\u0432 \u0438\u0437 140 \u0441\u0442\u0440\u0430\u043d, \u0432 \u043a\u043e\u0442\u043e\u0440\u0443\u044e \u0442\u0430\u043a\u0436\u0435 \u0432\u0445\u043e\u0434\u0438\u0442 \u0422\u0435\u043b\u0435\u0444\u043e\u043d \u0414\u043e\u0432\u0435\u0440\u0438\u044f \u0420\u0435\u0431\u0435\u043d\u043a\u0430 116 111 \u0438\u0437 \u0420\u0435\u0441\u043f\u0443\u0431\u043b\u0438\u043a\u0438 \u041c\u043e\u043b\u0434\u043e\u0432\u0430, \u043d\u0430\u0447\u0438\u043d\u0430\u044f \u0441 2018 \u0433\u043e\u0434.<\/p>\t\t\t\t\t\t<\/div>\n\t\t\t\t<\/div>\n\t\t\t\t\t<\/div>\n\t\t<\/div>\n\t\t\t\t\t<\/div>\n\t\t<\/section>\n\t\t\t\t<\/div>","protected":false},"excerpt":{"rendered":"<p>Din 4 iunie 2014, copiii din \u021bara noastr\u0103 se pot bucura de existen\u021ba serviciului telefonic &#8211; Telefonul Copilului. Acest serviciu de asisten\u0163\u0103 telefonic\u0103 gratuit\u0103 pentru copii este o linie telefonic\u0103, care urm\u0103re\u0219te scopul de a oferi suport \u00een situa\u021bii de criz\u0103 \u0219i asisten\u021ba necesar\u0103 copiilor \u00een cazurile de \u00eenc\u0103lcare a drepturilor lor. Telefonul Copilului este [&hellip;]<\/p>","protected":false},"author":1,"featured_media":0,"parent":0,"menu_order":0,"comment_status":"closed","ping_status":"closed","template":"","meta":{"inline_featured_image":false,"footnotes":""},"class_list":["post-3660","page","type-page","status-publish","hentry"],"yoast_head":"<!-- This site is optimized with the Yoast SEO Premium plugin v22.1 (Yoast SEO v22.4) - https:\/\/yoast.com\/wordpress\/plugins\/seo\/ -->\n<title>Despre noi - Telefonul Copilului<\/title>\n<meta name=\"robots\" content=\"index, follow, max-snippet:-1, max-image-preview:large, max-video-preview:-1\" \/>\n<link rel=\"canonical\" href=\"https:\/\/telefonulcopilului.md\/ru\/despre-noi\/\" \/>\n<meta property=\"og:locale\" content=\"ru_RU\" \/>\n<meta property=\"og:type\" content=\"article\" \/>\n<meta property=\"og:title\" content=\"Despre noi\" \/>\n<meta property=\"og:description\" content=\"Din 4 iunie 2014, copiii din \u021bara noastr\u0103 se pot bucura de existen\u021ba serviciului telefonic &#8211; Telefonul Copilului. Acest serviciu de asisten\u0163\u0103 telefonic\u0103 gratuit\u0103 pentru copii este o linie telefonic\u0103, care urm\u0103re\u0219te scopul de a oferi suport \u00een situa\u021bii de criz\u0103 \u0219i asisten\u021ba necesar\u0103 copiilor \u00een cazurile de \u00eenc\u0103lcare a drepturilor lor. Telefonul Copilului este [&hellip;]\" \/>\n<meta property=\"og:url\" content=\"https:\/\/telefonulcopilului.md\/ru\/despre-noi\/\" \/>\n<meta property=\"og:site_name\" content=\"Telefonul Copilului\" \/>\n<meta property=\"article:modified_time\" content=\"2023-03-14T10:02:45+00:00\" \/>\n<meta name=\"twitter:card\" content=\"summary_large_image\" \/>\n<meta name=\"twitter:label1\" content=\"\u041f\u0440\u0438\u043c\u0435\u0440\u043d\u043e\u0435 \u0432\u0440\u0435\u043c\u044f \u0434\u043b\u044f \u0447\u0442\u0435\u043d\u0438\u044f\" \/>\n\t<meta name=\"twitter:data1\" content=\"1 \u043c\u0438\u043d\u0443\u0442\u0430\" \/>\n<script type=\"application\/ld+json\" class=\"yoast-schema-graph\">{\"@context\":\"https:\/\/schema.org\",\"@graph\":[{\"@type\":\"WebPage\",\"@id\":\"https:\/\/telefonulcopilului.md\/despre-noi\/\",\"url\":\"https:\/\/telefonulcopilului.md\/despre-noi\/\",\"name\":\"Despre noi - Telefonul Copilului\",\"isPartOf\":{\"@id\":\"https:\/\/telefonulcopilului.md\/#website\"},\"datePublished\":\"2022-11-10T10:22:50+00:00\",\"dateModified\":\"2023-03-14T10:02:45+00:00\",\"breadcrumb\":{\"@id\":\"https:\/\/telefonulcopilului.md\/despre-noi\/#breadcrumb\"},\"inLanguage\":\"ru-RU\",\"potentialAction\":[{\"@type\":\"ReadAction\",\"target\":[\"https:\/\/telefonulcopilului.md\/despre-noi\/\"]}]},{\"@type\":\"BreadcrumbList\",\"@id\":\"https:\/\/telefonulcopilului.md\/despre-noi\/#breadcrumb\",\"itemListElement\":[{\"@type\":\"ListItem\",\"position\":1,\"name\":\"Home\",\"item\":\"https:\/\/telefonulcopilului.md\/\"},{\"@type\":\"ListItem\",\"position\":2,\"name\":\"Despre noi\"}]},{\"@type\":\"WebSite\",\"@id\":\"https:\/\/telefonulcopilului.md\/#website\",\"url\":\"https:\/\/telefonulcopilului.md\/\",\"name\":\"Telefonul Copilului\",\"description\":\"116 111\",\"potentialAction\":[{\"@type\":\"SearchAction\",\"target\":{\"@type\":\"EntryPoint\",\"urlTemplate\":\"https:\/\/telefonulcopilului.md\/?s={search_term_string}\"},\"query-input\":\"required name=search_term_string\"}],\"inLanguage\":\"ru-RU\"}]}<\/script>\n<!-- \/ Yoast SEO Premium plugin. -->","yoast_head_json":{"title":"Despre noi - Telefonul Copilului","robots":{"index":"index","follow":"follow","max-snippet":"max-snippet:-1","max-image-preview":"max-image-preview:large","max-video-preview":"max-video-preview:-1"},"canonical":"https:\/\/telefonulcopilului.md\/ru\/despre-noi\/","og_locale":"ru_RU","og_type":"article","og_title":"Despre noi","og_description":"Din 4 iunie 2014, copiii din \u021bara noastr\u0103 se pot bucura de existen\u021ba serviciului telefonic &#8211; Telefonul Copilului. Acest serviciu de asisten\u0163\u0103 telefonic\u0103 gratuit\u0103 pentru copii este o linie telefonic\u0103, care urm\u0103re\u0219te scopul de a oferi suport \u00een situa\u021bii de criz\u0103 \u0219i asisten\u021ba necesar\u0103 copiilor \u00een cazurile de \u00eenc\u0103lcare a drepturilor lor. Telefonul Copilului este [&hellip;]","og_url":"https:\/\/telefonulcopilului.md\/ru\/despre-noi\/","og_site_name":"Telefonul Copilului","article_modified_time":"2023-03-14T10:02:45+00:00","twitter_card":"summary_large_image","twitter_misc":{"\u041f\u0440\u0438\u043c\u0435\u0440\u043d\u043e\u0435 \u0432\u0440\u0435\u043c\u044f \u0434\u043b\u044f \u0447\u0442\u0435\u043d\u0438\u044f":"1 \u043c\u0438\u043d\u0443\u0442\u0430"},"schema":{"@context":"https:\/\/schema.org","@graph":[{"@type":"WebPage","@id":"https:\/\/telefonulcopilului.md\/despre-noi\/","url":"https:\/\/telefonulcopilului.md\/despre-noi\/","name":"Despre noi - Telefonul Copilului","isPartOf":{"@id":"https:\/\/telefonulcopilului.md\/#website"},"datePublished":"2022-11-10T10:22:50+00:00","dateModified":"2023-03-14T10:02:45+00:00","breadcrumb":{"@id":"https:\/\/telefonulcopilului.md\/despre-noi\/#breadcrumb"},"inLanguage":"ru-RU","potentialAction":[{"@type":"ReadAction","target":["https:\/\/telefonulcopilului.md\/despre-noi\/"]}]},{"@type":"BreadcrumbList","@id":"https:\/\/telefonulcopilului.md\/despre-noi\/#breadcrumb","itemListElement":[{"@type":"ListItem","position":1,"name":"Home","item":"https:\/\/telefonulcopilului.md\/"},{"@type":"ListItem","position":2,"name":"Despre noi"}]},{"@type":"WebSite","@id":"https:\/\/telefonulcopilului.md\/#website","url":"https:\/\/telefonulcopilului.md\/","name":"Telefonul Copilului","description":"116 111","potentialAction":[{"@type":"SearchAction","target":{"@type":"EntryPoint","urlTemplate":"https:\/\/telefonulcopilului.md\/?s={search_term_string}"},"query-input":"required name=search_term_string"}],"inLanguage":"ru-RU"}]}},"_links":{"self":[{"href":"https:\/\/telefonulcopilului.md\/ru\/wp-json\/wp\/v2\/pages\/3660","targetHints":{"allow":["GET"]}}],"collection":[{"href":"https:\/\/telefonulcopilului.md\/ru\/wp-json\/wp\/v2\/pages"}],"about":[{"href":"https:\/\/telefonulcopilului.md\/ru\/wp-json\/wp\/v2\/types\/page"}],"author":[{"embeddable":true,"href":"https:\/\/telefonulcopilului.md\/ru\/wp-json\/wp\/v2\/users\/1"}],"replies":[{"embeddable":true,"href":"https:\/\/telefonulcopilului.md\/ru\/wp-json\/wp\/v2\/comments?post=3660"}],"version-history":[{"count":3,"href":"https:\/\/telefonulcopilului.md\/ru\/wp-json\/wp\/v2\/pages\/3660\/revisions"}],"predecessor-version":[{"id":5534,"href":"https:\/\/telefonulcopilului.md\/ru\/wp-json\/wp\/v2\/pages\/3660\/revisions\/5534"}],"wp:attachment":[{"href":"https:\/\/telefonulcopilului.md\/ru\/wp-json\/wp\/v2\/media?parent=3660"}],"curies":[{"name":"wp","href":"https:\/\/api.w.org\/{rel}","templated":true}]}}